{"id":3135968,"date":"2023-03-20T20:17:07","date_gmt":"2023-03-20T20:17:07","guid":{"rendered":"https:\/\/expertworldtravel.com\/best-esim-allemagne\/"},"modified":"2025-01-05T15:05:43","modified_gmt":"2025-01-05T15:05:43","slug":"esim-allemagne","status":"publish","type":"page","link":"https:\/\/expertworldtravel.com\/fr\/esim-allemagne\/","title":{"rendered":"Meilleure eSIM pour l&rsquo;Allemagne (pr\u00e9pay\u00e9e, donn\u00e9es en ligne)"},"content":{"rendered":"<p>Vous cherchez une eSIM pour l&rsquo;Allemagne ?<\/p>\n<p>Je compare ci-dessous les principaux fournisseurs d&rsquo;eSIM allemands et leurs plans de donn\u00e9es eSIM afin que vous puissiez trouver la meilleure option pour les donn\u00e9es et la connectivit\u00e9 en d\u00e9placement.<\/p>\n<p>Faites d\u00e9filer vers le bas pour trouver la meilleure eSIM pour l&rsquo;Allemagne&#8230;<\/p>\n","protected":false},"excerpt":{"rendered":"<p>Vous cherchez une eSIM pour l&rsquo;Allemagne ? Je compare ci-dessous les principaux fournisseurs d&rsquo;eSIM allemands et leurs plans de donn\u00e9es eSIM afin que vous puissiez trouver la meilleure option pour les donn\u00e9es et la connectivit\u00e9 en d\u00e9placement. Faites d\u00e9filer vers le bas pour trouver la meilleure eSIM pour l&rsquo;Allemagne&#8230;<\/p>\n","protected":false},"author":2,"featured_media":3133696,"parent":0,"menu_order":0,"comment_status":"closed","ping_status":"closed","template":"best-template.php","meta":{"_lmt_disableupdate":"no","_lmt_disable":""},"categories":[600181],"acf":[],"_links":{"self":[{"href":"https:\/\/expertworldtravel.com\/fr\/wp-json\/wp\/v2\/pages\/3135968"}],"collection":[{"href":"https:\/\/expertworldtravel.com\/fr\/wp-json\/wp\/v2\/pages"}],"about":[{"href":"https:\/\/expertworldtravel.com\/fr\/wp-json\/wp\/v2\/types\/page"}],"author":[{"embeddable":true,"href":"https:\/\/expertworldtravel.com\/fr\/wp-json\/wp\/v2\/users\/2"}],"replies":[{"embeddable":true,"href":"https:\/\/expertworldtravel.com\/fr\/wp-json\/wp\/v2\/comments?post=3135968"}],"version-history":[{"count":2,"href":"https:\/\/expertworldtravel.com\/fr\/wp-json\/wp\/v2\/pages\/3135968\/revisions"}],"predecessor-version":[{"id":3142053,"href":"https:\/\/expertworldtravel.com\/fr\/wp-json\/wp\/v2\/pages\/3135968\/revisions\/3142053"}],"wp:featuredmedia":[{"embeddable":true,"href":"https:\/\/expertworldtravel.com\/fr\/wp-json\/wp\/v2\/media\/3133696"}],"wp:attachment":[{"href":"https:\/\/expertworldtravel.com\/fr\/wp-json\/wp\/v2\/media?parent=3135968"}],"wp:term":[{"taxonomy":"category","embeddable":true,"href":"https:\/\/expertworldtravel.com\/fr\/wp-json\/wp\/v2\/categories?post=3135968"}],"curies":[{"name":"wp","href":"https:\/\/api.w.org\/{rel}","templated":true}]}}