{"id":3135975,"date":"2023-04-21T00:40:26","date_gmt":"2023-04-21T00:40:26","guid":{"rendered":"https:\/\/expertworldtravel.com\/best-esim-portugal\/"},"modified":"2025-01-09T15:50:10","modified_gmt":"2025-01-09T15:50:10","slug":"esim-portugal","status":"publish","type":"page","link":"https:\/\/expertworldtravel.com\/fr\/esim-portugal\/","title":{"rendered":"6 Meilleures eSIM pour le Portugal (pratiques et abordables)"},"content":{"rendered":"<p>Vous vous rendez au Portugal et avez besoin d&rsquo;une eSIM pour rester connect\u00e9 ?<\/p>\n<p>Les ESIM sont de plus en plus populaires, et ce pour de bonnes raisons. J&rsquo;ai utilis\u00e9 des eSIM pour obtenir des donn\u00e9es mobiles plus abordables et plus pratiques lorsque je voyageais au Portugal et en Europe.<\/p>\n<p>Mais avec le grand nombre d&rsquo;options disponibles, il peut \u00eatre difficile de savoir quelle eSIM est la meilleure pour votre voyage au Portugal.<\/p>\n<p>C&rsquo;est l\u00e0 que j&rsquo;interviens ! Ci-dessous, je passe en revue les meilleures eSIM pour le Portugal, en examinant leurs forfaits de donn\u00e9es, leur couverture et leurs vitesses de connexion pour vous aider \u00e0 trouver le forfait de donn\u00e9es eSIM id\u00e9al pour votre voyage.<\/p>\n<h2>Conseils pour le choix de votre ESIM<\/h2>\n<p>Apr\u00e8s avoir achet\u00e9 et utilis\u00e9 des dizaines d&rsquo;ESIM, voici une liste de questions que je me pose pour choisir l&rsquo;ESIM id\u00e9al :<\/p>\n<ul>\n<li><strong>Combien de donn\u00e9es<\/strong> allez-vous utiliser pendant votre voyage (illimit\u00e9 ou quelques gigaoctets) ?<\/li>\n<li><strong>Quelle est la dur\u00e9e de votre voyage<\/strong>?<\/li>\n<li>Aurez-vous besoin d&rsquo;un <strong>num\u00e9ro de t\u00e9l\u00e9phone ou d&rsquo;envoyer des SMS<\/strong> pendant votre voyage ?<\/li>\n<\/ul>\n<p>Apr\u00e8s avoir trouv\u00e9 les r\u00e9ponses, vous pouvez rapidement limiter votre choix \u00e0<\/p>\n<ul>\n<li><a href=\"https:\/\/airalo.pxf.io\/vNPN4j\" target=\"_blank\" rel=\"nofollow noopener\">Holafly<\/a> pour des donn\u00e9es illimit\u00e9es (et un num\u00e9ro de t\u00e9l\u00e9phone)<\/li>\n<li><a href=\"https:\/\/airalo.pxf.io\/vNPN4j\" target=\"_blank\" rel=\"nofollow noopener\">Airalo<\/a> ou <a href=\"https:\/\/www.getnomad.app\/en\/portugal-eSIM\/7DAY-1GB-id-315a?rfsn=7045778.947b00\" target=\"_blank\" rel=\"nofollow noopener\">Nomad<\/a> pour les forfaits par Go<\/li>\n<li><a href=\"https:\/\/simoptions.sjv.io\/bOkeQP\" target=\"_blank\" rel=\"nofollow noopener\">Orange<\/a> pour le t\u00e9l\u00e9phone et les SMS avec donn\u00e9es<\/li>\n<\/ul>\n<p>J&rsquo;entre dans le d\u00e9tail de chaque plan ci-dessous, mais c&rsquo;est la version courte de mon exp\u00e9rience de voyage en Europe et d&rsquo;utilisation des ESIM pendant plus d&rsquo;un an.<\/p>\n","protected":false},"excerpt":{"rendered":"<p>Vous vous rendez au Portugal et avez besoin d&rsquo;une eSIM pour rester connect\u00e9 ? Les ESIM sont de plus en plus populaires, et ce pour de bonnes raisons. J&rsquo;ai utilis\u00e9 des eSIM pour obtenir des donn\u00e9es mobiles plus abordables et plus pratiques lorsque je voyageais au Portugal et en Europe. Mais avec le grand nombre [&hellip;]<\/p>\n","protected":false},"author":2,"featured_media":3134001,"parent":0,"menu_order":0,"comment_status":"closed","ping_status":"closed","template":"best-esim-template.php","meta":{"_lmt_disableupdate":"no","_lmt_disable":""},"categories":[600181,600193],"acf":[],"_links":{"self":[{"href":"https:\/\/expertworldtravel.com\/fr\/wp-json\/wp\/v2\/pages\/3135975"}],"collection":[{"href":"https:\/\/expertworldtravel.com\/fr\/wp-json\/wp\/v2\/pages"}],"about":[{"href":"https:\/\/expertworldtravel.com\/fr\/wp-json\/wp\/v2\/types\/page"}],"author":[{"embeddable":true,"href":"https:\/\/expertworldtravel.com\/fr\/wp-json\/wp\/v2\/users\/2"}],"replies":[{"embeddable":true,"href":"https:\/\/expertworldtravel.com\/fr\/wp-json\/wp\/v2\/comments?post=3135975"}],"version-history":[{"count":4,"href":"https:\/\/expertworldtravel.com\/fr\/wp-json\/wp\/v2\/pages\/3135975\/revisions"}],"predecessor-version":[{"id":3142174,"href":"https:\/\/expertworldtravel.com\/fr\/wp-json\/wp\/v2\/pages\/3135975\/revisions\/3142174"}],"wp:featuredmedia":[{"embeddable":true,"href":"https:\/\/expertworldtravel.com\/fr\/wp-json\/wp\/v2\/media\/3134001"}],"wp:attachment":[{"href":"https:\/\/expertworldtravel.com\/fr\/wp-json\/wp\/v2\/media?parent=3135975"}],"wp:term":[{"taxonomy":"category","embeddable":true,"href":"https:\/\/expertworldtravel.com\/fr\/wp-json\/wp\/v2\/categories?post=3135975"}],"curies":[{"name":"wp","href":"https:\/\/api.w.org\/{rel}","templated":true}]}}