{"id":3135977,"date":"2023-04-18T21:23:59","date_gmt":"2023-04-18T21:23:59","guid":{"rendered":"https:\/\/expertworldtravel.com\/best-esim-italy\/"},"modified":"2024-12-23T14:22:57","modified_gmt":"2024-12-23T14:22:57","slug":"esim-italie","status":"publish","type":"page","link":"https:\/\/expertworldtravel.com\/fr\/esim-italie\/","title":{"rendered":"Best eSIM for Italy (Top Options For Travelers)"},"content":{"rendered":"<p>Vous vous demandez quelle est la carte eSIM id\u00e9ale pour votre visite en Italie ?<\/p>\n<p>Fini le temps o\u00f9 l&rsquo;on s&rsquo;inqui\u00e9tait des frais d&rsquo;itin\u00e9rance. Les eSIM sont une option fantastique pour \u00e9conomiser de l&rsquo;argent sur les donn\u00e9es pendant votre s\u00e9jour en Italie.<\/p>\n<p>Mais quelle est la meilleure eSIM pour l&rsquo;Italie ? C&rsquo;est ce que nous sommes venus d\u00e9couvrir.<\/p>\n<p>Nous examinerons les principaux fournisseurs italiens de cartes eSIM, leur couverture, leurs vitesses de connexion et d&rsquo;autres facteurs afin de vous permettre de trouver le meilleur plan de donn\u00e9es eSIM pour vos besoins.<\/p>\n<h2>Meilleurs fournisseurs italiens d&rsquo;eSIM<\/h2>\n","protected":false},"excerpt":{"rendered":"<p>Vous vous demandez quelle est la carte eSIM id\u00e9ale pour votre visite en Italie ? Fini le temps o\u00f9 l&rsquo;on s&rsquo;inqui\u00e9tait des frais d&rsquo;itin\u00e9rance. Les eSIM sont une option fantastique pour \u00e9conomiser de l&rsquo;argent sur les donn\u00e9es pendant votre s\u00e9jour en Italie. Mais quelle est la meilleure eSIM pour l&rsquo;Italie ? C&rsquo;est ce que nous [&hellip;]<\/p>\n","protected":false},"author":2,"featured_media":3133993,"parent":0,"menu_order":0,"comment_status":"closed","ping_status":"closed","template":"best-esim-template.php","meta":{"_lmt_disableupdate":"no","_lmt_disable":""},"categories":[600194,600181],"acf":[],"_links":{"self":[{"href":"https:\/\/expertworldtravel.com\/fr\/wp-json\/wp\/v2\/pages\/3135977"}],"collection":[{"href":"https:\/\/expertworldtravel.com\/fr\/wp-json\/wp\/v2\/pages"}],"about":[{"href":"https:\/\/expertworldtravel.com\/fr\/wp-json\/wp\/v2\/types\/page"}],"author":[{"embeddable":true,"href":"https:\/\/expertworldtravel.com\/fr\/wp-json\/wp\/v2\/users\/2"}],"replies":[{"embeddable":true,"href":"https:\/\/expertworldtravel.com\/fr\/wp-json\/wp\/v2\/comments?post=3135977"}],"version-history":[{"count":4,"href":"https:\/\/expertworldtravel.com\/fr\/wp-json\/wp\/v2\/pages\/3135977\/revisions"}],"predecessor-version":[{"id":3141797,"href":"https:\/\/expertworldtravel.com\/fr\/wp-json\/wp\/v2\/pages\/3135977\/revisions\/3141797"}],"wp:featuredmedia":[{"embeddable":true,"href":"https:\/\/expertworldtravel.com\/fr\/wp-json\/wp\/v2\/media\/3133993"}],"wp:attachment":[{"href":"https:\/\/expertworldtravel.com\/fr\/wp-json\/wp\/v2\/media?parent=3135977"}],"wp:term":[{"taxonomy":"category","embeddable":true,"href":"https:\/\/expertworldtravel.com\/fr\/wp-json\/wp\/v2\/categories?post=3135977"}],"curies":[{"name":"wp","href":"https:\/\/api.w.org\/{rel}","templated":true}]}}