{"id":3135980,"date":"2023-05-30T12:35:32","date_gmt":"2023-05-30T12:35:32","guid":{"rendered":"https:\/\/expertworldtravel.com\/best-esim-ireland\/"},"modified":"2023-08-07T12:30:35","modified_gmt":"2023-08-07T12:30:35","slug":"esim-irlande","status":"publish","type":"page","link":"https:\/\/expertworldtravel.com\/fr\/esim-irlande\/","title":{"rendered":"Meilleure eSIM pour l&rsquo;Irlande (abordable pour les voyageurs)"},"content":{"rendered":"<p>Pr\u00eat \u00e0 obtenir une eSIM pour votre prochain voyage en Irlande ? Il existe d&rsquo;excellents plans eSim, mais la multitude d&rsquo;options peut \u00eatre source de confusion.<\/p>\n<p>Esims est le meilleur moyen d&rsquo;\u00e9viter les frais d&rsquo;itin\u00e9rance des donn\u00e9es, d&rsquo;atterrir avec des donn\u00e9es pr\u00eates \u00e0 l&#8217;emploi et de ne plus se soucier de la connectivit\u00e9 lorsque vous voyagez en Irlande.&nbsp;<\/p>\n<p>Pour vous faciliter la t\u00e2che, nous avons<strong> rassembl\u00e9<\/strong> ci-dessous<strong> les meilleurs eSims pour l&rsquo;Irlande<\/strong>. Il ne vous reste plus qu&rsquo;\u00e0 d\u00e9cider de la <strong>quantit\u00e9 de donn\u00e9es dont vous avez besoin !<\/strong><\/p>\n","protected":false},"excerpt":{"rendered":"<p>Pr\u00eat \u00e0 obtenir une eSIM pour votre prochain voyage en Irlande ? Il existe d&rsquo;excellents plans eSim, mais la multitude d&rsquo;options peut \u00eatre source de confusion. Esims est le meilleur moyen d&rsquo;\u00e9viter les frais d&rsquo;itin\u00e9rance des donn\u00e9es, d&rsquo;atterrir avec des donn\u00e9es pr\u00eates \u00e0 l&#8217;emploi et de ne plus se soucier de la connectivit\u00e9 lorsque vous [&hellip;]<\/p>\n","protected":false},"author":6,"featured_media":3134204,"parent":0,"menu_order":0,"comment_status":"closed","ping_status":"closed","template":"best-esim-template.php","meta":{"_lmt_disableupdate":"no","_lmt_disable":""},"categories":[600195,600181],"acf":[],"_links":{"self":[{"href":"https:\/\/expertworldtravel.com\/fr\/wp-json\/wp\/v2\/pages\/3135980"}],"collection":[{"href":"https:\/\/expertworldtravel.com\/fr\/wp-json\/wp\/v2\/pages"}],"about":[{"href":"https:\/\/expertworldtravel.com\/fr\/wp-json\/wp\/v2\/types\/page"}],"author":[{"embeddable":true,"href":"https:\/\/expertworldtravel.com\/fr\/wp-json\/wp\/v2\/users\/6"}],"replies":[{"embeddable":true,"href":"https:\/\/expertworldtravel.com\/fr\/wp-json\/wp\/v2\/comments?post=3135980"}],"version-history":[{"count":2,"href":"https:\/\/expertworldtravel.com\/fr\/wp-json\/wp\/v2\/pages\/3135980\/revisions"}],"predecessor-version":[{"id":3135984,"href":"https:\/\/expertworldtravel.com\/fr\/wp-json\/wp\/v2\/pages\/3135980\/revisions\/3135984"}],"wp:featuredmedia":[{"embeddable":true,"href":"https:\/\/expertworldtravel.com\/fr\/wp-json\/wp\/v2\/media\/3134204"}],"wp:attachment":[{"href":"https:\/\/expertworldtravel.com\/fr\/wp-json\/wp\/v2\/media?parent=3135980"}],"wp:term":[{"taxonomy":"category","embeddable":true,"href":"https:\/\/expertworldtravel.com\/fr\/wp-json\/wp\/v2\/categories?post=3135980"}],"curies":[{"name":"wp","href":"https:\/\/api.w.org\/{rel}","templated":true}]}}