{"id":3135987,"date":"2023-04-04T15:08:33","date_gmt":"2023-04-04T15:08:33","guid":{"rendered":"https:\/\/expertworldtravel.com\/best-esim-philippines\/"},"modified":"2023-11-26T15:52:58","modified_gmt":"2023-11-26T15:52:58","slug":"meilleure-esim-philippines","status":"publish","type":"page","link":"https:\/\/expertworldtravel.com\/fr\/meilleure-esim-philippines\/","title":{"rendered":"Meilleure eSIM pour les Philippines (forfaits de donn\u00e9es abordables)"},"content":{"rendered":"<p class=\"ifp\">Vous voyagez aux Philippines et vous souhaitez obtenir une eSim pour acc\u00e9der \u00e0 l&rsquo;internet pendant votre s\u00e9jour ? Vous \u00eates au bon endroit, car ce guide d\u00e9taill\u00e9 vous informera sur les meilleurs eSims pour les Philippines !<\/p>\n<p>Que vous restiez dans le pays quelques jours ou quelques mois, il existe au moins un bon plan de donn\u00e9es eSim pour vous. J&rsquo;ai \u00e9galement inclus quelques options pour les cartes sim physiques, au cas o\u00f9 vous seriez ouvert \u00e0 l&rsquo;achat d&rsquo;une carte sim physique, \u00e0 condition qu&rsquo;il s&rsquo;agisse d&rsquo;un bon rapport qualit\u00e9-prix. Dans tous les cas, voici tout ce que vous devez savoir sur la meilleure eSim pour les Philippines !<\/p>\n","protected":false},"excerpt":{"rendered":"<p>Vous voyagez aux Philippines et vous souhaitez obtenir une eSim pour acc\u00e9der \u00e0 l&rsquo;internet pendant votre s\u00e9jour ? Vous \u00eates au bon endroit, car ce guide d\u00e9taill\u00e9 vous informera sur les meilleurs eSims pour les Philippines ! Que vous restiez dans le pays quelques jours ou quelques mois, il existe au moins un bon plan [&hellip;]<\/p>\n","protected":false},"author":2,"featured_media":3133814,"parent":0,"menu_order":0,"comment_status":"closed","ping_status":"closed","template":"best-esim-template.php","meta":{"_lmt_disableupdate":"no","_lmt_disable":""},"categories":[600181,600199],"acf":[],"_links":{"self":[{"href":"https:\/\/expertworldtravel.com\/fr\/wp-json\/wp\/v2\/pages\/3135987"}],"collection":[{"href":"https:\/\/expertworldtravel.com\/fr\/wp-json\/wp\/v2\/pages"}],"about":[{"href":"https:\/\/expertworldtravel.com\/fr\/wp-json\/wp\/v2\/types\/page"}],"author":[{"embeddable":true,"href":"https:\/\/expertworldtravel.com\/fr\/wp-json\/wp\/v2\/users\/2"}],"replies":[{"embeddable":true,"href":"https:\/\/expertworldtravel.com\/fr\/wp-json\/wp\/v2\/comments?post=3135987"}],"version-history":[{"count":2,"href":"https:\/\/expertworldtravel.com\/fr\/wp-json\/wp\/v2\/pages\/3135987\/revisions"}],"predecessor-version":[{"id":3141384,"href":"https:\/\/expertworldtravel.com\/fr\/wp-json\/wp\/v2\/pages\/3135987\/revisions\/3141384"}],"wp:featuredmedia":[{"embeddable":true,"href":"https:\/\/expertworldtravel.com\/fr\/wp-json\/wp\/v2\/media\/3133814"}],"wp:attachment":[{"href":"https:\/\/expertworldtravel.com\/fr\/wp-json\/wp\/v2\/media?parent=3135987"}],"wp:term":[{"taxonomy":"category","embeddable":true,"href":"https:\/\/expertworldtravel.com\/fr\/wp-json\/wp\/v2\/categories?post=3135987"}],"curies":[{"name":"wp","href":"https:\/\/api.w.org\/{rel}","templated":true}]}}