{"id":3135990,"date":"2023-03-24T20:01:52","date_gmt":"2023-03-24T20:01:52","guid":{"rendered":"https:\/\/expertworldtravel.com\/best-esim-australia\/"},"modified":"2024-12-26T12:36:39","modified_gmt":"2024-12-26T12:36:39","slug":"esim-australie","status":"publish","type":"page","link":"https:\/\/expertworldtravel.com\/fr\/esim-australie\/","title":{"rendered":"Meilleure eSIM pour l&rsquo;Australie en 2025 (Internet mobile moins cher)"},"content":{"rendered":"<p>Vous voyagez en Australie et vous avez besoin d&rsquo;une eSim pendant votre s\u00e9jour ? Vous \u00eates au bon endroit car ce guide d\u00e9taill\u00e9 vous aidera \u00e0 trouver la meilleure eSim pour l&rsquo;Australie !<\/p>\n<p>J&rsquo;ai couvert les <a href=\"https:\/\/expertworldtravel.com\/best-esim-international-travel\/\" target=\"_blank\" rel=\"noopener\">fournisseurs d&rsquo;eSIM<\/a> locaux et <a href=\"https:\/\/expertworldtravel.com\/best-esim-international-travel\/\" target=\"_blank\" rel=\"noopener\">internationaux<\/a> et j&rsquo;ai compar\u00e9 les options les plus populaires parmi les voyageurs. Il existe une eSim australienne parfaite pour vous et vous la trouverez sans aucun doute dans ce guide.<\/p>\n","protected":false},"excerpt":{"rendered":"<p>Vous voyagez en Australie et vous avez besoin d&rsquo;une eSim pendant votre s\u00e9jour ? Vous \u00eates au bon endroit car ce guide d\u00e9taill\u00e9 vous aidera \u00e0 trouver la meilleure eSim pour l&rsquo;Australie ! J&rsquo;ai couvert les fournisseurs d&rsquo;eSIM locaux et internationaux et j&rsquo;ai compar\u00e9 les options les plus populaires parmi les voyageurs. Il existe une [&hellip;]<\/p>\n","protected":false},"author":2,"featured_media":3132711,"parent":0,"menu_order":0,"comment_status":"closed","ping_status":"closed","template":"best-esim-template.php","meta":{"_lmt_disableupdate":"no","_lmt_disable":""},"categories":[],"acf":[],"_links":{"self":[{"href":"https:\/\/expertworldtravel.com\/fr\/wp-json\/wp\/v2\/pages\/3135990"}],"collection":[{"href":"https:\/\/expertworldtravel.com\/fr\/wp-json\/wp\/v2\/pages"}],"about":[{"href":"https:\/\/expertworldtravel.com\/fr\/wp-json\/wp\/v2\/types\/page"}],"author":[{"embeddable":true,"href":"https:\/\/expertworldtravel.com\/fr\/wp-json\/wp\/v2\/users\/2"}],"replies":[{"embeddable":true,"href":"https:\/\/expertworldtravel.com\/fr\/wp-json\/wp\/v2\/comments?post=3135990"}],"version-history":[{"count":2,"href":"https:\/\/expertworldtravel.com\/fr\/wp-json\/wp\/v2\/pages\/3135990\/revisions"}],"predecessor-version":[{"id":3141878,"href":"https:\/\/expertworldtravel.com\/fr\/wp-json\/wp\/v2\/pages\/3135990\/revisions\/3141878"}],"wp:featuredmedia":[{"embeddable":true,"href":"https:\/\/expertworldtravel.com\/fr\/wp-json\/wp\/v2\/media\/3132711"}],"wp:attachment":[{"href":"https:\/\/expertworldtravel.com\/fr\/wp-json\/wp\/v2\/media?parent=3135990"}],"wp:term":[{"taxonomy":"category","embeddable":true,"href":"https:\/\/expertworldtravel.com\/fr\/wp-json\/wp\/v2\/categories?post=3135990"}],"curies":[{"name":"wp","href":"https:\/\/api.w.org\/{rel}","templated":true}]}}