{"id":3135999,"date":"2023-04-24T11:04:17","date_gmt":"2023-04-24T11:04:17","guid":{"rendered":"https:\/\/expertworldtravel.com\/best-esim-suisse\/"},"modified":"2024-12-31T10:42:34","modified_gmt":"2024-12-31T10:42:34","slug":"best-esim-suisse","status":"publish","type":"page","link":"https:\/\/expertworldtravel.com\/fr\/best-esim-suisse\/","title":{"rendered":"Meilleure eSIM pour la Suisse (Guide du voyageur)"},"content":{"rendered":"<p>Vous voyagez en Suisse et souhaitez acheter une eSIM pour acc\u00e9der \u00e0 l&rsquo;internet dans le pays ?<br \/>\nVous \u00eates au bon endroit, car ce guide d\u00e9taill\u00e9 vous dira tout sur les meilleurs eSims pour la Suisse !<br \/>\nJ&rsquo;ai r\u00e9pertori\u00e9 les meilleures options des fournisseurs internationaux, ainsi que certains des fournisseurs locaux les plus populaires.<br \/>\nLes forfaits de donn\u00e9es inclus dans ce guide vont de 1 Go \u00e0 des donn\u00e9es illimit\u00e9es, de sorte qu&rsquo;il devrait y avoir au moins quelques options adapt\u00e9es \u00e0 vos besoins de voyage.<br \/>\nJ&rsquo;ai \u00e9galement inclus quelques <a href=\"https:\/\/expertworldtravel.com\/best-esim-europe\/\" target=\"_blank\" rel=\"noopener\">plans eSim avec une couverture r\u00e9gionale en Europe<\/a>, au cas o\u00f9 vos projets de voyage s&rsquo;\u00e9tendent \u00e0 d&rsquo;autres pays que la Suisse. <\/p>\n","protected":false},"excerpt":{"rendered":"<p>Vous voyagez en Suisse et souhaitez acheter une eSIM pour acc\u00e9der \u00e0 l&rsquo;internet dans le pays ? Vous \u00eates au bon endroit, car ce guide d\u00e9taill\u00e9 vous dira tout sur les meilleurs eSims pour la Suisse ! J&rsquo;ai r\u00e9pertori\u00e9 les meilleures options des fournisseurs internationaux, ainsi que certains des fournisseurs locaux les plus populaires. Les [&hellip;]<\/p>\n","protected":false},"author":6,"featured_media":3134011,"parent":0,"menu_order":0,"comment_status":"closed","ping_status":"closed","template":"best-esim-template.php","meta":{"_lmt_disableupdate":"","_lmt_disable":""},"categories":[600181,600200],"acf":[],"_links":{"self":[{"href":"https:\/\/expertworldtravel.com\/fr\/wp-json\/wp\/v2\/pages\/3135999"}],"collection":[{"href":"https:\/\/expertworldtravel.com\/fr\/wp-json\/wp\/v2\/pages"}],"about":[{"href":"https:\/\/expertworldtravel.com\/fr\/wp-json\/wp\/v2\/types\/page"}],"author":[{"embeddable":true,"href":"https:\/\/expertworldtravel.com\/fr\/wp-json\/wp\/v2\/users\/6"}],"replies":[{"embeddable":true,"href":"https:\/\/expertworldtravel.com\/fr\/wp-json\/wp\/v2\/comments?post=3135999"}],"version-history":[{"count":2,"href":"https:\/\/expertworldtravel.com\/fr\/wp-json\/wp\/v2\/pages\/3135999\/revisions"}],"predecessor-version":[{"id":3141987,"href":"https:\/\/expertworldtravel.com\/fr\/wp-json\/wp\/v2\/pages\/3135999\/revisions\/3141987"}],"wp:featuredmedia":[{"embeddable":true,"href":"https:\/\/expertworldtravel.com\/fr\/wp-json\/wp\/v2\/media\/3134011"}],"wp:attachment":[{"href":"https:\/\/expertworldtravel.com\/fr\/wp-json\/wp\/v2\/media?parent=3135999"}],"wp:term":[{"taxonomy":"category","embeddable":true,"href":"https:\/\/expertworldtravel.com\/fr\/wp-json\/wp\/v2\/categories?post=3135999"}],"curies":[{"name":"wp","href":"https:\/\/api.w.org\/{rel}","templated":true}]}}