{"id":3136237,"date":"2023-08-09T12:36:19","date_gmt":"2023-08-09T12:36:19","guid":{"rendered":"https:\/\/expertworldtravel.com\/zimbabwe-esim\/"},"modified":"2023-08-09T12:40:06","modified_gmt":"2023-08-09T12:40:06","slug":"zimbabwe-esim","status":"publish","type":"page","link":"https:\/\/expertworldtravel.com\/fr\/zimbabwe-esim\/","title":{"rendered":"Meilleure eSIM du Zimbabwe (pratique et abordable)"},"content":{"rendered":"<p>Vous pr\u00e9voyez un voyage au Zimbabwe et vous cherchez une eSIM pour rester connect\u00e9 pendant votre s\u00e9jour ?<\/p>\n<p>La popularit\u00e9 des eSIM est en hausse, et il est facile de comprendre pourquoi. Ils constituent un moyen pratique et \u00e9conomique de rester connect\u00e9 aux donn\u00e9es mobiles lors de vos explorations.<\/p>\n<p>Pourtant, avec les nombreuses options disponibles sur le march\u00e9, le choix de la carte eSIM id\u00e9ale pour le Zimbabwe peut sembler d\u00e9courageant.<\/p>\n<p>Ne craignez rien, je suis l\u00e0 pour vous aider ! Dans ce qui suit, je vais explorer les meilleures options eSIM pour le Zimbabwe, en analysant leurs offres de donn\u00e9es, leurs zones de couverture et leurs taux de connexion, afin de vous guider dans le choix d&rsquo;un plan de donn\u00e9es eSIM optimal pour vos besoins de voyage.<\/p>\n","protected":false},"excerpt":{"rendered":"<p>Vous pr\u00e9voyez un voyage au Zimbabwe et vous cherchez une eSIM pour rester connect\u00e9 pendant votre s\u00e9jour ? La popularit\u00e9 des eSIM est en hausse, et il est facile de comprendre pourquoi. Ils constituent un moyen pratique et \u00e9conomique de rester connect\u00e9 aux donn\u00e9es mobiles lors de vos explorations. Pourtant, avec les nombreuses options disponibles [&hellip;]<\/p>\n","protected":false},"author":2,"featured_media":3134001,"parent":0,"menu_order":0,"comment_status":"closed","ping_status":"closed","template":"best-esim-template.php","meta":{"_lmt_disableupdate":"no","_lmt_disable":""},"categories":[600181],"acf":[],"_links":{"self":[{"href":"https:\/\/expertworldtravel.com\/fr\/wp-json\/wp\/v2\/pages\/3136237"}],"collection":[{"href":"https:\/\/expertworldtravel.com\/fr\/wp-json\/wp\/v2\/pages"}],"about":[{"href":"https:\/\/expertworldtravel.com\/fr\/wp-json\/wp\/v2\/types\/page"}],"author":[{"embeddable":true,"href":"https:\/\/expertworldtravel.com\/fr\/wp-json\/wp\/v2\/users\/2"}],"replies":[{"embeddable":true,"href":"https:\/\/expertworldtravel.com\/fr\/wp-json\/wp\/v2\/comments?post=3136237"}],"version-history":[{"count":1,"href":"https:\/\/expertworldtravel.com\/fr\/wp-json\/wp\/v2\/pages\/3136237\/revisions"}],"predecessor-version":[{"id":3136241,"href":"https:\/\/expertworldtravel.com\/fr\/wp-json\/wp\/v2\/pages\/3136237\/revisions\/3136241"}],"wp:featuredmedia":[{"embeddable":true,"href":"https:\/\/expertworldtravel.com\/fr\/wp-json\/wp\/v2\/media\/3134001"}],"wp:attachment":[{"href":"https:\/\/expertworldtravel.com\/fr\/wp-json\/wp\/v2\/media?parent=3136237"}],"wp:term":[{"taxonomy":"category","embeddable":true,"href":"https:\/\/expertworldtravel.com\/fr\/wp-json\/wp\/v2\/categories?post=3136237"}],"curies":[{"name":"wp","href":"https:\/\/api.w.org\/{rel}","templated":true}]}}