{"id":3136338,"date":"2023-08-09T15:30:51","date_gmt":"2023-08-09T15:30:51","guid":{"rendered":"https:\/\/expertworldtravel.com\/taiwan-esim\/"},"modified":"2023-08-10T12:58:44","modified_gmt":"2023-08-10T12:58:44","slug":"taiwan-esim","status":"publish","type":"page","link":"https:\/\/expertworldtravel.com\/fr\/taiwan-esim\/","title":{"rendered":"Meilleures eSIM de Ta\u00efwan (Voyagez avec des donn\u00e9es abordables)"},"content":{"rendered":"<p>Acheter une eSIM pour Ta\u00efwan est une excellente id\u00e9e !<\/p>\n<p>L&rsquo;itin\u00e9rance est beaucoup trop ch\u00e8re et l&rsquo;achat d&rsquo;une carte SIM locale est une exp\u00e9rience p\u00e9nible. C&rsquo;est pourquoi j&rsquo;utilise des eSIM pour voyager depuis des ann\u00e9es.<\/p>\n<p>Il existe un grand nombre d&rsquo;eSIM ta\u00efwanaises pr\u00e9pay\u00e9es faciles \u00e0 utiliser, allant des options \u00e0 court terme aux donn\u00e9es illimit\u00e9es et \u00e0 la 5G. Ta\u00efwan est une puissance technologique, il n&rsquo;est donc pas surprenant qu&rsquo;elle ait tout ce qu&rsquo;il faut.<\/p>\n<p>J&rsquo;ai rassembl\u00e9 ci-dessous toutes les meilleures options eSIM de Ta\u00efwan pour que vous puissiez faire votre choix et je les ai \u00e9galement class\u00e9es dans un tableau pour chaque comparaison ! Alors, qu&rsquo;attendez-vous ? Faites d\u00e9filer la page&#8230;<\/p>\n<div id=\"center_col\" class=\"s6JM6d\">\n<div id=\"botstuff\">\n<div data-hveid=\"CAIQAA\" data-ved=\"2ahUKEwiogaiRgtKAAxVDhP0HHRq0BToQCHoECAIQAA\">\n<div id=\"bres\">\n<div class=\"ULSxyf\">\n<div class=\"MjjYud\">\n<div data-abe=\"\" data-hveid=\"CDwQAA\" data-ved=\"2ahUKEwiogaiRgtKAAxVDhP0HHRq0BToQ26YDegQIPBAA\">\n<div class=\"oIk2Cb\">\n<div class=\"y6Uyqe\">\n<div class=\"EIaa9b\">\n<div class=\"AJLUJb\">\n<div data-hveid=\"CD4QAA\">\n<div class=\"aXBZVd unhzXb\">&nbsp;<\/div>\n<\/div>\n<div data-hveid=\"CEEQAA\">\n<div class=\"s75CSd u60jwe r2fjmd AB4Wff\">&nbsp;<\/div>\n<\/div>\n<\/div>\n<\/div>\n<\/div>\n<\/div>\n<\/div>\n<\/div>\n<\/div>\n<\/div>\n<\/div>\n<\/div>\n<\/div>\n","protected":false},"excerpt":{"rendered":"<p>Acheter une eSIM pour Ta\u00efwan est une excellente id\u00e9e ! L&rsquo;itin\u00e9rance est beaucoup trop ch\u00e8re et l&rsquo;achat d&rsquo;une carte SIM locale est une exp\u00e9rience p\u00e9nible. C&rsquo;est pourquoi j&rsquo;utilise des eSIM pour voyager depuis des ann\u00e9es. Il existe un grand nombre d&rsquo;eSIM ta\u00efwanaises pr\u00e9pay\u00e9es faciles \u00e0 utiliser, allant des options \u00e0 court terme aux donn\u00e9es illimit\u00e9es [&hellip;]<\/p>\n","protected":false},"author":2,"featured_media":0,"parent":0,"menu_order":0,"comment_status":"closed","ping_status":"closed","template":"best-esim-template.php","meta":{"_lmt_disableupdate":"no","_lmt_disable":""},"categories":[600181,600193],"acf":[],"_links":{"self":[{"href":"https:\/\/expertworldtravel.com\/fr\/wp-json\/wp\/v2\/pages\/3136338"}],"collection":[{"href":"https:\/\/expertworldtravel.com\/fr\/wp-json\/wp\/v2\/pages"}],"about":[{"href":"https:\/\/expertworldtravel.com\/fr\/wp-json\/wp\/v2\/types\/page"}],"author":[{"embeddable":true,"href":"https:\/\/expertworldtravel.com\/fr\/wp-json\/wp\/v2\/users\/2"}],"replies":[{"embeddable":true,"href":"https:\/\/expertworldtravel.com\/fr\/wp-json\/wp\/v2\/comments?post=3136338"}],"version-history":[{"count":2,"href":"https:\/\/expertworldtravel.com\/fr\/wp-json\/wp\/v2\/pages\/3136338\/revisions"}],"predecessor-version":[{"id":3136341,"href":"https:\/\/expertworldtravel.com\/fr\/wp-json\/wp\/v2\/pages\/3136338\/revisions\/3136341"}],"wp:attachment":[{"href":"https:\/\/expertworldtravel.com\/fr\/wp-json\/wp\/v2\/media?parent=3136338"}],"wp:term":[{"taxonomy":"category","embeddable":true,"href":"https:\/\/expertworldtravel.com\/fr\/wp-json\/wp\/v2\/categories?post=3136338"}],"curies":[{"name":"wp","href":"https:\/\/api.w.org\/{rel}","templated":true}]}}