{"id":3136450,"date":"2023-08-15T09:48:26","date_gmt":"2023-08-15T09:48:26","guid":{"rendered":"https:\/\/expertworldtravel.com\/best-esim-pologne\/"},"modified":"2024-12-31T15:25:44","modified_gmt":"2024-12-31T15:25:44","slug":"esim-pologne","status":"publish","type":"page","link":"https:\/\/expertworldtravel.com\/fr\/esim-pologne\/","title":{"rendered":"Meilleure eSIM pour la Pologne (compar\u00e9e pour vous)"},"content":{"rendered":"<p>Besoin d&rsquo;un ESIM pour votre voyage en Pologne ou \u00e0 Varsovie ? Vous \u00eates au bon endroit !<\/p>\n<p>Ce guide vous pr\u00e9sentera les principales options eSIM disponibles en Pologne.<\/p>\n<p>Que vous cherchiez un acc\u00e8s internet pour un jour ou un mois entier, il y a un forfait eSIM pour la Pologne qui vous attend. Certains forfaits comprennent m\u00eame des options de texte et d&rsquo;appel, ce qui n&rsquo;est pas toujours le cas des eSIM.<\/p>\n<p>Ce guide compare les principaux fournisseurs d&rsquo;eSIM pour la Pologne, afin que vous puissiez gagner du temps et trouver celui qui vous convient. D\u00e9couvrez les meilleures options eSIM pour votre voyage en Pologne !<\/p>\n","protected":false},"excerpt":{"rendered":"<p>Besoin d&rsquo;un ESIM pour votre voyage en Pologne ou \u00e0 Varsovie ? Vous \u00eates au bon endroit ! Ce guide vous pr\u00e9sentera les principales options eSIM disponibles en Pologne. Que vous cherchiez un acc\u00e8s internet pour un jour ou un mois entier, il y a un forfait eSIM pour la Pologne qui vous attend. Certains [&hellip;]<\/p>\n","protected":false},"author":2,"featured_media":0,"parent":0,"menu_order":0,"comment_status":"closed","ping_status":"closed","template":"best-esim-template.php","meta":{"_lmt_disableupdate":"no","_lmt_disable":""},"categories":[600209],"acf":[],"_links":{"self":[{"href":"https:\/\/expertworldtravel.com\/fr\/wp-json\/wp\/v2\/pages\/3136450"}],"collection":[{"href":"https:\/\/expertworldtravel.com\/fr\/wp-json\/wp\/v2\/pages"}],"about":[{"href":"https:\/\/expertworldtravel.com\/fr\/wp-json\/wp\/v2\/types\/page"}],"author":[{"embeddable":true,"href":"https:\/\/expertworldtravel.com\/fr\/wp-json\/wp\/v2\/users\/2"}],"replies":[{"embeddable":true,"href":"https:\/\/expertworldtravel.com\/fr\/wp-json\/wp\/v2\/comments?post=3136450"}],"version-history":[{"count":1,"href":"https:\/\/expertworldtravel.com\/fr\/wp-json\/wp\/v2\/pages\/3136450\/revisions"}],"predecessor-version":[{"id":3136452,"href":"https:\/\/expertworldtravel.com\/fr\/wp-json\/wp\/v2\/pages\/3136450\/revisions\/3136452"}],"wp:attachment":[{"href":"https:\/\/expertworldtravel.com\/fr\/wp-json\/wp\/v2\/media?parent=3136450"}],"wp:term":[{"taxonomy":"category","embeddable":true,"href":"https:\/\/expertworldtravel.com\/fr\/wp-json\/wp\/v2\/categories?post=3136450"}],"curies":[{"name":"wp","href":"https:\/\/api.w.org\/{rel}","templated":true}]}}