{"id":3136455,"date":"2023-03-20T13:26:49","date_gmt":"2023-03-20T13:26:49","guid":{"rendered":"https:\/\/expertworldtravel.com\/best-esim-belgique\/"},"modified":"2025-01-21T09:59:38","modified_gmt":"2025-01-21T09:59:38","slug":"esim-belgique","status":"publish","type":"page","link":"https:\/\/expertworldtravel.com\/fr\/esim-belgique\/","title":{"rendered":"Meilleure eSIM pour la Belgique (Voyagez facilement)"},"content":{"rendered":"<p>Vous voyagez en Belgique et vous souhaitez obtenir une eSIM ? Dans ce cas, vous \u00eates au bon endroit, car ce guide vous pr\u00e9sentera les meilleures options eSim pour la Belgique !<\/p>\n<p>Que vous ayez besoin d&rsquo;un acc\u00e8s Internet pour un jour ou pour un mois, il y a au moins un forfait eSIM belge id\u00e9al pour vous. Certaines d&rsquo;entre elles incluent m\u00eame les textes et les appels t\u00e9l\u00e9phoniques, ce qui est rare pour les eSIM.<\/p>\n<p>Ce guide couvre tous les <a href=\"https:\/\/expertworldtravel.com\/best-esim-europe\/\" target=\"_blank\" rel=\"noopener\">principaux fournisseurs d&rsquo;eSIM pour l&rsquo;Europe<\/a> qui proposent des eSIM pour la Belgique, ainsi que quelques fournisseurs locaux dans le pays qui vendent principalement des cartes sim physiques pour les touristes. Dans tous les cas, voici tout ce que vous devez savoir sur la meilleure eSim pour la Belgique !<\/p>\n","protected":false},"excerpt":{"rendered":"<p>Vous voyagez en Belgique et vous souhaitez obtenir une eSIM ? Dans ce cas, vous \u00eates au bon endroit, car ce guide vous pr\u00e9sentera les meilleures options eSim pour la Belgique ! Que vous ayez besoin d&rsquo;un acc\u00e8s Internet pour un jour ou pour un mois, il y a au moins un forfait eSIM belge [&hellip;]<\/p>\n","protected":false},"author":2,"featured_media":3133606,"parent":0,"menu_order":0,"comment_status":"closed","ping_status":"closed","template":"best-esim-template.php","meta":{"_lmt_disableupdate":"no","_lmt_disable":""},"categories":[],"acf":[],"_links":{"self":[{"href":"https:\/\/expertworldtravel.com\/fr\/wp-json\/wp\/v2\/pages\/3136455"}],"collection":[{"href":"https:\/\/expertworldtravel.com\/fr\/wp-json\/wp\/v2\/pages"}],"about":[{"href":"https:\/\/expertworldtravel.com\/fr\/wp-json\/wp\/v2\/types\/page"}],"author":[{"embeddable":true,"href":"https:\/\/expertworldtravel.com\/fr\/wp-json\/wp\/v2\/users\/2"}],"replies":[{"embeddable":true,"href":"https:\/\/expertworldtravel.com\/fr\/wp-json\/wp\/v2\/comments?post=3136455"}],"version-history":[{"count":1,"href":"https:\/\/expertworldtravel.com\/fr\/wp-json\/wp\/v2\/pages\/3136455\/revisions"}],"predecessor-version":[{"id":3136456,"href":"https:\/\/expertworldtravel.com\/fr\/wp-json\/wp\/v2\/pages\/3136455\/revisions\/3136456"}],"wp:featuredmedia":[{"embeddable":true,"href":"https:\/\/expertworldtravel.com\/fr\/wp-json\/wp\/v2\/media\/3133606"}],"wp:attachment":[{"href":"https:\/\/expertworldtravel.com\/fr\/wp-json\/wp\/v2\/media?parent=3136455"}],"wp:term":[{"taxonomy":"category","embeddable":true,"href":"https:\/\/expertworldtravel.com\/fr\/wp-json\/wp\/v2\/categories?post=3136455"}],"curies":[{"name":"wp","href":"https:\/\/api.w.org\/{rel}","templated":true}]}}