{"id":3136459,"date":"2023-08-03T15:23:21","date_gmt":"2023-08-03T15:23:21","guid":{"rendered":"https:\/\/expertworldtravel.com\/bangkok-esims\/"},"modified":"2023-08-15T10:08:20","modified_gmt":"2023-08-15T10:08:20","slug":"bangkok-esims","status":"publish","type":"page","link":"https:\/\/expertworldtravel.com\/fr\/bangkok-esims\/","title":{"rendered":"eSIMs de Bangkok : Le meilleur pour les donn\u00e9es \u00e0 bas prix"},"content":{"rendered":"<p>Se procurer une carte eSIM avant d&rsquo;arriver \u00e0 Bangkok est un excellent moyen de rester connect\u00e9 pendant votre s\u00e9jour.<\/p>\n<p>Fini le temps o\u00f9 l&rsquo;on se battait pour obtenir des donn\u00e9es ou o\u00f9 l&rsquo;on devait payer des frais d&rsquo;itin\u00e9rance exorbitants. Les ESIM rendent la vie tellement plus facile et moins ch\u00e8re et je ne reviendrai jamais en arri\u00e8re, c&rsquo;est certain.<\/p>\n<p>Alors, que vous souhaitiez des donn\u00e9es illimit\u00e9es ou seulement quelques Go, j&rsquo;ai trouv\u00e9 les meilleures eSIM de Bangkok pour vous ci-dessous.<\/p>\n","protected":false},"excerpt":{"rendered":"<p>Se procurer une carte eSIM avant d&rsquo;arriver \u00e0 Bangkok est un excellent moyen de rester connect\u00e9 pendant votre s\u00e9jour. Fini le temps o\u00f9 l&rsquo;on se battait pour obtenir des donn\u00e9es ou o\u00f9 l&rsquo;on devait payer des frais d&rsquo;itin\u00e9rance exorbitants. Les ESIM rendent la vie tellement plus facile et moins ch\u00e8re et je ne reviendrai jamais [&hellip;]<\/p>\n","protected":false},"author":2,"featured_media":0,"parent":0,"menu_order":0,"comment_status":"closed","ping_status":"closed","template":"best-template.php","meta":{"_lmt_disableupdate":"","_lmt_disable":""},"categories":[600185,600181],"acf":[],"_links":{"self":[{"href":"https:\/\/expertworldtravel.com\/fr\/wp-json\/wp\/v2\/pages\/3136459"}],"collection":[{"href":"https:\/\/expertworldtravel.com\/fr\/wp-json\/wp\/v2\/pages"}],"about":[{"href":"https:\/\/expertworldtravel.com\/fr\/wp-json\/wp\/v2\/types\/page"}],"author":[{"embeddable":true,"href":"https:\/\/expertworldtravel.com\/fr\/wp-json\/wp\/v2\/users\/2"}],"replies":[{"embeddable":true,"href":"https:\/\/expertworldtravel.com\/fr\/wp-json\/wp\/v2\/comments?post=3136459"}],"version-history":[{"count":0,"href":"https:\/\/expertworldtravel.com\/fr\/wp-json\/wp\/v2\/pages\/3136459\/revisions"}],"wp:attachment":[{"href":"https:\/\/expertworldtravel.com\/fr\/wp-json\/wp\/v2\/media?parent=3136459"}],"wp:term":[{"taxonomy":"category","embeddable":true,"href":"https:\/\/expertworldtravel.com\/fr\/wp-json\/wp\/v2\/categories?post=3136459"}],"curies":[{"name":"wp","href":"https:\/\/api.w.org\/{rel}","templated":true}]}}