{"id":3136465,"date":"2023-04-27T16:16:50","date_gmt":"2023-04-27T16:16:50","guid":{"rendered":"https:\/\/expertworldtravel.com\/best-esim-africa\/"},"modified":"2025-01-02T15:16:55","modified_gmt":"2025-01-02T15:16:55","slug":"esim-afrique","status":"publish","type":"page","link":"https:\/\/expertworldtravel.com\/fr\/esim-afrique\/","title":{"rendered":"Meilleure eSIM pour l&rsquo;Afrique (donn\u00e9es de voyage pr\u00e9pay\u00e9es)"},"content":{"rendered":"<p>Si vous pr\u00e9voyez de voyager en Afrique et de vous d\u00e9placer dans plusieurs pays africains, comment comptez-vous rester connect\u00e9 ?<\/p>\n<p>Vous pourriez utiliser l&rsquo;itin\u00e9rance des donn\u00e9es, mais c&rsquo;est beaucoup trop cher. Acheter une nouvelle carte SIM physique \u00e0 chaque fois que l&rsquo;on franchit une fronti\u00e8re pourrait fonctionner, mais c&rsquo;est tr\u00e8s compliqu\u00e9. Peut-\u00eatre qu&rsquo;une carte eSIM pour l&rsquo;Afrique est la meilleure solution ? C&rsquo;est en tout cas ce que je pense.<\/p>\n<p>Avec une eSIM pour l&rsquo;Afrique, vous pouvez utiliser une carte SIM et un plan de donn\u00e9es dans de nombreux pays africains, ce qui vous permet de rester connect\u00e9 en toute simplicit\u00e9. Mais quelle eSim choisir ?<\/p>\n<p>Rejoignez-moi pour passer en revue toutes les eSIM africaines les plus performantes afin que vous puissiez trouver la meilleure eSIM pour l&rsquo;Afrique \u00e0 utiliser lors de vos voyages.<\/p>\n","protected":false},"excerpt":{"rendered":"<p>Si vous pr\u00e9voyez de voyager en Afrique et de vous d\u00e9placer dans plusieurs pays africains, comment comptez-vous rester connect\u00e9 ? Vous pourriez utiliser l&rsquo;itin\u00e9rance des donn\u00e9es, mais c&rsquo;est beaucoup trop cher. Acheter une nouvelle carte SIM physique \u00e0 chaque fois que l&rsquo;on franchit une fronti\u00e8re pourrait fonctionner, mais c&rsquo;est tr\u00e8s compliqu\u00e9. Peut-\u00eatre qu&rsquo;une carte eSIM [&hellip;]<\/p>\n","protected":false},"author":2,"featured_media":3134086,"parent":0,"menu_order":0,"comment_status":"closed","ping_status":"closed","template":"best-esim-template.php","meta":{"_lmt_disableupdate":"no","_lmt_disable":""},"categories":[600212,600181],"acf":[],"_links":{"self":[{"href":"https:\/\/expertworldtravel.com\/fr\/wp-json\/wp\/v2\/pages\/3136465"}],"collection":[{"href":"https:\/\/expertworldtravel.com\/fr\/wp-json\/wp\/v2\/pages"}],"about":[{"href":"https:\/\/expertworldtravel.com\/fr\/wp-json\/wp\/v2\/types\/page"}],"author":[{"embeddable":true,"href":"https:\/\/expertworldtravel.com\/fr\/wp-json\/wp\/v2\/users\/2"}],"replies":[{"embeddable":true,"href":"https:\/\/expertworldtravel.com\/fr\/wp-json\/wp\/v2\/comments?post=3136465"}],"version-history":[{"count":2,"href":"https:\/\/expertworldtravel.com\/fr\/wp-json\/wp\/v2\/pages\/3136465\/revisions"}],"predecessor-version":[{"id":3138258,"href":"https:\/\/expertworldtravel.com\/fr\/wp-json\/wp\/v2\/pages\/3136465\/revisions\/3138258"}],"wp:featuredmedia":[{"embeddable":true,"href":"https:\/\/expertworldtravel.com\/fr\/wp-json\/wp\/v2\/media\/3134086"}],"wp:attachment":[{"href":"https:\/\/expertworldtravel.com\/fr\/wp-json\/wp\/v2\/media?parent=3136465"}],"wp:term":[{"taxonomy":"category","embeddable":true,"href":"https:\/\/expertworldtravel.com\/fr\/wp-json\/wp\/v2\/categories?post=3136465"}],"curies":[{"name":"wp","href":"https:\/\/api.w.org\/{rel}","templated":true}]}}