{"id":3136482,"date":"2023-08-15T10:58:13","date_gmt":"2023-08-15T10:58:13","guid":{"rendered":"https:\/\/expertworldtravel.com\/meilleur-hong-kong-esim\/"},"modified":"2023-08-15T11:02:34","modified_gmt":"2023-08-15T11:02:34","slug":"hong-kong-esim","status":"publish","type":"page","link":"https:\/\/expertworldtravel.com\/fr\/hong-kong-esim\/","title":{"rendered":"Meilleures eSIM de Hong Kong (compar\u00e9es en 2023)"},"content":{"rendered":"<p>Acheter une carte eSIM de Hong Kong avant de voyager est une excellente id\u00e9e !<\/p>\n<p>L&rsquo;itin\u00e9rance est incroyablement ch\u00e8re de nos jours, et l&rsquo;achat d&rsquo;une carte SIM \u00e0 l&rsquo;arriv\u00e9e est une exp\u00e9rience ennuyeuse. C&rsquo;est pourquoi j&rsquo;utilise des eSIM depuis des ann\u00e9es.<\/p>\n<p>De nombreuses eSIM de Hong Kong sont propos\u00e9es aujourd&rsquo;hui &#8211; des options \u00e0 court terme aux donn\u00e9es illimit\u00e9es en passant par la 5G. Et comme Hong Kong est un pays tr\u00e8s technologique, vous savez que les donn\u00e9es seront \u00e9galement rapides.<\/p>\n<p>J&rsquo;ai rassembl\u00e9 ci-dessous les meilleures eSIM de Hong Kong afin que vous puissiez les comparer et choisir l&rsquo;option qui vous convient le mieux.<\/p>\n<div id=\"center_col\" class=\"s6JM6d\">\n<div id=\"botstuff\">\n<div data-hveid=\"CAIQAA\" data-ved=\"2ahUKEwiogaiRgtKAAxVDhP0HHRq0BToQCHoECAIQAA\">\n<div id=\"bres\">\n<div class=\"ULSxyf\">\n<div class=\"MjjYud\">\n<div data-abe=\"\" data-hveid=\"CDwQAA\" data-ved=\"2ahUKEwiogaiRgtKAAxVDhP0HHRq0BToQ26YDegQIPBAA\">\n<div class=\"oIk2Cb\">\n<div class=\"y6Uyqe\">\n<div class=\"EIaa9b\">\n<div class=\"AJLUJb\">\n<div data-hveid=\"CD4QAA\">\n<div class=\"aXBZVd unhzXb\">&nbsp;<\/div>\n<\/div>\n<div data-hveid=\"CEEQAA\">\n<div class=\"s75CSd u60jwe r2fjmd AB4Wff\">&nbsp;<\/div>\n<\/div>\n<\/div>\n<\/div>\n<\/div>\n<\/div>\n<\/div>\n<\/div>\n<\/div>\n<\/div>\n<\/div>\n<\/div>\n<\/div>\n","protected":false},"excerpt":{"rendered":"<p>Acheter une carte eSIM de Hong Kong avant de voyager est une excellente id\u00e9e ! L&rsquo;itin\u00e9rance est incroyablement ch\u00e8re de nos jours, et l&rsquo;achat d&rsquo;une carte SIM \u00e0 l&rsquo;arriv\u00e9e est une exp\u00e9rience ennuyeuse. C&rsquo;est pourquoi j&rsquo;utilise des eSIM depuis des ann\u00e9es. De nombreuses eSIM de Hong Kong sont propos\u00e9es aujourd&rsquo;hui &#8211; des options \u00e0 court [&hellip;]<\/p>\n","protected":false},"author":2,"featured_media":0,"parent":0,"menu_order":0,"comment_status":"closed","ping_status":"closed","template":"best-esim-template.php","meta":{"_lmt_disableupdate":"no","_lmt_disable":""},"categories":[600181],"acf":[],"_links":{"self":[{"href":"https:\/\/expertworldtravel.com\/fr\/wp-json\/wp\/v2\/pages\/3136482"}],"collection":[{"href":"https:\/\/expertworldtravel.com\/fr\/wp-json\/wp\/v2\/pages"}],"about":[{"href":"https:\/\/expertworldtravel.com\/fr\/wp-json\/wp\/v2\/types\/page"}],"author":[{"embeddable":true,"href":"https:\/\/expertworldtravel.com\/fr\/wp-json\/wp\/v2\/users\/2"}],"replies":[{"embeddable":true,"href":"https:\/\/expertworldtravel.com\/fr\/wp-json\/wp\/v2\/comments?post=3136482"}],"version-history":[{"count":1,"href":"https:\/\/expertworldtravel.com\/fr\/wp-json\/wp\/v2\/pages\/3136482\/revisions"}],"predecessor-version":[{"id":3136483,"href":"https:\/\/expertworldtravel.com\/fr\/wp-json\/wp\/v2\/pages\/3136482\/revisions\/3136483"}],"wp:attachment":[{"href":"https:\/\/expertworldtravel.com\/fr\/wp-json\/wp\/v2\/media?parent=3136482"}],"wp:term":[{"taxonomy":"category","embeddable":true,"href":"https:\/\/expertworldtravel.com\/fr\/wp-json\/wp\/v2\/categories?post=3136482"}],"curies":[{"name":"wp","href":"https:\/\/api.w.org\/{rel}","templated":true}]}}