{"id":3136687,"date":"2023-03-20T21:56:45","date_gmt":"2023-03-20T21:56:45","guid":{"rendered":"https:\/\/expertworldtravel.com\/best-esim-france\/"},"modified":"2024-12-28T18:25:54","modified_gmt":"2024-12-28T18:25:54","slug":"esim-france","status":"publish","type":"page","link":"https:\/\/expertworldtravel.com\/fr\/esim-france\/","title":{"rendered":"Meilleures eSIMs pour les donn\u00e9es de voyage en France (Comment choisir)"},"content":{"rendered":"<p>L&rsquo;achat d&rsquo;une carte eSIM pour la France peut \u00eatre un peu d\u00e9routant.<\/p>\n<p>Certes, les eSIM sont faciles \u00e0 utiliser et vous permettent d&rsquo;\u00e9conomiser beaucoup d&rsquo;argent, mais il est parfois difficile de savoir laquelle est la meilleure, car il existe de nombreux fournisseurs de eSIM en France. J&rsquo;ai v\u00e9cu en Europe pendant plus de 22 ans et j&rsquo;ai voyag\u00e9 sur tout le continent. Apr\u00e8s avoir d\u00e9couvert les eSIM, je n&rsquo;ai jamais regard\u00e9 en arri\u00e8re. D&rsquo;apr\u00e8s mon exp\u00e9rience, elles vous font gagner beaucoup de temps et d&rsquo;argent, surtout lorsque vous visitez de nombreux pays. Si vous pr\u00e9voyez de voyager en Europe, lisez <a href=\"https:\/\/expertworldtravel.com\/best-esim-europe\/\" target=\"_blank\" rel=\"noopener\">mon guide des eSIM europ\u00e9ennes<\/a>. Les prix sont comparables, mais vous pouvez conserver la m\u00eame eSIM et l&rsquo;utiliser partout o\u00f9 vous allez ! Dans ce guide, je veux vous aider \u00e0 trouver les meilleures eSIM pour la France afin que vous puissiez continuer votre voyage.<\/p>\n<h2>Choisir votre eSIM pour la France<\/h2>\n<p>J&rsquo;ai utilis\u00e9 de nombreuses eSIM lors de mes voyages en Europe et je pense qu&rsquo;il est utile de r\u00e9partir votre choix d&rsquo;eSIM de cette mani\u00e8re :<\/p>\n<h3>Quantit\u00e9 de donn\u00e9es<\/h3>\n<p>D\u00e9cidez de la quantit\u00e9 de donn\u00e9es que vous allez utiliser pendant votre s\u00e9jour en France. (Avez-vous le wifi \u00e0 l&rsquo;h\u00f4tel ou \u00e0 l&rsquo;Airbnb, avez-vous besoin de travailler avec votre t\u00e9l\u00e9phone ?) <\/p>\n<h3>Dur\u00e9e de votre s\u00e9jour<\/h3>\n<p>La plupart des plans sont de 5, 7, 10, 15 ou 30 jours, selon le fournisseur. Les plans plus longs sont souvent un peu plus chers. <\/p>\n<h3>Appels et SMS<\/h3>\n<p>Vous pouvez conserver votre num\u00e9ro de t\u00e9l\u00e9phone fixe, mais les appels vers votre pays d&rsquo;origine risquent de co\u00fbter cher. Peu de fournisseurs de cartes eSIM proposent des appels, et encore moins des SMS. Envisagez d&rsquo;installer WhatsApp ou Signal pour envoyer des messages via les donn\u00e9es au lieu des SMS, qui co\u00fbtent g\u00e9n\u00e9ralement de l&rsquo;argent. <\/p>\n<h3>Partager vos donn\u00e9es<\/h3>\n<p>Allez-vous partager vos donn\u00e9es (avec quelqu&rsquo;un d&rsquo;autre ou un autre appareil) ? Sachez que les fournisseurs comme <a href=\"https:\/\/holafly.sjv.io\/6ykr3V\" target=\"_blank\" rel=\"noopener\">Holafly<\/a> n&rsquo;autorisent pas beaucoup le partage des donn\u00e9es. En g\u00e9n\u00e9ral, les autres le font.  <\/p>\n","protected":false},"excerpt":{"rendered":"<p>L&rsquo;achat d&rsquo;une carte eSIM pour la France peut \u00eatre un peu d\u00e9routant. Certes, les eSIM sont faciles \u00e0 utiliser et vous permettent d&rsquo;\u00e9conomiser beaucoup d&rsquo;argent, mais il est parfois difficile de savoir laquelle est la meilleure, car il existe de nombreux fournisseurs de eSIM en France. J&rsquo;ai v\u00e9cu en Europe pendant plus de 22 ans [&hellip;]<\/p>\n","protected":false},"author":2,"featured_media":3133704,"parent":0,"menu_order":0,"comment_status":"closed","ping_status":"closed","template":"best-template.php","meta":{"_lmt_disableupdate":"no","_lmt_disable":""},"categories":[600181],"acf":[],"_links":{"self":[{"href":"https:\/\/expertworldtravel.com\/fr\/wp-json\/wp\/v2\/pages\/3136687"}],"collection":[{"href":"https:\/\/expertworldtravel.com\/fr\/wp-json\/wp\/v2\/pages"}],"about":[{"href":"https:\/\/expertworldtravel.com\/fr\/wp-json\/wp\/v2\/types\/page"}],"author":[{"embeddable":true,"href":"https:\/\/expertworldtravel.com\/fr\/wp-json\/wp\/v2\/users\/2"}],"replies":[{"embeddable":true,"href":"https:\/\/expertworldtravel.com\/fr\/wp-json\/wp\/v2\/comments?post=3136687"}],"version-history":[{"count":3,"href":"https:\/\/expertworldtravel.com\/fr\/wp-json\/wp\/v2\/pages\/3136687\/revisions"}],"predecessor-version":[{"id":3141955,"href":"https:\/\/expertworldtravel.com\/fr\/wp-json\/wp\/v2\/pages\/3136687\/revisions\/3141955"}],"wp:featuredmedia":[{"embeddable":true,"href":"https:\/\/expertworldtravel.com\/fr\/wp-json\/wp\/v2\/media\/3133704"}],"wp:attachment":[{"href":"https:\/\/expertworldtravel.com\/fr\/wp-json\/wp\/v2\/media?parent=3136687"}],"wp:term":[{"taxonomy":"category","embeddable":true,"href":"https:\/\/expertworldtravel.com\/fr\/wp-json\/wp\/v2\/categories?post=3136687"}],"curies":[{"name":"wp","href":"https:\/\/api.w.org\/{rel}","templated":true}]}}