{"id":3136697,"date":"2023-04-13T11:51:24","date_gmt":"2023-04-13T11:51:24","guid":{"rendered":"https:\/\/expertworldtravel.com\/best-esim-south-america\/"},"modified":"2024-12-20T12:42:31","modified_gmt":"2024-12-20T12:42:31","slug":"best-esim-south-america","status":"publish","type":"page","link":"https:\/\/expertworldtravel.com\/fr\/best-esim-south-america\/","title":{"rendered":"Meilleure eSim pour l&rsquo;Am\u00e9rique du Sud (Guide d\u00e9taill\u00e9)"},"content":{"rendered":"<p>Vous voyagez en Am\u00e9rique du Sud et vous voulez une eSim pour acc\u00e9der \u00e0 l&rsquo;internet pendant votre s\u00e9jour ?<br \/>\nAlors vous \u00eates au bon endroit, car ce guide d\u00e9taill\u00e9 vous indiquera les meilleurs fournisseurs pour un eSim en Am\u00e9rique du Sud.<br \/>\nJ&rsquo;ai inclus les principaux fournisseurs internationaux d&rsquo;eSim, avec des forfaits allant de 100 MB \u00e0 des donn\u00e9es illimit\u00e9es.<br \/>\nIl y a une option d\u00e9cente pour tout le monde dans ce guide <strong>eSim Am\u00e9rique du Sud<\/strong>, et si vous continuez \u00e0 faire d\u00e9filer, vous trouverez au moins deux plans de donn\u00e9es qui sont parfaits pour vos besoins de voyage ! <\/p>\n","protected":false},"excerpt":{"rendered":"<p>Vous voyagez en Am\u00e9rique du Sud et vous voulez une eSim pour acc\u00e9der \u00e0 l&rsquo;internet pendant votre s\u00e9jour ? Alors vous \u00eates au bon endroit, car ce guide d\u00e9taill\u00e9 vous indiquera les meilleurs fournisseurs pour un eSim en Am\u00e9rique du Sud. J&rsquo;ai inclus les principaux fournisseurs internationaux d&rsquo;eSim, avec des forfaits allant de 100 MB [&hellip;]<\/p>\n","protected":false},"author":6,"featured_media":3133963,"parent":0,"menu_order":0,"comment_status":"closed","ping_status":"closed","template":"best-esim-template.php","meta":{"_lmt_disableupdate":"no","_lmt_disable":""},"categories":[600181],"acf":[],"_links":{"self":[{"href":"https:\/\/expertworldtravel.com\/fr\/wp-json\/wp\/v2\/pages\/3136697"}],"collection":[{"href":"https:\/\/expertworldtravel.com\/fr\/wp-json\/wp\/v2\/pages"}],"about":[{"href":"https:\/\/expertworldtravel.com\/fr\/wp-json\/wp\/v2\/types\/page"}],"author":[{"embeddable":true,"href":"https:\/\/expertworldtravel.com\/fr\/wp-json\/wp\/v2\/users\/6"}],"replies":[{"embeddable":true,"href":"https:\/\/expertworldtravel.com\/fr\/wp-json\/wp\/v2\/comments?post=3136697"}],"version-history":[{"count":2,"href":"https:\/\/expertworldtravel.com\/fr\/wp-json\/wp\/v2\/pages\/3136697\/revisions"}],"predecessor-version":[{"id":3141714,"href":"https:\/\/expertworldtravel.com\/fr\/wp-json\/wp\/v2\/pages\/3136697\/revisions\/3141714"}],"wp:featuredmedia":[{"embeddable":true,"href":"https:\/\/expertworldtravel.com\/fr\/wp-json\/wp\/v2\/media\/3133963"}],"wp:attachment":[{"href":"https:\/\/expertworldtravel.com\/fr\/wp-json\/wp\/v2\/media?parent=3136697"}],"wp:term":[{"taxonomy":"category","embeddable":true,"href":"https:\/\/expertworldtravel.com\/fr\/wp-json\/wp\/v2\/categories?post=3136697"}],"curies":[{"name":"wp","href":"https:\/\/api.w.org\/{rel}","templated":true}]}}