{"id":3136704,"date":"2023-04-05T08:27:38","date_gmt":"2023-04-05T08:27:38","guid":{"rendered":"https:\/\/expertworldtravel.com\/best-esim-coree-du-sud\/"},"modified":"2024-12-30T11:07:45","modified_gmt":"2024-12-30T11:07:45","slug":"esim-coree-du-sud","status":"publish","type":"page","link":"https:\/\/expertworldtravel.com\/fr\/esim-coree-du-sud\/","title":{"rendered":"Meilleure eSIM pour la Cor\u00e9e du Sud (Acc\u00e8s facile \u00e0 Internet)"},"content":{"rendered":"<p>Vous pr\u00e9voyez un voyage en Cor\u00e9e du Sud et vous avez besoin d&rsquo;une eSim avec beaucoup de donn\u00e9es et une connectivit\u00e9 rapide ? Ne cherchez pas plus loin ! Notre guide complet pr\u00e9sente les meilleures options eSim pour les plans internet cor\u00e9ens.<\/p>\n<p>Des forfaits de donn\u00e9es concis offrant quelques gigaoctets pour les s\u00e9jours de courte dur\u00e9e aux forfaits de donn\u00e9es illimit\u00e9s pour ceux qui pr\u00e9voient d&rsquo;\u00e9couter Netflix sans fin, notre guide propose un \u00e9ventail de solutions pour r\u00e9pondre \u00e0 vos besoins. Plongez dans l&rsquo;aventure et explorez notre s\u00e9lection des principaux fournisseurs d&rsquo;eSim en Cor\u00e9e du Sud !<\/p>\n","protected":false},"excerpt":{"rendered":"<p>Vous pr\u00e9voyez un voyage en Cor\u00e9e du Sud et vous avez besoin d&rsquo;une eSim avec beaucoup de donn\u00e9es et une connectivit\u00e9 rapide ? Ne cherchez pas plus loin ! Notre guide complet pr\u00e9sente les meilleures options eSim pour les plans internet cor\u00e9ens. Des forfaits de donn\u00e9es concis offrant quelques gigaoctets pour les s\u00e9jours de courte [&hellip;]<\/p>\n","protected":false},"author":2,"featured_media":3133812,"parent":0,"menu_order":0,"comment_status":"closed","ping_status":"closed","template":"best-esim-template.php","meta":{"_lmt_disableupdate":"no","_lmt_disable":""},"categories":[600185,600181],"acf":[],"_links":{"self":[{"href":"https:\/\/expertworldtravel.com\/fr\/wp-json\/wp\/v2\/pages\/3136704"}],"collection":[{"href":"https:\/\/expertworldtravel.com\/fr\/wp-json\/wp\/v2\/pages"}],"about":[{"href":"https:\/\/expertworldtravel.com\/fr\/wp-json\/wp\/v2\/types\/page"}],"author":[{"embeddable":true,"href":"https:\/\/expertworldtravel.com\/fr\/wp-json\/wp\/v2\/users\/2"}],"replies":[{"embeddable":true,"href":"https:\/\/expertworldtravel.com\/fr\/wp-json\/wp\/v2\/comments?post=3136704"}],"version-history":[{"count":2,"href":"https:\/\/expertworldtravel.com\/fr\/wp-json\/wp\/v2\/pages\/3136704\/revisions"}],"predecessor-version":[{"id":3141982,"href":"https:\/\/expertworldtravel.com\/fr\/wp-json\/wp\/v2\/pages\/3136704\/revisions\/3141982"}],"wp:featuredmedia":[{"embeddable":true,"href":"https:\/\/expertworldtravel.com\/fr\/wp-json\/wp\/v2\/media\/3133812"}],"wp:attachment":[{"href":"https:\/\/expertworldtravel.com\/fr\/wp-json\/wp\/v2\/media?parent=3136704"}],"wp:term":[{"taxonomy":"category","embeddable":true,"href":"https:\/\/expertworldtravel.com\/fr\/wp-json\/wp\/v2\/categories?post=3136704"}],"curies":[{"name":"wp","href":"https:\/\/api.w.org\/{rel}","templated":true}]}}