{"id":3136711,"date":"2023-03-28T19:08:39","date_gmt":"2023-03-28T19:08:39","guid":{"rendered":"https:\/\/expertworldtravel.com\/best-esim-indonesia\/"},"modified":"2024-12-19T12:24:58","modified_gmt":"2024-12-19T12:24:58","slug":"best-esim-indonesia","status":"publish","type":"page","link":"https:\/\/expertworldtravel.com\/fr\/best-esim-indonesia\/","title":{"rendered":"Meilleure eSIM pour l&rsquo;Indon\u00e9sie (Bali eSim abordable)"},"content":{"rendered":"<p class=\"ifp\">Vous souhaitez obtenir une eSim pour un voyage en Indon\u00e9sie ou \u00e0 Bali en particulier, mais vous ne savez pas quelles sont les meilleures options ?<br \/>\nVous avez frapp\u00e9 \u00e0 la bonne porte car ce guide d\u00e9taill\u00e9 comprend tous les eSims les plus populaires pour l&rsquo;Indon\u00e9sie et Bali ! <\/p>\n<p>Vous trouverez ici diff\u00e9rentes options eSim pour l&rsquo;Indon\u00e9sie, allant de plans de donn\u00e9es bon march\u00e9 pour de courts voyages \u00e0 des forfaits offrant des <a href=\"https:\/\/expertworldtravel.com\/best-esim-asia\/\" target=\"_blank\" rel=\"noopener\">eSims de<\/a> donn\u00e9es illimit\u00e9es <a href=\"https:\/\/expertworldtravel.com\/best-esim-asia\/\" target=\"_blank\" rel=\"noopener\">en Asie.<\/a> Que vous restiez dans le pays pour quelques jours ou pour au moins un mois, il existe diff\u00e9rents eSims qui r\u00e9pondront \u00e0 vos besoins, et vous pouvez les d\u00e9couvrir ci-dessous !<\/p>\n","protected":false},"excerpt":{"rendered":"<p>Vous souhaitez obtenir une eSim pour un voyage en Indon\u00e9sie ou \u00e0 Bali en particulier, mais vous ne savez pas quelles sont les meilleures options ? Vous avez frapp\u00e9 \u00e0 la bonne porte car ce guide d\u00e9taill\u00e9 comprend tous les eSims les plus populaires pour l&rsquo;Indon\u00e9sie et Bali ! Vous trouverez ici diff\u00e9rentes options eSim [&hellip;]<\/p>\n","protected":false},"author":2,"featured_media":0,"parent":0,"menu_order":0,"comment_status":"closed","ping_status":"closed","template":"best-esim-template.php","meta":{"_lmt_disableupdate":"no","_lmt_disable":""},"categories":[],"acf":[],"_links":{"self":[{"href":"https:\/\/expertworldtravel.com\/fr\/wp-json\/wp\/v2\/pages\/3136711"}],"collection":[{"href":"https:\/\/expertworldtravel.com\/fr\/wp-json\/wp\/v2\/pages"}],"about":[{"href":"https:\/\/expertworldtravel.com\/fr\/wp-json\/wp\/v2\/types\/page"}],"author":[{"embeddable":true,"href":"https:\/\/expertworldtravel.com\/fr\/wp-json\/wp\/v2\/users\/2"}],"replies":[{"embeddable":true,"href":"https:\/\/expertworldtravel.com\/fr\/wp-json\/wp\/v2\/comments?post=3136711"}],"version-history":[{"count":3,"href":"https:\/\/expertworldtravel.com\/fr\/wp-json\/wp\/v2\/pages\/3136711\/revisions"}],"predecessor-version":[{"id":3141670,"href":"https:\/\/expertworldtravel.com\/fr\/wp-json\/wp\/v2\/pages\/3136711\/revisions\/3141670"}],"wp:attachment":[{"href":"https:\/\/expertworldtravel.com\/fr\/wp-json\/wp\/v2\/media?parent=3136711"}],"wp:term":[{"taxonomy":"category","embeddable":true,"href":"https:\/\/expertworldtravel.com\/fr\/wp-json\/wp\/v2\/categories?post=3136711"}],"curies":[{"name":"wp","href":"https:\/\/api.w.org\/{rel}","templated":true}]}}