{"id":3136790,"date":"2023-03-31T10:16:41","date_gmt":"2023-03-31T10:16:41","guid":{"rendered":"https:\/\/expertworldtravel.com\/best-esim-greece\/"},"modified":"2025-01-21T10:19:52","modified_gmt":"2025-01-21T10:19:52","slug":"esim-grece","status":"publish","type":"page","link":"https:\/\/expertworldtravel.com\/fr\/esim-grece\/","title":{"rendered":"Meilleure eSim pour la Gr\u00e8ce (Fournisseurs locaux et internationaux)"},"content":{"rendered":"<p>Vous avez besoin d&rsquo;une carte eSIM pour la Gr\u00e8ce, mais vous ne savez pas quelles sont les options qui s&rsquo;offrent \u00e0 vous ? Alors vous \u00eates au bon endroit car ce guide d\u00e9taill\u00e9 inclut les meilleurs fournisseurs locaux et internationaux d&rsquo;eSim pour la Gr\u00e8ce !<\/p>\n<p>Que vous ayez besoin de quelques gigaoctets pour un court voyage ou que vous restiez dans le pays pendant un certain temps et que vous ayez besoin d&rsquo;une allocation de donn\u00e9es beaucoup plus importante, vous trouverez au moins une option appropri\u00e9e ci-dessous.<\/p>\n<p>Si par hasard vous cherchez une eSim pour plusieurs pays europ\u00e9ens, <a href=\"https:\/\/expertworldtravel.com\/best-esim-europe\/\" target=\"_blank\" rel=\"noopener\">lisez<\/a> plut\u00f4t <a href=\"https:\/\/expertworldtravel.com\/best-esim-europe\/\" target=\"_blank\" rel=\"noopener\">ce guide eSim<\/a>.<\/p>\n<p>Poursuivez votre lecture pour d\u00e9couvrir nos meilleurs choix de <strong>fournisseurs d&rsquo;eSim en Gr\u00e8ce ! <\/strong> <\/p>\n","protected":false},"excerpt":{"rendered":"<p>Vous avez besoin d&rsquo;une carte eSIM pour la Gr\u00e8ce, mais vous ne savez pas quelles sont les options qui s&rsquo;offrent \u00e0 vous ? Alors vous \u00eates au bon endroit car ce guide d\u00e9taill\u00e9 inclut les meilleurs fournisseurs locaux et internationaux d&rsquo;eSim pour la Gr\u00e8ce ! Que vous ayez besoin de quelques gigaoctets pour un court [&hellip;]<\/p>\n","protected":false},"author":6,"featured_media":3133953,"parent":0,"menu_order":0,"comment_status":"closed","ping_status":"closed","template":"best-esim-template.php","meta":{"_lmt_disableupdate":"no","_lmt_disable":""},"categories":[600218,600181],"acf":[],"_links":{"self":[{"href":"https:\/\/expertworldtravel.com\/fr\/wp-json\/wp\/v2\/pages\/3136790"}],"collection":[{"href":"https:\/\/expertworldtravel.com\/fr\/wp-json\/wp\/v2\/pages"}],"about":[{"href":"https:\/\/expertworldtravel.com\/fr\/wp-json\/wp\/v2\/types\/page"}],"author":[{"embeddable":true,"href":"https:\/\/expertworldtravel.com\/fr\/wp-json\/wp\/v2\/users\/6"}],"replies":[{"embeddable":true,"href":"https:\/\/expertworldtravel.com\/fr\/wp-json\/wp\/v2\/comments?post=3136790"}],"version-history":[{"count":2,"href":"https:\/\/expertworldtravel.com\/fr\/wp-json\/wp\/v2\/pages\/3136790\/revisions"}],"predecessor-version":[{"id":3142067,"href":"https:\/\/expertworldtravel.com\/fr\/wp-json\/wp\/v2\/pages\/3136790\/revisions\/3142067"}],"wp:featuredmedia":[{"embeddable":true,"href":"https:\/\/expertworldtravel.com\/fr\/wp-json\/wp\/v2\/media\/3133953"}],"wp:attachment":[{"href":"https:\/\/expertworldtravel.com\/fr\/wp-json\/wp\/v2\/media?parent=3136790"}],"wp:term":[{"taxonomy":"category","embeddable":true,"href":"https:\/\/expertworldtravel.com\/fr\/wp-json\/wp\/v2\/categories?post=3136790"}],"curies":[{"name":"wp","href":"https:\/\/api.w.org\/{rel}","templated":true}]}}