{"id":3136986,"date":"2023-04-14T10:59:59","date_gmt":"2023-04-14T10:59:59","guid":{"rendered":"https:\/\/expertworldtravel.com\/le-meilleur-esim-pour-largentine-votre-cle-pour-des-donnees-illimitees\/"},"modified":"2025-01-02T16:57:19","modified_gmt":"2025-01-02T16:57:19","slug":"esim-argentine","status":"publish","type":"page","link":"https:\/\/expertworldtravel.com\/fr\/esim-argentine\/","title":{"rendered":"Meilleure eSim pour l&rsquo;Argentine : votre cl\u00e9 pour des donn\u00e9es illimit\u00e9es"},"content":{"rendered":"<p>Envie d&rsquo;une connectivit\u00e9 sans faille pendant votre aventure argentine ? Alimentez votre smartphone avec la magie d&rsquo;une eSim ! Ce guide vous pr\u00e9sente les meilleures options d&rsquo;eSim en Argentine, con\u00e7ues pour vous permettre de rester en ligne \u00e0 tout moment. Plongez dans ce guide et d\u00e9couvrez un monde d&rsquo;options, des fournisseurs internationaux offrant des forfaits de donn\u00e9es entre 500MB et l&rsquo;horizon illimit\u00e9. De plus, nous avons rassembl\u00e9 les meilleurs fournisseurs locaux pour vous donner un aper\u00e7u des options eSim locales, souvent moins ch\u00e8res. Faites d\u00e9filer la page pour d\u00e9couvrir le secret de la<strong> meilleure eSim pour l&rsquo;Argentine !<\/strong>  <\/p>\n","protected":false},"excerpt":{"rendered":"<p>Envie d&rsquo;une connectivit\u00e9 sans faille pendant votre aventure argentine ? Alimentez votre smartphone avec la magie d&rsquo;une eSim ! Ce guide vous pr\u00e9sente les meilleures options d&rsquo;eSim en Argentine, con\u00e7ues pour vous permettre de rester en ligne \u00e0 tout moment. Plongez dans ce guide et d\u00e9couvrez un monde d&rsquo;options, des fournisseurs internationaux offrant des forfaits [&hellip;]<\/p>\n","protected":false},"author":6,"featured_media":3133965,"parent":0,"menu_order":0,"comment_status":"closed","ping_status":"closed","template":"best-esim-template.php","meta":{"_lmt_disableupdate":"","_lmt_disable":""},"categories":[600222,600181],"acf":[],"_links":{"self":[{"href":"https:\/\/expertworldtravel.com\/fr\/wp-json\/wp\/v2\/pages\/3136986"}],"collection":[{"href":"https:\/\/expertworldtravel.com\/fr\/wp-json\/wp\/v2\/pages"}],"about":[{"href":"https:\/\/expertworldtravel.com\/fr\/wp-json\/wp\/v2\/types\/page"}],"author":[{"embeddable":true,"href":"https:\/\/expertworldtravel.com\/fr\/wp-json\/wp\/v2\/users\/6"}],"replies":[{"embeddable":true,"href":"https:\/\/expertworldtravel.com\/fr\/wp-json\/wp\/v2\/comments?post=3136986"}],"version-history":[{"count":1,"href":"https:\/\/expertworldtravel.com\/fr\/wp-json\/wp\/v2\/pages\/3136986\/revisions"}],"predecessor-version":[{"id":3142044,"href":"https:\/\/expertworldtravel.com\/fr\/wp-json\/wp\/v2\/pages\/3136986\/revisions\/3142044"}],"wp:featuredmedia":[{"embeddable":true,"href":"https:\/\/expertworldtravel.com\/fr\/wp-json\/wp\/v2\/media\/3133965"}],"wp:attachment":[{"href":"https:\/\/expertworldtravel.com\/fr\/wp-json\/wp\/v2\/media?parent=3136986"}],"wp:term":[{"taxonomy":"category","embeddable":true,"href":"https:\/\/expertworldtravel.com\/fr\/wp-json\/wp\/v2\/categories?post=3136986"}],"curies":[{"name":"wp","href":"https:\/\/api.w.org\/{rel}","templated":true}]}}