{"id":3136995,"date":"2023-04-04T14:07:37","date_gmt":"2023-04-04T14:07:37","guid":{"rendered":"https:\/\/expertworldtravel.com\/meilleure-esim-pour-le-japon-choisissez-celle-qui-vous-convient\/"},"modified":"2024-12-20T13:33:28","modified_gmt":"2024-12-20T13:33:28","slug":"best-esim-japan","status":"publish","type":"page","link":"https:\/\/expertworldtravel.com\/fr\/best-esim-japan\/","title":{"rendered":"5 meilleures eSIM pour le Japon (choisissez celle qui vous convient)"},"content":{"rendered":"<p class=\"ifp\">Vous cherchez une carte eSIM pour votre voyage au Japon, mais vous ne savez pas quelle est la meilleure option ? Ce guide d\u00e9taill\u00e9 pr\u00e9sente les meilleures options eSIM pour le Japon !<\/p>\n<p>Si vous ne visitez pas que le Japon, n&rsquo;h\u00e9sitez pas \u00e0 consulter les <a href=\"https:\/\/expertworldtravel.com\/best-esim-asia\/\" target=\"_blank\" rel=\"noopener\">fournisseurs pour l&rsquo;Asie.<\/a> J&rsquo;ai \u00e9galement inclus quelques options de cartes SIM japonaises physiques pour ceux qui ne sont pas strictement \u00e0 la recherche d&rsquo;une eSIM et qui sont ouverts \u00e0 d&rsquo;autres options, \u00e0 condition d&rsquo;avoir un bon plan de donn\u00e9es mobiles au Japon.<\/p>\n","protected":false},"excerpt":{"rendered":"<p>Vous cherchez une carte eSIM pour votre voyage au Japon, mais vous ne savez pas quelle est la meilleure option ? Ce guide d\u00e9taill\u00e9 pr\u00e9sente les meilleures options eSIM pour le Japon ! Si vous ne visitez pas que le Japon, n&rsquo;h\u00e9sitez pas \u00e0 consulter les fournisseurs pour l&rsquo;Asie. J&rsquo;ai \u00e9galement inclus quelques options de [&hellip;]<\/p>\n","protected":false},"author":2,"featured_media":3133816,"parent":0,"menu_order":0,"comment_status":"closed","ping_status":"closed","template":"best-esim-template.php","meta":{"_lmt_disableupdate":"no","_lmt_disable":""},"categories":[600225,600181],"acf":[],"_links":{"self":[{"href":"https:\/\/expertworldtravel.com\/fr\/wp-json\/wp\/v2\/pages\/3136995"}],"collection":[{"href":"https:\/\/expertworldtravel.com\/fr\/wp-json\/wp\/v2\/pages"}],"about":[{"href":"https:\/\/expertworldtravel.com\/fr\/wp-json\/wp\/v2\/types\/page"}],"author":[{"embeddable":true,"href":"https:\/\/expertworldtravel.com\/fr\/wp-json\/wp\/v2\/users\/2"}],"replies":[{"embeddable":true,"href":"https:\/\/expertworldtravel.com\/fr\/wp-json\/wp\/v2\/comments?post=3136995"}],"version-history":[{"count":3,"href":"https:\/\/expertworldtravel.com\/fr\/wp-json\/wp\/v2\/pages\/3136995\/revisions"}],"predecessor-version":[{"id":3141748,"href":"https:\/\/expertworldtravel.com\/fr\/wp-json\/wp\/v2\/pages\/3136995\/revisions\/3141748"}],"wp:featuredmedia":[{"embeddable":true,"href":"https:\/\/expertworldtravel.com\/fr\/wp-json\/wp\/v2\/media\/3133816"}],"wp:attachment":[{"href":"https:\/\/expertworldtravel.com\/fr\/wp-json\/wp\/v2\/media?parent=3136995"}],"wp:term":[{"taxonomy":"category","embeddable":true,"href":"https:\/\/expertworldtravel.com\/fr\/wp-json\/wp\/v2\/categories?post=3136995"}],"curies":[{"name":"wp","href":"https:\/\/api.w.org\/{rel}","templated":true}]}}