{"id":3137005,"date":"2023-05-17T17:08:25","date_gmt":"2023-05-17T17:08:25","guid":{"rendered":"https:\/\/expertworldtravel.com\/la-meilleure-esim-pour-la-namibie-un-guide-pour-les-voyageurs\/"},"modified":"2023-08-19T17:05:39","modified_gmt":"2023-08-19T17:05:39","slug":"esim-namibie","status":"publish","type":"page","link":"https:\/\/expertworldtravel.com\/fr\/esim-namibie\/","title":{"rendered":"La meilleure eSim pour la Namibie : Un guide pour les voyageurs"},"content":{"rendered":"<p>La Namibie est peut-\u00eatre le plus beau pays d&rsquo;Afrique, ce qui est une affirmation audacieuse, mais c&rsquo;est certainement l&rsquo;un d&rsquo;entre eux. Si vous lisez ceci, il y a de fortes chances que vous alliez en Namibie et que vous vous demandiez comment rester connect\u00e9 aux donn\u00e9es mobiles pendant votre s\u00e9jour.<\/p>\n<p>Dans cet article, nous allons voir comment trouver la meilleure eSim que la Namibie peut offrir pour vos voyages, car c&rsquo;est le moyen le plus pratique de rester connect\u00e9 en Namibie compar\u00e9 \u00e0 l&rsquo;utilisation de donn\u00e9es en itin\u00e9rance ou \u00e0 l&rsquo;obtention d&rsquo;une carte sim locale en Namibie.<\/p>\n<p>Vous trouverez ci-dessous tous les plans de donn\u00e9es eSim pr\u00e9pay\u00e9s propos\u00e9s par certains des meilleurs fournisseurs d&rsquo;eSim de la plan\u00e8te afin que vous puissiez trouver la meilleure eSim pour la Namibie.<\/p>\n","protected":false},"excerpt":{"rendered":"<p>La Namibie est peut-\u00eatre le plus beau pays d&rsquo;Afrique, ce qui est une affirmation audacieuse, mais c&rsquo;est certainement l&rsquo;un d&rsquo;entre eux. Si vous lisez ceci, il y a de fortes chances que vous alliez en Namibie et que vous vous demandiez comment rester connect\u00e9 aux donn\u00e9es mobiles pendant votre s\u00e9jour. Dans cet article, nous allons [&hellip;]<\/p>\n","protected":false},"author":2,"featured_media":3134156,"parent":0,"menu_order":0,"comment_status":"closed","ping_status":"closed","template":"best-esim-template.php","meta":{"_lmt_disableupdate":"no","_lmt_disable":""},"categories":[600181],"acf":[],"_links":{"self":[{"href":"https:\/\/expertworldtravel.com\/fr\/wp-json\/wp\/v2\/pages\/3137005"}],"collection":[{"href":"https:\/\/expertworldtravel.com\/fr\/wp-json\/wp\/v2\/pages"}],"about":[{"href":"https:\/\/expertworldtravel.com\/fr\/wp-json\/wp\/v2\/types\/page"}],"author":[{"embeddable":true,"href":"https:\/\/expertworldtravel.com\/fr\/wp-json\/wp\/v2\/users\/2"}],"replies":[{"embeddable":true,"href":"https:\/\/expertworldtravel.com\/fr\/wp-json\/wp\/v2\/comments?post=3137005"}],"version-history":[{"count":1,"href":"https:\/\/expertworldtravel.com\/fr\/wp-json\/wp\/v2\/pages\/3137005\/revisions"}],"predecessor-version":[{"id":3137009,"href":"https:\/\/expertworldtravel.com\/fr\/wp-json\/wp\/v2\/pages\/3137005\/revisions\/3137009"}],"wp:featuredmedia":[{"embeddable":true,"href":"https:\/\/expertworldtravel.com\/fr\/wp-json\/wp\/v2\/media\/3134156"}],"wp:attachment":[{"href":"https:\/\/expertworldtravel.com\/fr\/wp-json\/wp\/v2\/media?parent=3137005"}],"wp:term":[{"taxonomy":"category","embeddable":true,"href":"https:\/\/expertworldtravel.com\/fr\/wp-json\/wp\/v2\/categories?post=3137005"}],"curies":[{"name":"wp","href":"https:\/\/api.w.org\/{rel}","templated":true}]}}