{"id":3137434,"date":"2023-03-10T12:40:28","date_gmt":"2023-03-10T12:40:28","guid":{"rendered":"https:\/\/expertworldtravel.com\/meilleure-esim-pour-dubai-en-2023-emirats-arabes-unis\/"},"modified":"2023-08-22T14:35:31","modified_gmt":"2023-08-22T14:35:31","slug":"esim-pour-dubai-emirats-arabes-unis","status":"publish","type":"page","link":"https:\/\/expertworldtravel.com\/fr\/esim-pour-dubai-emirats-arabes-unis\/","title":{"rendered":"Meilleure eSim pour Duba\u00ef en 2023 (\u00c9mirats arabes unis)"},"content":{"rendered":"<p>Si vous vous rendez bient\u00f4t \u00e0 Duba\u00ef et dans les \u00c9mirats arabes unis, une carte eSim pr\u00e9pay\u00e9e est le moyen id\u00e9al de disposer de donn\u00e9es mobiles pendant votre voyage.<\/p>\n<p>Certes, votre h\u00f4tel dispose peut-\u00eatre d&rsquo;une connexion wifi dans la chambre, mais si vous \u00eates au bord de la piscine, sur la plage ou si vous explorez la ville, vous aurez certainement besoin de donn\u00e9es sur votre t\u00e9l\u00e9phone.<\/p>\n<p>Le probl\u00e8me est que les \u00c9mirats arabes unis ne disposent pas d&rsquo;autant de paquets de donn\u00e9es eSim que d&rsquo;autres pays. Cependant, j&rsquo;ai parcouru toutes les entreprises d&rsquo;eSim et j&rsquo;ai trouv\u00e9 la meilleure eSim pour les \u00c9mirats arabes unis que j&rsquo;ai pu trouver.<\/p>\n","protected":false},"excerpt":{"rendered":"<p>Si vous vous rendez bient\u00f4t \u00e0 Duba\u00ef et dans les \u00c9mirats arabes unis, une carte eSim pr\u00e9pay\u00e9e est le moyen id\u00e9al de disposer de donn\u00e9es mobiles pendant votre voyage. Certes, votre h\u00f4tel dispose peut-\u00eatre d&rsquo;une connexion wifi dans la chambre, mais si vous \u00eates au bord de la piscine, sur la plage ou si vous [&hellip;]<\/p>\n","protected":false},"author":1,"featured_media":0,"parent":0,"menu_order":0,"comment_status":"closed","ping_status":"closed","template":"best-template.php","meta":{"_lmt_disableupdate":"no","_lmt_disable":""},"categories":[600181],"acf":[],"_links":{"self":[{"href":"https:\/\/expertworldtravel.com\/fr\/wp-json\/wp\/v2\/pages\/3137434"}],"collection":[{"href":"https:\/\/expertworldtravel.com\/fr\/wp-json\/wp\/v2\/pages"}],"about":[{"href":"https:\/\/expertworldtravel.com\/fr\/wp-json\/wp\/v2\/types\/page"}],"author":[{"embeddable":true,"href":"https:\/\/expertworldtravel.com\/fr\/wp-json\/wp\/v2\/users\/1"}],"replies":[{"embeddable":true,"href":"https:\/\/expertworldtravel.com\/fr\/wp-json\/wp\/v2\/comments?post=3137434"}],"version-history":[{"count":1,"href":"https:\/\/expertworldtravel.com\/fr\/wp-json\/wp\/v2\/pages\/3137434\/revisions"}],"predecessor-version":[{"id":3137435,"href":"https:\/\/expertworldtravel.com\/fr\/wp-json\/wp\/v2\/pages\/3137434\/revisions\/3137435"}],"wp:attachment":[{"href":"https:\/\/expertworldtravel.com\/fr\/wp-json\/wp\/v2\/media?parent=3137434"}],"wp:term":[{"taxonomy":"category","embeddable":true,"href":"https:\/\/expertworldtravel.com\/fr\/wp-json\/wp\/v2\/categories?post=3137434"}],"curies":[{"name":"wp","href":"https:\/\/api.w.org\/{rel}","templated":true}]}}