{"id":3137975,"date":"2023-01-07T23:50:04","date_gmt":"2023-01-07T23:50:04","guid":{"rendered":"https:\/\/expertworldtravel.com\/airalo-review-la-meilleure-et-la-plus-simple-des-esim\/"},"modified":"2023-08-29T08:12:24","modified_gmt":"2023-08-29T08:12:24","slug":"airalo-esim-test","status":"publish","type":"page","link":"https:\/\/expertworldtravel.com\/fr\/airalo-esim-test\/","title":{"rendered":"Test Airalo eSIM &#8211; est-ce bon ?"},"content":{"rendered":"<p><a href=\"https:\/\/airalo.pxf.io\/gb961v\" target=\"_blank\" rel=\"noopener\">Airalo est r\u00e9put\u00e9<\/a> pour \u00eatre le meilleur fournisseur mondial d&rsquo;eSim et je l&rsquo;utilise depuis quelques mois pour un grand voyage.<\/p>\n<p>Ils m&rsquo;ont rendu la vie tr\u00e8s facile lorsque je me d\u00e9pla\u00e7ais d&rsquo;un pays \u00e0 l&rsquo;autre en me fournissant des forfaits de donn\u00e9es mobiles sans que je doive quitter ma chaise. C&rsquo;est l\u00e0 toute la beaut\u00e9 d&rsquo;eSims.<\/p>\n<p>Les Esims sont \u00e9lectroniques, vous pouvez donc les t\u00e9l\u00e9charger facilement sur votre t\u00e9l\u00e9phone via wifi, m\u00eame avant de vous rendre dans un nouveau pays. Vous pouvez donc atterrir avec des donn\u00e9es et utiliser le courrier \u00e9lectronique, Google Maps ou toute autre application dont vous avez besoin dans votre nouvelle destination.<\/p>\n<p>Mais les eSims d&rsquo;Airalo sont-ils aussi bons qu&rsquo;on le dit ? Je vous en parlerai dans cet article, y compris de mon exp\u00e9rience avec eux.<\/p>\n","protected":false},"excerpt":{"rendered":"<p>Airalo est r\u00e9put\u00e9 pour \u00eatre le meilleur fournisseur mondial d&rsquo;eSim et je l&rsquo;utilise depuis quelques mois pour un grand voyage. Ils m&rsquo;ont rendu la vie tr\u00e8s facile lorsque je me d\u00e9pla\u00e7ais d&rsquo;un pays \u00e0 l&rsquo;autre en me fournissant des forfaits de donn\u00e9es mobiles sans que je doive quitter ma chaise. C&rsquo;est l\u00e0 toute la beaut\u00e9 [&hellip;]<\/p>\n","protected":false},"author":2,"featured_media":0,"parent":0,"menu_order":0,"comment_status":"closed","ping_status":"closed","template":"single-product-review.php","meta":{"_lmt_disableupdate":"no","_lmt_disable":""},"categories":[600181],"acf":[],"_links":{"self":[{"href":"https:\/\/expertworldtravel.com\/fr\/wp-json\/wp\/v2\/pages\/3137975"}],"collection":[{"href":"https:\/\/expertworldtravel.com\/fr\/wp-json\/wp\/v2\/pages"}],"about":[{"href":"https:\/\/expertworldtravel.com\/fr\/wp-json\/wp\/v2\/types\/page"}],"author":[{"embeddable":true,"href":"https:\/\/expertworldtravel.com\/fr\/wp-json\/wp\/v2\/users\/2"}],"replies":[{"embeddable":true,"href":"https:\/\/expertworldtravel.com\/fr\/wp-json\/wp\/v2\/comments?post=3137975"}],"version-history":[{"count":3,"href":"https:\/\/expertworldtravel.com\/fr\/wp-json\/wp\/v2\/pages\/3137975\/revisions"}],"predecessor-version":[{"id":3137991,"href":"https:\/\/expertworldtravel.com\/fr\/wp-json\/wp\/v2\/pages\/3137975\/revisions\/3137991"}],"wp:attachment":[{"href":"https:\/\/expertworldtravel.com\/fr\/wp-json\/wp\/v2\/media?parent=3137975"}],"wp:term":[{"taxonomy":"category","embeddable":true,"href":"https:\/\/expertworldtravel.com\/fr\/wp-json\/wp\/v2\/categories?post=3137975"}],"curies":[{"name":"wp","href":"https:\/\/api.w.org\/{rel}","templated":true}]}}