{"id":3138039,"date":"2023-05-11T19:39:33","date_gmt":"2023-05-11T19:39:33","guid":{"rendered":"https:\/\/expertworldtravel.com\/paraguay-les-meilleures-esim-pour-rester-connecte-sur-la-route\/"},"modified":"2023-08-29T14:26:10","modified_gmt":"2023-08-29T14:26:10","slug":"paraguay-esim","status":"publish","type":"page","link":"https:\/\/expertworldtravel.com\/fr\/paraguay-esim\/","title":{"rendered":"Paraguay : les meilleures eSIM pour rester connect\u00e9 sur la route"},"content":{"rendered":"<p>L&rsquo;utilisation d&rsquo;une carte eSIM lors d&rsquo;un voyage au Paraguay est id\u00e9ale pour les donn\u00e9es mobiles. C&rsquo;est pourquoi nous avons rassembl\u00e9 pour vous les meilleures eSIM du Paraguay.<\/p>\n<p>Pourquoi utiliser des donn\u00e9es en itin\u00e9rance co\u00fbteuses, alors que vous pouvez utiliser une eSIM Paraguay pratique et abordable.<\/p>\n<p>Faites d\u00e9filer la page pour d\u00e9couvrir les meilleurs eSIMS pour votre prochain voyage au Paraguay.<\/p>\n","protected":false},"excerpt":{"rendered":"<p>L&rsquo;utilisation d&rsquo;une carte eSIM lors d&rsquo;un voyage au Paraguay est id\u00e9ale pour les donn\u00e9es mobiles. C&rsquo;est pourquoi nous avons rassembl\u00e9 pour vous les meilleures eSIM du Paraguay. Pourquoi utiliser des donn\u00e9es en itin\u00e9rance co\u00fbteuses, alors que vous pouvez utiliser une eSIM Paraguay pratique et abordable. Faites d\u00e9filer la page pour d\u00e9couvrir les meilleurs eSIMS pour [&hellip;]<\/p>\n","protected":false},"author":2,"featured_media":3134144,"parent":0,"menu_order":0,"comment_status":"closed","ping_status":"closed","template":"best-esim-template.php","meta":{"_lmt_disableupdate":"no","_lmt_disable":""},"categories":[600181],"acf":[],"_links":{"self":[{"href":"https:\/\/expertworldtravel.com\/fr\/wp-json\/wp\/v2\/pages\/3138039"}],"collection":[{"href":"https:\/\/expertworldtravel.com\/fr\/wp-json\/wp\/v2\/pages"}],"about":[{"href":"https:\/\/expertworldtravel.com\/fr\/wp-json\/wp\/v2\/types\/page"}],"author":[{"embeddable":true,"href":"https:\/\/expertworldtravel.com\/fr\/wp-json\/wp\/v2\/users\/2"}],"replies":[{"embeddable":true,"href":"https:\/\/expertworldtravel.com\/fr\/wp-json\/wp\/v2\/comments?post=3138039"}],"version-history":[{"count":6,"href":"https:\/\/expertworldtravel.com\/fr\/wp-json\/wp\/v2\/pages\/3138039\/revisions"}],"predecessor-version":[{"id":3138171,"href":"https:\/\/expertworldtravel.com\/fr\/wp-json\/wp\/v2\/pages\/3138039\/revisions\/3138171"}],"wp:featuredmedia":[{"embeddable":true,"href":"https:\/\/expertworldtravel.com\/fr\/wp-json\/wp\/v2\/media\/3134144"}],"wp:attachment":[{"href":"https:\/\/expertworldtravel.com\/fr\/wp-json\/wp\/v2\/media?parent=3138039"}],"wp:term":[{"taxonomy":"category","embeddable":true,"href":"https:\/\/expertworldtravel.com\/fr\/wp-json\/wp\/v2\/categories?post=3138039"}],"curies":[{"name":"wp","href":"https:\/\/api.w.org\/{rel}","templated":true}]}}