{"id":3138109,"date":"2023-05-10T18:25:25","date_gmt":"2023-05-10T18:25:25","guid":{"rendered":"https:\/\/expertworldtravel.com\/meilleure-esim-pour-le-panama-guide-du-voyageur\/"},"modified":"2024-12-29T14:59:29","modified_gmt":"2024-12-29T14:59:29","slug":"esim-panama","status":"publish","type":"page","link":"https:\/\/expertworldtravel.com\/fr\/esim-panama\/","title":{"rendered":"Meilleure eSIM pour le Panama (Guide du voyageur)"},"content":{"rendered":"<p>Si vous vous rendez au Panama et que vous avez besoin d&rsquo;une eSIM pour rester connect\u00e9, vous avez de la chance !<\/p>\n<p>Les eSIM panam\u00e9ennes sont le moyen le plus pratique de disposer de donn\u00e9es mobiles lors de vos d\u00e9placements. De nos jours, il existe de nombreux fournisseurs de cartes eSIM qui vous \u00e9vitent de payer des frais d&rsquo;itin\u00e9rance exorbitants.<\/p>\n<p>Rejoignez-moi pour passer en revue les meilleurs plans de donn\u00e9es eSIM afin que vous puissiez trouver la meilleure eSIM pour le Panama.<\/p>\n","protected":false},"excerpt":{"rendered":"<p>Si vous vous rendez au Panama et que vous avez besoin d&rsquo;une eSIM pour rester connect\u00e9, vous avez de la chance ! Les eSIM panam\u00e9ennes sont le moyen le plus pratique de disposer de donn\u00e9es mobiles lors de vos d\u00e9placements. De nos jours, il existe de nombreux fournisseurs de cartes eSIM qui vous \u00e9vitent de [&hellip;]<\/p>\n","protected":false},"author":2,"featured_media":3134138,"parent":0,"menu_order":0,"comment_status":"closed","ping_status":"closed","template":"best-esim-template.php","meta":{"_lmt_disableupdate":"no","_lmt_disable":""},"categories":[600181,600231],"acf":[],"_links":{"self":[{"href":"https:\/\/expertworldtravel.com\/fr\/wp-json\/wp\/v2\/pages\/3138109"}],"collection":[{"href":"https:\/\/expertworldtravel.com\/fr\/wp-json\/wp\/v2\/pages"}],"about":[{"href":"https:\/\/expertworldtravel.com\/fr\/wp-json\/wp\/v2\/types\/page"}],"author":[{"embeddable":true,"href":"https:\/\/expertworldtravel.com\/fr\/wp-json\/wp\/v2\/users\/2"}],"replies":[{"embeddable":true,"href":"https:\/\/expertworldtravel.com\/fr\/wp-json\/wp\/v2\/comments?post=3138109"}],"version-history":[{"count":1,"href":"https:\/\/expertworldtravel.com\/fr\/wp-json\/wp\/v2\/pages\/3138109\/revisions"}],"predecessor-version":[{"id":3138131,"href":"https:\/\/expertworldtravel.com\/fr\/wp-json\/wp\/v2\/pages\/3138109\/revisions\/3138131"}],"wp:featuredmedia":[{"embeddable":true,"href":"https:\/\/expertworldtravel.com\/fr\/wp-json\/wp\/v2\/media\/3134138"}],"wp:attachment":[{"href":"https:\/\/expertworldtravel.com\/fr\/wp-json\/wp\/v2\/media?parent=3138109"}],"wp:term":[{"taxonomy":"category","embeddable":true,"href":"https:\/\/expertworldtravel.com\/fr\/wp-json\/wp\/v2\/categories?post=3138109"}],"curies":[{"name":"wp","href":"https:\/\/api.w.org\/{rel}","templated":true}]}}