{"id":3138184,"date":"2023-05-13T21:02:52","date_gmt":"2023-05-13T21:02:52","guid":{"rendered":"https:\/\/expertworldtravel.com\/meilleure-esim-pour-la-republique-dominicaine-easy-internet-access\/"},"modified":"2023-08-29T16:23:53","modified_gmt":"2023-08-29T16:23:53","slug":"esim-republique-dominicaine","status":"publish","type":"page","link":"https:\/\/expertworldtravel.com\/fr\/esim-republique-dominicaine\/","title":{"rendered":"Meilleure eSIM pour la R\u00e9publique dominicaine"},"content":{"rendered":"<p>Vous envisagez de r\u00e9server un voyage en R\u00e9publique dominicaine ? C&rsquo;est une \u00eele magnifique, mais vous aurez besoin d&rsquo;une carte eSIM pour b\u00e9n\u00e9ficier d&rsquo;un acc\u00e8s \u00e0 l&rsquo;internet mobile \u00e0 moindre co\u00fbt pendant votre voyage !<\/p>\n<p>La connexion Internet WiFi standard en R\u00e9publique dominicaine n&rsquo;est pas tr\u00e8s bonne. Il est donc important d&rsquo;avoir une connexion de donn\u00e9es sur votre t\u00e9l\u00e9phone si vous voulez rester en contact avec le monde.<\/p>\n<p>Une eSIM pour la R\u00e9publique dominicaine est de loin l&rsquo;option la plus pratique. Vous trouverez ci-dessous une liste des principaux fournisseurs de eSIM pour la R\u00e9publique dominicaine. Nous examinons leurs forfaits de donn\u00e9es afin que vous puissiez trouver la meilleure eSIM pour votre voyage en R\u00e9publique dominicaine.<\/p>\n","protected":false},"excerpt":{"rendered":"<p>Vous envisagez de r\u00e9server un voyage en R\u00e9publique dominicaine ? C&rsquo;est une \u00eele magnifique, mais vous aurez besoin d&rsquo;une carte eSIM pour b\u00e9n\u00e9ficier d&rsquo;un acc\u00e8s \u00e0 l&rsquo;internet mobile \u00e0 moindre co\u00fbt pendant votre voyage ! La connexion Internet WiFi standard en R\u00e9publique dominicaine n&rsquo;est pas tr\u00e8s bonne. Il est donc important d&rsquo;avoir une connexion de [&hellip;]<\/p>\n","protected":false},"author":2,"featured_media":3134150,"parent":0,"menu_order":0,"comment_status":"closed","ping_status":"closed","template":"best-esim-template.php","meta":{"_lmt_disableupdate":"no","_lmt_disable":""},"categories":[600181],"acf":[],"_links":{"self":[{"href":"https:\/\/expertworldtravel.com\/fr\/wp-json\/wp\/v2\/pages\/3138184"}],"collection":[{"href":"https:\/\/expertworldtravel.com\/fr\/wp-json\/wp\/v2\/pages"}],"about":[{"href":"https:\/\/expertworldtravel.com\/fr\/wp-json\/wp\/v2\/types\/page"}],"author":[{"embeddable":true,"href":"https:\/\/expertworldtravel.com\/fr\/wp-json\/wp\/v2\/users\/2"}],"replies":[{"embeddable":true,"href":"https:\/\/expertworldtravel.com\/fr\/wp-json\/wp\/v2\/comments?post=3138184"}],"version-history":[{"count":3,"href":"https:\/\/expertworldtravel.com\/fr\/wp-json\/wp\/v2\/pages\/3138184\/revisions"}],"predecessor-version":[{"id":3138191,"href":"https:\/\/expertworldtravel.com\/fr\/wp-json\/wp\/v2\/pages\/3138184\/revisions\/3138191"}],"wp:featuredmedia":[{"embeddable":true,"href":"https:\/\/expertworldtravel.com\/fr\/wp-json\/wp\/v2\/media\/3134150"}],"wp:attachment":[{"href":"https:\/\/expertworldtravel.com\/fr\/wp-json\/wp\/v2\/media?parent=3138184"}],"wp:term":[{"taxonomy":"category","embeddable":true,"href":"https:\/\/expertworldtravel.com\/fr\/wp-json\/wp\/v2\/categories?post=3138184"}],"curies":[{"name":"wp","href":"https:\/\/api.w.org\/{rel}","templated":true}]}}