{"id":3138197,"date":"2023-05-10T17:32:01","date_gmt":"2023-05-10T17:32:01","guid":{"rendered":"https:\/\/expertworldtravel.com\/meilleure-esim-pour-le-costa-rica-connexion-sans-souci\/"},"modified":"2024-12-20T10:42:34","modified_gmt":"2024-12-20T10:42:34","slug":"esim-costa-rica","status":"publish","type":"page","link":"https:\/\/expertworldtravel.com\/fr\/esim-costa-rica\/","title":{"rendered":"Meilleure eSIM pour le Costa Rica (connexion sans souci)"},"content":{"rendered":"<p>Si vous vous pr\u00e9parez \u00e0 partir en voyage au Costa Rica, vous aurez sans doute besoin d&rsquo;une eSIM pour rester connect\u00e9.<br \/>\nUne eSIM pour le Costa Rica est une excellente solution si vous voulez \u00e9conomiser de l&rsquo;argent, du temps et des tracas, tout en b\u00e9n\u00e9ficiant de donn\u00e9es rapides et en \u00e9vitant les frais d&rsquo;itin\u00e9rance.<br \/>\nMais quel forfait eSIM Costa Rica vous convient le mieux ?<br \/>\nC&rsquo;est pour cela que je suis l\u00e0 pour vous aider.<br \/>\nRejoignez-moi pour d\u00e9couvrir les meilleures eSims pour le Costa Rica afin que vous puissiez voyager avec les meilleures eSIM pr\u00e9pay\u00e9es que le Costa Rica a \u00e0 offrir.<\/p>\n","protected":false},"excerpt":{"rendered":"<p>Si vous vous pr\u00e9parez \u00e0 partir en voyage au Costa Rica, vous aurez sans doute besoin d&rsquo;une eSIM pour rester connect\u00e9. Une eSIM pour le Costa Rica est une excellente solution si vous voulez \u00e9conomiser de l&rsquo;argent, du temps et des tracas, tout en b\u00e9n\u00e9ficiant de donn\u00e9es rapides et en \u00e9vitant les frais d&rsquo;itin\u00e9rance. Mais [&hellip;]<\/p>\n","protected":false},"author":2,"featured_media":3134136,"parent":0,"menu_order":0,"comment_status":"closed","ping_status":"closed","template":"best-esim-template.php","meta":{"_lmt_disableupdate":"no","_lmt_disable":""},"categories":[600236,600181],"acf":[],"_links":{"self":[{"href":"https:\/\/expertworldtravel.com\/fr\/wp-json\/wp\/v2\/pages\/3138197"}],"collection":[{"href":"https:\/\/expertworldtravel.com\/fr\/wp-json\/wp\/v2\/pages"}],"about":[{"href":"https:\/\/expertworldtravel.com\/fr\/wp-json\/wp\/v2\/types\/page"}],"author":[{"embeddable":true,"href":"https:\/\/expertworldtravel.com\/fr\/wp-json\/wp\/v2\/users\/2"}],"replies":[{"embeddable":true,"href":"https:\/\/expertworldtravel.com\/fr\/wp-json\/wp\/v2\/comments?post=3138197"}],"version-history":[{"count":3,"href":"https:\/\/expertworldtravel.com\/fr\/wp-json\/wp\/v2\/pages\/3138197\/revisions"}],"predecessor-version":[{"id":3141699,"href":"https:\/\/expertworldtravel.com\/fr\/wp-json\/wp\/v2\/pages\/3138197\/revisions\/3141699"}],"wp:featuredmedia":[{"embeddable":true,"href":"https:\/\/expertworldtravel.com\/fr\/wp-json\/wp\/v2\/media\/3134136"}],"wp:attachment":[{"href":"https:\/\/expertworldtravel.com\/fr\/wp-json\/wp\/v2\/media?parent=3138197"}],"wp:term":[{"taxonomy":"category","embeddable":true,"href":"https:\/\/expertworldtravel.com\/fr\/wp-json\/wp\/v2\/categories?post=3138197"}],"curies":[{"name":"wp","href":"https:\/\/api.w.org\/{rel}","templated":true}]}}