{"id":3138213,"date":"2023-05-11T17:02:19","date_gmt":"2023-05-11T17:02:19","guid":{"rendered":"https:\/\/expertworldtravel.com\/meilleure-esim-pour-la-tanzanie-restez-connecte-pendant-votre-voyage\/"},"modified":"2025-01-06T08:23:40","modified_gmt":"2025-01-06T08:23:40","slug":"esim-tanzanie","status":"publish","type":"page","link":"https:\/\/expertworldtravel.com\/fr\/esim-tanzanie\/","title":{"rendered":"Meilleure eSIM pour la Tanzanie (Restez connect\u00e9 pendant votre voyage)"},"content":{"rendered":"<p>Vous vous rendez en Tanzanie et avez besoin d&rsquo;une eSIM ?<\/p>\n<p>La Tanzanie est l&rsquo;un de mes pays pr\u00e9f\u00e9r\u00e9s au monde. Vous vous demandez probablement quel est le meilleur moyen de rester connect\u00e9 pendant votre s\u00e9jour.<\/p>\n<p>Vous pouvez utiliser l&rsquo;itin\u00e9rance des donn\u00e9es, mais je ne vous le recommande pas car c&rsquo;est beaucoup trop cher. Il est possible d&rsquo;utiliser une carte SIM locale, mais cela n&rsquo;est pas sans inconv\u00e9nient. Qu&rsquo;en est-il de la meilleure eSIM que la Tanzanie puisse offrir ?<\/p>\n<p>Les eSIM sont incroyablement pratiques et abordables, alors trouvons la <strong>meilleure eSIM pour la Tanzanie<\/strong>. Ci-dessous, j&rsquo;ai pass\u00e9 en revue les plans de donn\u00e9es eSim Tanzanie des principaux fournisseurs mondiaux d&rsquo;eSim afin que vous puissiez trouver la meilleure eSim pour votre voyage dans ce pays magique.<\/p>\n","protected":false},"excerpt":{"rendered":"<p>Vous vous rendez en Tanzanie et avez besoin d&rsquo;une eSIM ? La Tanzanie est l&rsquo;un de mes pays pr\u00e9f\u00e9r\u00e9s au monde. Vous vous demandez probablement quel est le meilleur moyen de rester connect\u00e9 pendant votre s\u00e9jour. Vous pouvez utiliser l&rsquo;itin\u00e9rance des donn\u00e9es, mais je ne vous le recommande pas car c&rsquo;est beaucoup trop cher. Il [&hellip;]<\/p>\n","protected":false},"author":2,"featured_media":3134148,"parent":0,"menu_order":0,"comment_status":"closed","ping_status":"closed","template":"best-esim-template.php","meta":{"_lmt_disableupdate":"no","_lmt_disable":""},"categories":[600181],"acf":[],"_links":{"self":[{"href":"https:\/\/expertworldtravel.com\/fr\/wp-json\/wp\/v2\/pages\/3138213"}],"collection":[{"href":"https:\/\/expertworldtravel.com\/fr\/wp-json\/wp\/v2\/pages"}],"about":[{"href":"https:\/\/expertworldtravel.com\/fr\/wp-json\/wp\/v2\/types\/page"}],"author":[{"embeddable":true,"href":"https:\/\/expertworldtravel.com\/fr\/wp-json\/wp\/v2\/users\/2"}],"replies":[{"embeddable":true,"href":"https:\/\/expertworldtravel.com\/fr\/wp-json\/wp\/v2\/comments?post=3138213"}],"version-history":[{"count":2,"href":"https:\/\/expertworldtravel.com\/fr\/wp-json\/wp\/v2\/pages\/3138213\/revisions"}],"predecessor-version":[{"id":3138217,"href":"https:\/\/expertworldtravel.com\/fr\/wp-json\/wp\/v2\/pages\/3138213\/revisions\/3138217"}],"wp:featuredmedia":[{"embeddable":true,"href":"https:\/\/expertworldtravel.com\/fr\/wp-json\/wp\/v2\/media\/3134148"}],"wp:attachment":[{"href":"https:\/\/expertworldtravel.com\/fr\/wp-json\/wp\/v2\/media?parent=3138213"}],"wp:term":[{"taxonomy":"category","embeddable":true,"href":"https:\/\/expertworldtravel.com\/fr\/wp-json\/wp\/v2\/categories?post=3138213"}],"curies":[{"name":"wp","href":"https:\/\/api.w.org\/{rel}","templated":true}]}}