{"id":3138230,"date":"2023-05-17T18:35:05","date_gmt":"2023-05-17T18:35:05","guid":{"rendered":"https:\/\/expertworldtravel.com\/la-meilleure-esim-pour-lethiopie-un-guide-pour-les-voyageurs\/"},"modified":"2023-08-30T08:36:22","modified_gmt":"2023-08-30T08:36:22","slug":"esim-ethiopie","status":"publish","type":"page","link":"https:\/\/expertworldtravel.com\/fr\/esim-ethiopie\/","title":{"rendered":"La meilleure eSim pour l&rsquo;Ethiopie : Un guide pour les voyageurs"},"content":{"rendered":"<p>Si vous pr\u00e9voyez un voyage en \u00c9thiopie, vous vous demandez certainement quel est le meilleur moyen de rester connect\u00e9 aux donn\u00e9es mobiles pendant votre s\u00e9jour.<\/p>\n<p>Vous pouvez acheter une carte sim physique sur place en \u00c9thiopie lorsque vous atterrissez, utiliser des donn\u00e9es en itin\u00e9rance co\u00fbteuses, ou trouver la meilleure carte sim que l&rsquo;\u00c9thiopie puisse offrir.<\/p>\n<p>Dans cet article, je vais passer en revue tous les fournisseurs mondiaux d&rsquo;eSim et leurs plans de donn\u00e9es eSim qui couvrent l&rsquo;\u00c9thiopie afin que vous puissiez trouver la meilleure eSim pour l&rsquo;\u00c9thiopie pour vos voyages.<\/p>\n","protected":false},"excerpt":{"rendered":"<p>Si vous pr\u00e9voyez un voyage en \u00c9thiopie, vous vous demandez certainement quel est le meilleur moyen de rester connect\u00e9 aux donn\u00e9es mobiles pendant votre s\u00e9jour. Vous pouvez acheter une carte sim physique sur place en \u00c9thiopie lorsque vous atterrissez, utiliser des donn\u00e9es en itin\u00e9rance co\u00fbteuses, ou trouver la meilleure carte sim que l&rsquo;\u00c9thiopie puisse offrir. [&hellip;]<\/p>\n","protected":false},"author":2,"featured_media":3134158,"parent":0,"menu_order":0,"comment_status":"closed","ping_status":"closed","template":"best-esim-template.php","meta":{"_lmt_disableupdate":"no","_lmt_disable":""},"categories":[600238,600181],"acf":[],"_links":{"self":[{"href":"https:\/\/expertworldtravel.com\/fr\/wp-json\/wp\/v2\/pages\/3138230"}],"collection":[{"href":"https:\/\/expertworldtravel.com\/fr\/wp-json\/wp\/v2\/pages"}],"about":[{"href":"https:\/\/expertworldtravel.com\/fr\/wp-json\/wp\/v2\/types\/page"}],"author":[{"embeddable":true,"href":"https:\/\/expertworldtravel.com\/fr\/wp-json\/wp\/v2\/users\/2"}],"replies":[{"embeddable":true,"href":"https:\/\/expertworldtravel.com\/fr\/wp-json\/wp\/v2\/comments?post=3138230"}],"version-history":[{"count":1,"href":"https:\/\/expertworldtravel.com\/fr\/wp-json\/wp\/v2\/pages\/3138230\/revisions"}],"predecessor-version":[{"id":3138233,"href":"https:\/\/expertworldtravel.com\/fr\/wp-json\/wp\/v2\/pages\/3138230\/revisions\/3138233"}],"wp:featuredmedia":[{"embeddable":true,"href":"https:\/\/expertworldtravel.com\/fr\/wp-json\/wp\/v2\/media\/3134158"}],"wp:attachment":[{"href":"https:\/\/expertworldtravel.com\/fr\/wp-json\/wp\/v2\/media?parent=3138230"}],"wp:term":[{"taxonomy":"category","embeddable":true,"href":"https:\/\/expertworldtravel.com\/fr\/wp-json\/wp\/v2\/categories?post=3138230"}],"curies":[{"name":"wp","href":"https:\/\/api.w.org\/{rel}","templated":true}]}}