{"id":3138273,"date":"2023-05-23T14:35:50","date_gmt":"2023-05-23T14:35:50","guid":{"rendered":"https:\/\/expertworldtravel.com\/meilleure-esim-pour-lalgerie-un-guide-pour-les-voyageurs\/"},"modified":"2023-08-30T10:30:35","modified_gmt":"2023-08-30T10:30:35","slug":"esim-algerie","status":"publish","type":"page","link":"https:\/\/expertworldtravel.com\/fr\/esim-algerie\/","title":{"rendered":"Meilleure eSim pour l&rsquo;Alg\u00e9rie : Un guide pour les voyageurs"},"content":{"rendered":"<p>Vous vous rendez bient\u00f4t en Alg\u00e9rie et vous avez besoin de la carte eSIM id\u00e9ale pour votre voyage ?<\/p>\n<p>Une carte eSIM pour l&rsquo;Alg\u00e9rie est le moyen id\u00e9al d&rsquo;\u00e9viter les frais d&rsquo;itin\u00e9rance et de faire la queue pour une carte SIM \u00e0 votre arriv\u00e9e.<\/p>\n<p>Les ESIM sont abordables et super pratiques,&nbsp; mais choisir l&rsquo;eSIM Alg\u00e9rie parfaite est un d\u00e9fi !<\/p>\n<p>Nous avons pass\u00e9 l&rsquo;internet au peigne fin pour vous trouver les meilleures eSIM pour les voyages en Alg\u00e9rie et au-del\u00e0.<\/p>\n","protected":false},"excerpt":{"rendered":"<p>Vous vous rendez bient\u00f4t en Alg\u00e9rie et vous avez besoin de la carte eSIM id\u00e9ale pour votre voyage ? Une carte eSIM pour l&rsquo;Alg\u00e9rie est le moyen id\u00e9al d&rsquo;\u00e9viter les frais d&rsquo;itin\u00e9rance et de faire la queue pour une carte SIM \u00e0 votre arriv\u00e9e. Les ESIM sont abordables et super pratiques,&nbsp; mais choisir l&rsquo;eSIM Alg\u00e9rie [&hellip;]<\/p>\n","protected":false},"author":2,"featured_media":3134166,"parent":0,"menu_order":0,"comment_status":"closed","ping_status":"closed","template":"best-esim-template.php","meta":{"_lmt_disableupdate":"no","_lmt_disable":""},"categories":[600181],"acf":[],"_links":{"self":[{"href":"https:\/\/expertworldtravel.com\/fr\/wp-json\/wp\/v2\/pages\/3138273"}],"collection":[{"href":"https:\/\/expertworldtravel.com\/fr\/wp-json\/wp\/v2\/pages"}],"about":[{"href":"https:\/\/expertworldtravel.com\/fr\/wp-json\/wp\/v2\/types\/page"}],"author":[{"embeddable":true,"href":"https:\/\/expertworldtravel.com\/fr\/wp-json\/wp\/v2\/users\/2"}],"replies":[{"embeddable":true,"href":"https:\/\/expertworldtravel.com\/fr\/wp-json\/wp\/v2\/comments?post=3138273"}],"version-history":[{"count":1,"href":"https:\/\/expertworldtravel.com\/fr\/wp-json\/wp\/v2\/pages\/3138273\/revisions"}],"predecessor-version":[{"id":3138275,"href":"https:\/\/expertworldtravel.com\/fr\/wp-json\/wp\/v2\/pages\/3138273\/revisions\/3138275"}],"wp:featuredmedia":[{"embeddable":true,"href":"https:\/\/expertworldtravel.com\/fr\/wp-json\/wp\/v2\/media\/3134166"}],"wp:attachment":[{"href":"https:\/\/expertworldtravel.com\/fr\/wp-json\/wp\/v2\/media?parent=3138273"}],"wp:term":[{"taxonomy":"category","embeddable":true,"href":"https:\/\/expertworldtravel.com\/fr\/wp-json\/wp\/v2\/categories?post=3138273"}],"curies":[{"name":"wp","href":"https:\/\/api.w.org\/{rel}","templated":true}]}}