{"id":3138294,"date":"2023-05-03T00:00:29","date_gmt":"2023-05-03T00:00:29","guid":{"rendered":"https:\/\/expertworldtravel.com\/meilleure-esim-pour-israel-affordable-data\/"},"modified":"2025-01-06T08:07:19","modified_gmt":"2025-01-06T08:07:19","slug":"esim-israel","status":"publish","type":"page","link":"https:\/\/expertworldtravel.com\/fr\/esim-israel\/","title":{"rendered":"Meilleure eSIM pour Isra\u00ebl (Affordable Data)"},"content":{"rendered":"<p>Si vous pr\u00e9voyez de vous rendre en Isra\u00ebl, vous avez besoin d&rsquo;une eSIM !<\/p>\n<p>Les ESIM sont de loin le moyen le plus pratique de disposer de donn\u00e9es mobiles lors de vos d\u00e9placements en Isra\u00ebl. Ils vous \u00e9vitent de payer des frais d&rsquo;itin\u00e9rance et de devoir trouver une carte SIM locale \u00e0 votre arriv\u00e9e.<\/p>\n<p>Trouver le bon plan eSIM pour Isreal peut \u00eatre difficile, c&rsquo;est pourquoi j&rsquo;ai fait toutes les recherches n\u00e9cessaires pour vous aider.<\/p>\n<p>Vous trouverez ci-dessous une analyse de tous les principaux fournisseurs avec leurs plans de donn\u00e9es ainsi que les avantages et les inconv\u00e9nients afin que vous puissiez trouver la meilleure carte eSIM d&rsquo;Isra\u00ebl pour vous.<\/p>\n","protected":false},"excerpt":{"rendered":"<p>Si vous pr\u00e9voyez de vous rendre en Isra\u00ebl, vous avez besoin d&rsquo;une eSIM ! Les ESIM sont de loin le moyen le plus pratique de disposer de donn\u00e9es mobiles lors de vos d\u00e9placements en Isra\u00ebl. Ils vous \u00e9vitent de payer des frais d&rsquo;itin\u00e9rance et de devoir trouver une carte SIM locale \u00e0 votre arriv\u00e9e. Trouver [&hellip;]<\/p>\n","protected":false},"author":2,"featured_media":3134120,"parent":0,"menu_order":0,"comment_status":"closed","ping_status":"closed","template":"best-esim-template.php","meta":{"_lmt_disableupdate":"no","_lmt_disable":""},"categories":[600181],"acf":[],"_links":{"self":[{"href":"https:\/\/expertworldtravel.com\/fr\/wp-json\/wp\/v2\/pages\/3138294"}],"collection":[{"href":"https:\/\/expertworldtravel.com\/fr\/wp-json\/wp\/v2\/pages"}],"about":[{"href":"https:\/\/expertworldtravel.com\/fr\/wp-json\/wp\/v2\/types\/page"}],"author":[{"embeddable":true,"href":"https:\/\/expertworldtravel.com\/fr\/wp-json\/wp\/v2\/users\/2"}],"replies":[{"embeddable":true,"href":"https:\/\/expertworldtravel.com\/fr\/wp-json\/wp\/v2\/comments?post=3138294"}],"version-history":[{"count":1,"href":"https:\/\/expertworldtravel.com\/fr\/wp-json\/wp\/v2\/pages\/3138294\/revisions"}],"predecessor-version":[{"id":3138297,"href":"https:\/\/expertworldtravel.com\/fr\/wp-json\/wp\/v2\/pages\/3138294\/revisions\/3138297"}],"wp:featuredmedia":[{"embeddable":true,"href":"https:\/\/expertworldtravel.com\/fr\/wp-json\/wp\/v2\/media\/3134120"}],"wp:attachment":[{"href":"https:\/\/expertworldtravel.com\/fr\/wp-json\/wp\/v2\/media?parent=3138294"}],"wp:term":[{"taxonomy":"category","embeddable":true,"href":"https:\/\/expertworldtravel.com\/fr\/wp-json\/wp\/v2\/categories?post=3138294"}],"curies":[{"name":"wp","href":"https:\/\/api.w.org\/{rel}","templated":true}]}}