{"id":3138426,"date":"2023-05-11T18:06:35","date_gmt":"2023-05-11T18:06:35","guid":{"rendered":"https:\/\/expertworldtravel.com\/nigeria-les-meilleures-esim-pour-des-donnees-abordables-en-voyage\/"},"modified":"2023-11-20T10:01:18","modified_gmt":"2023-11-20T10:01:18","slug":"esim-nigeria","status":"publish","type":"page","link":"https:\/\/expertworldtravel.com\/fr\/esim-nigeria\/","title":{"rendered":"Meilleures eSIM pour le Nig\u00e9ria (Affordable Travel Data)"},"content":{"rendered":"<p>Vous recherchez une carte eSIM pour le Nig\u00e9ria ?<\/p>\n<p>Lors de nos voyages en Afrique, nous avons essay\u00e9 plusieurs eSIM, dont certaines au Nigeria. Certaines \u00e9taient excellentes, d&rsquo;autres eSIM moins.<\/p>\n<p>Je souhaite mettre en avant quelques-uns des meilleurs plans de donn\u00e9es mobiles eSim pour votre voyage au Nig\u00e9ria.<\/p>\n<h2>Choisir le meilleur ESIM<\/h2>\n<p>L&rsquo;un des d\u00e9fis que pose la recherche en ligne de tous les plans de donn\u00e9es eSIM est de savoir quelle eSIM vous convient le mieux. Comme nous avons utilis\u00e9 un grand nombre d&rsquo;eSIM et que nous avons beaucoup d&rsquo;exp\u00e9rience avec elles, j&rsquo;ai pens\u00e9 partager une strat\u00e9gie simple pour choisir une eSIM.<\/p>\n<p>Vous devez vous poser quelques questions sur la connectivit\u00e9 dont vous avez besoin :<\/p>\n<ul>\n<li>Combien de donn\u00e9es utilisez-vous par jour ?<\/li>\n<li>Quelle est la dur\u00e9e de votre s\u00e9jour au Nigeria ?<\/li>\n<li>Avez-vous besoin d&rsquo;un num\u00e9ro de t\u00e9l\u00e9phone local ou d&rsquo;un SMS ?<\/li>\n<\/ul>\n<p>La plupart du temps, vous n&rsquo;avez pas \u00e0 vous soucier des appels ou des SMS (utilisez plut\u00f4t Whatsapp ou Signal).<\/p>\n<p>Quant aux donn\u00e9es, elles sont souvent disponibles \u00e0 l&rsquo;h\u00f4tel ou dans les caf\u00e9s. Vous devez donc d\u00e9terminer si vous utiliserez beaucoup Youtube, Netflix et Tiktok, ou si vous n&rsquo;utiliserez que quelques sites web.<\/p>\n<p>Nous travaillons sur la route, nous avons donc besoin de beaucoup de donn\u00e9es et nous optons pour des forfaits eSIM illimit\u00e9s lorsque c&rsquo;est possible. Mais si vous pouvez vous contenter de 5 \u00e0 10 Go pour votre voyage, c&rsquo;est souvent l&rsquo;id\u00e9al en termes de prix\/GB.<\/p>\n","protected":false},"excerpt":{"rendered":"<p>Vous recherchez une carte eSIM pour le Nig\u00e9ria ? Lors de nos voyages en Afrique, nous avons essay\u00e9 plusieurs eSIM, dont certaines au Nigeria. Certaines \u00e9taient excellentes, d&rsquo;autres eSIM moins. Je souhaite mettre en avant quelques-uns des meilleurs plans de donn\u00e9es mobiles eSim pour votre voyage au Nig\u00e9ria. Choisir le meilleur ESIM L&rsquo;un des d\u00e9fis [&hellip;]<\/p>\n","protected":false},"author":2,"featured_media":3134146,"parent":0,"menu_order":0,"comment_status":"closed","ping_status":"closed","template":"best-esim-template.php","meta":{"_lmt_disableupdate":"no","_lmt_disable":""},"categories":[600181],"acf":[],"_links":{"self":[{"href":"https:\/\/expertworldtravel.com\/fr\/wp-json\/wp\/v2\/pages\/3138426"}],"collection":[{"href":"https:\/\/expertworldtravel.com\/fr\/wp-json\/wp\/v2\/pages"}],"about":[{"href":"https:\/\/expertworldtravel.com\/fr\/wp-json\/wp\/v2\/types\/page"}],"author":[{"embeddable":true,"href":"https:\/\/expertworldtravel.com\/fr\/wp-json\/wp\/v2\/users\/2"}],"replies":[{"embeddable":true,"href":"https:\/\/expertworldtravel.com\/fr\/wp-json\/wp\/v2\/comments?post=3138426"}],"version-history":[{"count":2,"href":"https:\/\/expertworldtravel.com\/fr\/wp-json\/wp\/v2\/pages\/3138426\/revisions"}],"predecessor-version":[{"id":3141214,"href":"https:\/\/expertworldtravel.com\/fr\/wp-json\/wp\/v2\/pages\/3138426\/revisions\/3141214"}],"wp:featuredmedia":[{"embeddable":true,"href":"https:\/\/expertworldtravel.com\/fr\/wp-json\/wp\/v2\/media\/3134146"}],"wp:attachment":[{"href":"https:\/\/expertworldtravel.com\/fr\/wp-json\/wp\/v2\/media?parent=3138426"}],"wp:term":[{"taxonomy":"category","embeddable":true,"href":"https:\/\/expertworldtravel.com\/fr\/wp-json\/wp\/v2\/categories?post=3138426"}],"curies":[{"name":"wp","href":"https:\/\/api.w.org\/{rel}","templated":true}]}}