{"id":3138461,"date":"2023-04-18T14:34:04","date_gmt":"2023-04-18T14:34:04","guid":{"rendered":"https:\/\/expertworldtravel.com\/meilleure-esim-pour-les-pays-bas-donnees-prepayees-moins-cheres-2\/"},"modified":"2024-12-27T06:59:07","modified_gmt":"2024-12-27T06:59:07","slug":"esim-pays-bas","status":"publish","type":"page","link":"https:\/\/expertworldtravel.com\/fr\/esim-pays-bas\/","title":{"rendered":"Meilleure eSIM pour les Pays-Bas (donn\u00e9es pr\u00e9pay\u00e9es moins ch\u00e8res)"},"content":{"rendered":"<p>Si vous pr\u00e9voyez un voyage aux Pays-Bas, vous vous demandez peut-\u00eatre si une eSIM est le meilleur moyen de rester connect\u00e9 pendant votre voyage.<\/p>\n<p>Les eSims sont un moyen de plus en plus populaire de disposer d&rsquo;une connexion de donn\u00e9es \u00e0 l&rsquo;\u00e9tranger, car ils sont beaucoup moins chers que l&rsquo;itin\u00e9rance des donn\u00e9es et plus pratiques.<\/p>\n<p>Je vous aiderai \u00e0 trouver la meilleure eSIM pour les Pays-Bas. Nous allons examiner les principaux fournisseurs eSIM, leur couverture, les vitesses de connexion, et plus encore, afin que vous puissiez trouver le meilleur plan de donn\u00e9es eSIM pour vos besoins pendant votre s\u00e9jour aux Pays-Bas.<\/p>\n<h2>Meilleurs fournisseurs d&rsquo;eSIM aux Pays-Bas<\/h2>\n","protected":false},"excerpt":{"rendered":"<p>Si vous pr\u00e9voyez un voyage aux Pays-Bas, vous vous demandez peut-\u00eatre si une eSIM est le meilleur moyen de rester connect\u00e9 pendant votre voyage. Les eSims sont un moyen de plus en plus populaire de disposer d&rsquo;une connexion de donn\u00e9es \u00e0 l&rsquo;\u00e9tranger, car ils sont beaucoup moins chers que l&rsquo;itin\u00e9rance des donn\u00e9es et plus pratiques. [&hellip;]<\/p>\n","protected":false},"author":2,"featured_media":3133995,"parent":0,"menu_order":0,"comment_status":"closed","ping_status":"closed","template":"best-esim-template.php","meta":{"_lmt_disableupdate":"no","_lmt_disable":""},"categories":[600181,600241],"acf":[],"_links":{"self":[{"href":"https:\/\/expertworldtravel.com\/fr\/wp-json\/wp\/v2\/pages\/3138461"}],"collection":[{"href":"https:\/\/expertworldtravel.com\/fr\/wp-json\/wp\/v2\/pages"}],"about":[{"href":"https:\/\/expertworldtravel.com\/fr\/wp-json\/wp\/v2\/types\/page"}],"author":[{"embeddable":true,"href":"https:\/\/expertworldtravel.com\/fr\/wp-json\/wp\/v2\/users\/2"}],"replies":[{"embeddable":true,"href":"https:\/\/expertworldtravel.com\/fr\/wp-json\/wp\/v2\/comments?post=3138461"}],"version-history":[{"count":2,"href":"https:\/\/expertworldtravel.com\/fr\/wp-json\/wp\/v2\/pages\/3138461\/revisions"}],"predecessor-version":[{"id":3141372,"href":"https:\/\/expertworldtravel.com\/fr\/wp-json\/wp\/v2\/pages\/3138461\/revisions\/3141372"}],"wp:featuredmedia":[{"embeddable":true,"href":"https:\/\/expertworldtravel.com\/fr\/wp-json\/wp\/v2\/media\/3133995"}],"wp:attachment":[{"href":"https:\/\/expertworldtravel.com\/fr\/wp-json\/wp\/v2\/media?parent=3138461"}],"wp:term":[{"taxonomy":"category","embeddable":true,"href":"https:\/\/expertworldtravel.com\/fr\/wp-json\/wp\/v2\/categories?post=3138461"}],"curies":[{"name":"wp","href":"https:\/\/api.w.org\/{rel}","templated":true}]}}