{"id":3138493,"date":"2023-05-02T18:33:27","date_gmt":"2023-05-02T18:33:27","guid":{"rendered":"https:\/\/expertworldtravel.com\/meilleure-esim-pour-lafrique-du-sud-un-guide-pour-les-voyageurs\/"},"modified":"2024-12-23T14:00:05","modified_gmt":"2024-12-23T14:00:05","slug":"esim-afrique-du-sud","status":"publish","type":"page","link":"https:\/\/expertworldtravel.com\/fr\/esim-afrique-du-sud\/","title":{"rendered":"Meilleure eSIM pour l&rsquo;Afrique du Sud : Un guide pour les voyageurs"},"content":{"rendered":"<p>Vous vous demandez quelle eSIM choisir pour l&rsquo;Afrique du Sud ?<\/p>\n<p>Les ESIM sont un nouveau moyen d&rsquo;obtenir des donn\u00e9es \u00e0 un prix abordable lors de vos d\u00e9placements. Ils vous permettent d&rsquo;\u00e9conomiser des frais d&rsquo;itin\u00e9rance et de rester connect\u00e9 o\u00f9 que vous soyez en Afrique du Sud.<\/p>\n<p>Rejoignez-moi pour passer en revue les meilleures eSIM pour l&rsquo;Afrique du Sud en examinant leurs forfaits, leur prix, leur couverture, leurs vitesses, et plus encore, afin que vous puissiez trouver la meilleure eSIM pour l&rsquo;Afrique du Sud pour vos voyages.<\/p>\n","protected":false},"excerpt":{"rendered":"<p>Vous vous demandez quelle eSIM choisir pour l&rsquo;Afrique du Sud ? Les ESIM sont un nouveau moyen d&rsquo;obtenir des donn\u00e9es \u00e0 un prix abordable lors de vos d\u00e9placements. Ils vous permettent d&rsquo;\u00e9conomiser des frais d&rsquo;itin\u00e9rance et de rester connect\u00e9 o\u00f9 que vous soyez en Afrique du Sud. Rejoignez-moi pour passer en revue les meilleures eSIM [&hellip;]<\/p>\n","protected":false},"author":2,"featured_media":3134118,"parent":0,"menu_order":0,"comment_status":"closed","ping_status":"closed","template":"best-esim-template.php","meta":{"_lmt_disableupdate":"no","_lmt_disable":""},"categories":[600181],"acf":[],"_links":{"self":[{"href":"https:\/\/expertworldtravel.com\/fr\/wp-json\/wp\/v2\/pages\/3138493"}],"collection":[{"href":"https:\/\/expertworldtravel.com\/fr\/wp-json\/wp\/v2\/pages"}],"about":[{"href":"https:\/\/expertworldtravel.com\/fr\/wp-json\/wp\/v2\/types\/page"}],"author":[{"embeddable":true,"href":"https:\/\/expertworldtravel.com\/fr\/wp-json\/wp\/v2\/users\/2"}],"replies":[{"embeddable":true,"href":"https:\/\/expertworldtravel.com\/fr\/wp-json\/wp\/v2\/comments?post=3138493"}],"version-history":[{"count":1,"href":"https:\/\/expertworldtravel.com\/fr\/wp-json\/wp\/v2\/pages\/3138493\/revisions"}],"predecessor-version":[{"id":3138495,"href":"https:\/\/expertworldtravel.com\/fr\/wp-json\/wp\/v2\/pages\/3138493\/revisions\/3138495"}],"wp:featuredmedia":[{"embeddable":true,"href":"https:\/\/expertworldtravel.com\/fr\/wp-json\/wp\/v2\/media\/3134118"}],"wp:attachment":[{"href":"https:\/\/expertworldtravel.com\/fr\/wp-json\/wp\/v2\/media?parent=3138493"}],"wp:term":[{"taxonomy":"category","embeddable":true,"href":"https:\/\/expertworldtravel.com\/fr\/wp-json\/wp\/v2\/categories?post=3138493"}],"curies":[{"name":"wp","href":"https:\/\/api.w.org\/{rel}","templated":true}]}}