{"id":3138565,"date":"2023-08-31T11:08:19","date_gmt":"2023-08-31T11:08:19","guid":{"rendered":"https:\/\/expertworldtravel.com\/meilleure-esim-pour-la-republique-tcheque-comparaison-des-donnees-prepayees\/"},"modified":"2023-08-31T12:26:49","modified_gmt":"2023-08-31T12:26:49","slug":"esim-republique-tcheque","status":"publish","type":"page","link":"https:\/\/expertworldtravel.com\/fr\/esim-republique-tcheque\/","title":{"rendered":"Meilleure eSIM pour la R\u00e9publique tch\u00e8que (comparaison des donn\u00e9es pr\u00e9pay\u00e9es)"},"content":{"rendered":"<p>Vous partez en R\u00e9publique tch\u00e8que ou \u00e0 Prague et avez besoin d&rsquo;une eSIM pour vos donn\u00e9es de voyage ? Excellent choix !<\/p>\n<p>Notre guide eSIM d\u00e9taill\u00e9 vous pr\u00e9sentera les meilleures options eSIM pour la R\u00e9publique tch\u00e8que ou Prague, de l&rsquo;option bon march\u00e9 et facile \u00e0 l&rsquo;option de donn\u00e9es illimit\u00e9es pour votre voyage.<\/p>\n<p>Nous utilisons des eSIM depuis un certain temps et nous savons ce qu&rsquo;il faut rechercher pour obtenir la meilleure eSIM possible pour un voyage en R\u00e9publique tch\u00e8que.<\/p>\n","protected":false},"excerpt":{"rendered":"<p>Vous partez en R\u00e9publique tch\u00e8que ou \u00e0 Prague et avez besoin d&rsquo;une eSIM pour vos donn\u00e9es de voyage ? Excellent choix ! Notre guide eSIM d\u00e9taill\u00e9 vous pr\u00e9sentera les meilleures options eSIM pour la R\u00e9publique tch\u00e8que ou Prague, de l&rsquo;option bon march\u00e9 et facile \u00e0 l&rsquo;option de donn\u00e9es illimit\u00e9es pour votre voyage. Nous utilisons des [&hellip;]<\/p>\n","protected":false},"author":2,"featured_media":0,"parent":0,"menu_order":0,"comment_status":"closed","ping_status":"closed","template":"best-esim-template.php","meta":{"_lmt_disableupdate":"no","_lmt_disable":""},"categories":[600244],"acf":[],"_links":{"self":[{"href":"https:\/\/expertworldtravel.com\/fr\/wp-json\/wp\/v2\/pages\/3138565"}],"collection":[{"href":"https:\/\/expertworldtravel.com\/fr\/wp-json\/wp\/v2\/pages"}],"about":[{"href":"https:\/\/expertworldtravel.com\/fr\/wp-json\/wp\/v2\/types\/page"}],"author":[{"embeddable":true,"href":"https:\/\/expertworldtravel.com\/fr\/wp-json\/wp\/v2\/users\/2"}],"replies":[{"embeddable":true,"href":"https:\/\/expertworldtravel.com\/fr\/wp-json\/wp\/v2\/comments?post=3138565"}],"version-history":[{"count":3,"href":"https:\/\/expertworldtravel.com\/fr\/wp-json\/wp\/v2\/pages\/3138565\/revisions"}],"predecessor-version":[{"id":3138607,"href":"https:\/\/expertworldtravel.com\/fr\/wp-json\/wp\/v2\/pages\/3138565\/revisions\/3138607"}],"wp:attachment":[{"href":"https:\/\/expertworldtravel.com\/fr\/wp-json\/wp\/v2\/media?parent=3138565"}],"wp:term":[{"taxonomy":"category","embeddable":true,"href":"https:\/\/expertworldtravel.com\/fr\/wp-json\/wp\/v2\/categories?post=3138565"}],"curies":[{"name":"wp","href":"https:\/\/api.w.org\/{rel}","templated":true}]}}