{"id":3138691,"date":"2023-05-13T22:43:26","date_gmt":"2023-05-13T22:43:26","guid":{"rendered":"https:\/\/expertworldtravel.com\/meilleure-esim-pour-le-kenya-restez-connecte-pendant-votre-voyage\/"},"modified":"2023-09-01T18:28:37","modified_gmt":"2023-09-01T18:28:37","slug":"esim-kenya","status":"publish","type":"page","link":"https:\/\/expertworldtravel.com\/fr\/esim-kenya\/","title":{"rendered":"Meilleure eSIM pour le Kenya (Restez connect\u00e9 pendant votre voyage)"},"content":{"rendered":"<p>Si vous \u00eates \u00e0 la recherche d&rsquo;une eSIM pour rester connect\u00e9 lors de vos d\u00e9placements au Kenya, vous \u00eates au bon endroit.<\/p>\n<p>J&rsquo;ai pass\u00e9 beaucoup de temps au Kenya, et croyez-moi quand je vous dis que vous allez faire un voyage inoubliable, alors trouvons la meilleure option eSIM.<\/p>\n<p>Vous pouvez acheter une carte SIM physique \u00e0 l&rsquo;a\u00e9roport, mais c&rsquo;est un peu compliqu\u00e9. \u00c0 mon avis, la carte eSIM du Kenya est la meilleure solution. Ci-dessous, j&rsquo;ai pass\u00e9 en revue les meilleurs plans eSIM Kenya des principaux fournisseurs mondiaux afin que vous puissiez trouver la meilleure eSIM&nbsp;pour le Kenya pour votre prochain voyage.<\/p>\n","protected":false},"excerpt":{"rendered":"<p>Si vous \u00eates \u00e0 la recherche d&rsquo;une eSIM pour rester connect\u00e9 lors de vos d\u00e9placements au Kenya, vous \u00eates au bon endroit. J&rsquo;ai pass\u00e9 beaucoup de temps au Kenya, et croyez-moi quand je vous dis que vous allez faire un voyage inoubliable, alors trouvons la meilleure option eSIM. Vous pouvez acheter une carte SIM physique [&hellip;]<\/p>\n","protected":false},"author":2,"featured_media":3134154,"parent":0,"menu_order":0,"comment_status":"closed","ping_status":"closed","template":"best-esim-template.php","meta":{"_lmt_disableupdate":"no","_lmt_disable":""},"categories":[600181],"acf":[],"_links":{"self":[{"href":"https:\/\/expertworldtravel.com\/fr\/wp-json\/wp\/v2\/pages\/3138691"}],"collection":[{"href":"https:\/\/expertworldtravel.com\/fr\/wp-json\/wp\/v2\/pages"}],"about":[{"href":"https:\/\/expertworldtravel.com\/fr\/wp-json\/wp\/v2\/types\/page"}],"author":[{"embeddable":true,"href":"https:\/\/expertworldtravel.com\/fr\/wp-json\/wp\/v2\/users\/2"}],"replies":[{"embeddable":true,"href":"https:\/\/expertworldtravel.com\/fr\/wp-json\/wp\/v2\/comments?post=3138691"}],"version-history":[{"count":1,"href":"https:\/\/expertworldtravel.com\/fr\/wp-json\/wp\/v2\/pages\/3138691\/revisions"}],"predecessor-version":[{"id":3138692,"href":"https:\/\/expertworldtravel.com\/fr\/wp-json\/wp\/v2\/pages\/3138691\/revisions\/3138692"}],"wp:featuredmedia":[{"embeddable":true,"href":"https:\/\/expertworldtravel.com\/fr\/wp-json\/wp\/v2\/media\/3134154"}],"wp:attachment":[{"href":"https:\/\/expertworldtravel.com\/fr\/wp-json\/wp\/v2\/media?parent=3138691"}],"wp:term":[{"taxonomy":"category","embeddable":true,"href":"https:\/\/expertworldtravel.com\/fr\/wp-json\/wp\/v2\/categories?post=3138691"}],"curies":[{"name":"wp","href":"https:\/\/api.w.org\/{rel}","templated":true}]}}