{"id":3138718,"date":"2023-04-05T09:07:12","date_gmt":"2023-04-05T09:07:12","guid":{"rendered":"https:\/\/expertworldtravel.com\/meilleure-esim-pour-le-cambodge-restez-connecte-pendant-votre-voyage\/"},"modified":"2024-12-23T15:40:37","modified_gmt":"2024-12-23T15:40:37","slug":"esim-cambodge","status":"publish","type":"page","link":"https:\/\/expertworldtravel.com\/fr\/esim-cambodge\/","title":{"rendered":"5 meilleures eSIM pour le Cambodge (Restez connect\u00e9 pendant votre voyage)"},"content":{"rendered":"<p class=\"ifp\">Vous souhaitez obtenir une carte eSIM pour un voyage au Cambodge, mais vous ne savez pas quelles sont les possibilit\u00e9s qui s&rsquo;offrent \u00e0 vous ? Vous \u00eates au bon endroit, car ce guide d\u00e9taill\u00e9 pr\u00e9sente toutes les meilleures eSIM pour le Cambodge !<\/p>\n<p>Que vous ayez besoin d&rsquo;une eSIM pour une semaine ou pour plus d&rsquo;un mois, vous trouverez ici quelques options int\u00e9ressantes.<\/p>\n<p>J&rsquo;ai \u00e9galement inclus les forfaits de donn\u00e9es limit\u00e9s et illimit\u00e9s, ainsi que les options des fournisseurs internationaux et locaux, afin que vous ayez une bonne vue d&rsquo;ensemble de la meilleure eSIM pour le Cambodge !<\/p>\n<div class=\"highlight-box\">\n<h3>Choisir la carte eSIM id\u00e9ale<\/h3>\n<p>Le choix de la bonne eSIM pour votre voyage se r\u00e9sume \u00e0 quelques choix simples :<\/p>\n<ul>\n<li>Donn\u00e9es illimit\u00e9es ou quelques Go de donn\u00e9es<\/li>\n<li>Avez-vous besoin d&rsquo;appels et de SMS ?<\/li>\n<li>Un pays ou plusieurs en Asie<\/li>\n<\/ul>\n<p>Une fois que vous avez r\u00e9pondu \u00e0 ces questions, il devient beaucoup plus simple de choisir la carte eSIM id\u00e9ale.<\/p>\n<\/div>\n","protected":false},"excerpt":{"rendered":"<p>Vous souhaitez obtenir une carte eSIM pour un voyage au Cambodge, mais vous ne savez pas quelles sont les possibilit\u00e9s qui s&rsquo;offrent \u00e0 vous ? Vous \u00eates au bon endroit, car ce guide d\u00e9taill\u00e9 pr\u00e9sente toutes les meilleures eSIM pour le Cambodge ! Que vous ayez besoin d&rsquo;une eSIM pour une semaine ou pour plus [&hellip;]<\/p>\n","protected":false},"author":2,"featured_media":3133810,"parent":0,"menu_order":0,"comment_status":"closed","ping_status":"closed","template":"best-esim-template.php","meta":{"_lmt_disableupdate":"no","_lmt_disable":""},"categories":[600185,600181],"acf":[],"_links":{"self":[{"href":"https:\/\/expertworldtravel.com\/fr\/wp-json\/wp\/v2\/pages\/3138718"}],"collection":[{"href":"https:\/\/expertworldtravel.com\/fr\/wp-json\/wp\/v2\/pages"}],"about":[{"href":"https:\/\/expertworldtravel.com\/fr\/wp-json\/wp\/v2\/types\/page"}],"author":[{"embeddable":true,"href":"https:\/\/expertworldtravel.com\/fr\/wp-json\/wp\/v2\/users\/2"}],"replies":[{"embeddable":true,"href":"https:\/\/expertworldtravel.com\/fr\/wp-json\/wp\/v2\/comments?post=3138718"}],"version-history":[{"count":6,"href":"https:\/\/expertworldtravel.com\/fr\/wp-json\/wp\/v2\/pages\/3138718\/revisions"}],"predecessor-version":[{"id":3141358,"href":"https:\/\/expertworldtravel.com\/fr\/wp-json\/wp\/v2\/pages\/3138718\/revisions\/3141358"}],"wp:featuredmedia":[{"embeddable":true,"href":"https:\/\/expertworldtravel.com\/fr\/wp-json\/wp\/v2\/media\/3133810"}],"wp:attachment":[{"href":"https:\/\/expertworldtravel.com\/fr\/wp-json\/wp\/v2\/media?parent=3138718"}],"wp:term":[{"taxonomy":"category","embeddable":true,"href":"https:\/\/expertworldtravel.com\/fr\/wp-json\/wp\/v2\/categories?post=3138718"}],"curies":[{"name":"wp","href":"https:\/\/api.w.org\/{rel}","templated":true}]}}