{"id":3138741,"date":"2023-03-31T13:26:50","date_gmt":"2023-03-31T13:26:50","guid":{"rendered":"https:\/\/expertworldtravel.com\/meilleure-esim-pour-la-malaisie-plans-de-donnees-moins-chers\/"},"modified":"2024-12-20T14:09:40","modified_gmt":"2024-12-20T14:09:40","slug":"esim-malaisie","status":"publish","type":"page","link":"https:\/\/expertworldtravel.com\/fr\/esim-malaisie\/","title":{"rendered":"6 Meilleures eSIM pour la Malaisie (Plans de donn\u00e9es moins chers)"},"content":{"rendered":"<p>Vous cherchez \u00e0 acheter une eSim malaisienne pour un prochain voyage ? Ce guide d\u00e9taill\u00e9 vous pr\u00e9sentera les<strong> meilleurs plans de donn\u00e9es eSim pour la Malaisie<\/strong>!<\/p>\n<p>Les Esims sont le meilleur moyen d&rsquo;\u00e9viter le stress li\u00e9 \u00e0 l&rsquo;obtention d&rsquo;une carte SIM locale ou au paiement de frais d&rsquo;itin\u00e9rance de donn\u00e9es \u00e9lev\u00e9s ! Je les utilise dans le monde entier depuis deux ans.<\/p>\n<p>Que vous ayez besoin de donn\u00e9es pour quelques jours ou quelques mois, il existe au moins un fournisseur Malaysia eSim pour vous. Faites d\u00e9filer vers le bas pour trouver le plan de donn\u00e9es eSim id\u00e9al pour vos voyages.<\/p>\n","protected":false},"excerpt":{"rendered":"<p>Vous cherchez \u00e0 acheter une eSim malaisienne pour un prochain voyage ? Ce guide d\u00e9taill\u00e9 vous pr\u00e9sentera les meilleurs plans de donn\u00e9es eSim pour la Malaisie! Les Esims sont le meilleur moyen d&rsquo;\u00e9viter le stress li\u00e9 \u00e0 l&rsquo;obtention d&rsquo;une carte SIM locale ou au paiement de frais d&rsquo;itin\u00e9rance de donn\u00e9es \u00e9lev\u00e9s ! Je les utilise [&hellip;]<\/p>\n","protected":false},"author":6,"featured_media":3133957,"parent":0,"menu_order":0,"comment_status":"closed","ping_status":"closed","template":"best-esim-template.php","meta":{"_lmt_disableupdate":"no","_lmt_disable":""},"categories":[600185,600181],"acf":[],"_links":{"self":[{"href":"https:\/\/expertworldtravel.com\/fr\/wp-json\/wp\/v2\/pages\/3138741"}],"collection":[{"href":"https:\/\/expertworldtravel.com\/fr\/wp-json\/wp\/v2\/pages"}],"about":[{"href":"https:\/\/expertworldtravel.com\/fr\/wp-json\/wp\/v2\/types\/page"}],"author":[{"embeddable":true,"href":"https:\/\/expertworldtravel.com\/fr\/wp-json\/wp\/v2\/users\/6"}],"replies":[{"embeddable":true,"href":"https:\/\/expertworldtravel.com\/fr\/wp-json\/wp\/v2\/comments?post=3138741"}],"version-history":[{"count":2,"href":"https:\/\/expertworldtravel.com\/fr\/wp-json\/wp\/v2\/pages\/3138741\/revisions"}],"predecessor-version":[{"id":3141766,"href":"https:\/\/expertworldtravel.com\/fr\/wp-json\/wp\/v2\/pages\/3138741\/revisions\/3141766"}],"wp:featuredmedia":[{"embeddable":true,"href":"https:\/\/expertworldtravel.com\/fr\/wp-json\/wp\/v2\/media\/3133957"}],"wp:attachment":[{"href":"https:\/\/expertworldtravel.com\/fr\/wp-json\/wp\/v2\/media?parent=3138741"}],"wp:term":[{"taxonomy":"category","embeddable":true,"href":"https:\/\/expertworldtravel.com\/fr\/wp-json\/wp\/v2\/categories?post=3138741"}],"curies":[{"name":"wp","href":"https:\/\/api.w.org\/{rel}","templated":true}]}}