{"id":3138748,"date":"2023-04-29T09:40:08","date_gmt":"2023-04-29T09:40:08","guid":{"rendered":"https:\/\/expertworldtravel.com\/meilleure-esim-pour-linde-donnees-prepayees-a-moindre-cout\/"},"modified":"2024-12-26T16:58:51","modified_gmt":"2024-12-26T16:58:51","slug":"esim-inde","status":"publish","type":"page","link":"https:\/\/expertworldtravel.com\/fr\/esim-inde\/","title":{"rendered":"Meilleure eSIM pour l&rsquo;Inde (donn\u00e9es pr\u00e9pay\u00e9es \u00e0 moindre co\u00fbt)"},"content":{"rendered":"<p>Vous cherchez la meilleure eSIM pour votre prochain voyage en Inde ? Ce guide vous pr\u00e9sentera les meilleures options de cartes eSIM pour l&rsquo;Inde ! <\/p>\n<p>Vous trouverez ci-dessous une s\u00e9rie de forfaits eSim pr\u00e9pay\u00e9s pour les donn\u00e9es, propos\u00e9s par des fournisseurs locaux et internationaux &#8211; des petits aux grands forfaits, et m\u00eame des donn\u00e9es illimit\u00e9es si vous le souhaitez.<\/p>\n<p>Faites d\u00e9filer les pages pour d\u00e9couvrir les meilleures eSIM pour l&rsquo;Inde afin de faciliter votre voyage !<\/p>\n<h2>Les meilleurs fournisseurs d&rsquo;eSIM en Inde<\/h2>\n","protected":false},"excerpt":{"rendered":"<p>Vous cherchez la meilleure eSIM pour votre prochain voyage en Inde ? Ce guide vous pr\u00e9sentera les meilleures options de cartes eSIM pour l&rsquo;Inde ! Vous trouverez ci-dessous une s\u00e9rie de forfaits eSim pr\u00e9pay\u00e9s pour les donn\u00e9es, propos\u00e9s par des fournisseurs locaux et internationaux &#8211; des petits aux grands forfaits, et m\u00eame des donn\u00e9es illimit\u00e9es [&hellip;]<\/p>\n","protected":false},"author":6,"featured_media":0,"parent":0,"menu_order":0,"comment_status":"closed","ping_status":"closed","template":"best-esim-template.php","meta":{"_lmt_disableupdate":"no","_lmt_disable":""},"categories":[600272,600181],"acf":[],"_links":{"self":[{"href":"https:\/\/expertworldtravel.com\/fr\/wp-json\/wp\/v2\/pages\/3138748"}],"collection":[{"href":"https:\/\/expertworldtravel.com\/fr\/wp-json\/wp\/v2\/pages"}],"about":[{"href":"https:\/\/expertworldtravel.com\/fr\/wp-json\/wp\/v2\/types\/page"}],"author":[{"embeddable":true,"href":"https:\/\/expertworldtravel.com\/fr\/wp-json\/wp\/v2\/users\/6"}],"replies":[{"embeddable":true,"href":"https:\/\/expertworldtravel.com\/fr\/wp-json\/wp\/v2\/comments?post=3138748"}],"version-history":[{"count":2,"href":"https:\/\/expertworldtravel.com\/fr\/wp-json\/wp\/v2\/pages\/3138748\/revisions"}],"predecessor-version":[{"id":3141709,"href":"https:\/\/expertworldtravel.com\/fr\/wp-json\/wp\/v2\/pages\/3138748\/revisions\/3141709"}],"wp:attachment":[{"href":"https:\/\/expertworldtravel.com\/fr\/wp-json\/wp\/v2\/media?parent=3138748"}],"wp:term":[{"taxonomy":"category","embeddable":true,"href":"https:\/\/expertworldtravel.com\/fr\/wp-json\/wp\/v2\/categories?post=3138748"}],"curies":[{"name":"wp","href":"https:\/\/api.w.org\/{rel}","templated":true}]}}