{"id":3138776,"date":"2023-04-25T09:49:22","date_gmt":"2023-04-25T09:49:22","guid":{"rendered":"https:\/\/expertworldtravel.com\/meilleure-esim-pour-la-chine-acces-facile-a-internet\/"},"modified":"2024-12-20T13:10:35","modified_gmt":"2024-12-20T13:10:35","slug":"esim-chine","status":"publish","type":"page","link":"https:\/\/expertworldtravel.com\/fr\/esim-chine\/","title":{"rendered":"Meilleure eSIM pour la Chine (acc\u00e8s facile \u00e0 Internet)"},"content":{"rendered":"<p>Vous voyagez en Chine et vous avez besoin d&rsquo;une carte eSIM pour acc\u00e9der facilement \u00e0 l&rsquo;internet ?<\/p>\n<p>Une carte eSIM pour la Chine vous permet de b\u00e9n\u00e9ficier d&rsquo;une allocation de donn\u00e9es mobiles que vous pouvez utiliser o\u00f9 et quand vous le souhaitez.<\/p>\n<p>C&rsquo;est une meilleure option qu&rsquo;une carte SIM locale parce qu&rsquo;elle est plus facile \u00e0 acheter et que vous pouvez l&rsquo;acheter et l&rsquo;installer en cinq minutes environ. Ce guide d\u00e9taill\u00e9 comprend \u00e9galement quelques <a href=\"https:\/\/expertworldtravel.com\/best-esim-asia\/\" target=\"_blank\" rel=\"noopener\">options eSIM avec une couverture r\u00e9gionale en Asie<\/a>, pour les voyageurs qui pr\u00e9voient de visiter d&rsquo;autres pays en plus de la Chine !<\/p>\n","protected":false},"excerpt":{"rendered":"<p>Vous voyagez en Chine et vous avez besoin d&rsquo;une carte eSIM pour acc\u00e9der facilement \u00e0 l&rsquo;internet ? Une carte eSIM pour la Chine vous permet de b\u00e9n\u00e9ficier d&rsquo;une allocation de donn\u00e9es mobiles que vous pouvez utiliser o\u00f9 et quand vous le souhaitez. C&rsquo;est une meilleure option qu&rsquo;une carte SIM locale parce qu&rsquo;elle est plus facile [&hellip;]<\/p>\n","protected":false},"author":6,"featured_media":3134019,"parent":0,"menu_order":0,"comment_status":"closed","ping_status":"closed","template":"best-esim-template.php","meta":{"_lmt_disableupdate":"no","_lmt_disable":""},"categories":[600185,600181],"acf":[],"_links":{"self":[{"href":"https:\/\/expertworldtravel.com\/fr\/wp-json\/wp\/v2\/pages\/3138776"}],"collection":[{"href":"https:\/\/expertworldtravel.com\/fr\/wp-json\/wp\/v2\/pages"}],"about":[{"href":"https:\/\/expertworldtravel.com\/fr\/wp-json\/wp\/v2\/types\/page"}],"author":[{"embeddable":true,"href":"https:\/\/expertworldtravel.com\/fr\/wp-json\/wp\/v2\/users\/6"}],"replies":[{"embeddable":true,"href":"https:\/\/expertworldtravel.com\/fr\/wp-json\/wp\/v2\/comments?post=3138776"}],"version-history":[{"count":2,"href":"https:\/\/expertworldtravel.com\/fr\/wp-json\/wp\/v2\/pages\/3138776\/revisions"}],"predecessor-version":[{"id":3141729,"href":"https:\/\/expertworldtravel.com\/fr\/wp-json\/wp\/v2\/pages\/3138776\/revisions\/3141729"}],"wp:featuredmedia":[{"embeddable":true,"href":"https:\/\/expertworldtravel.com\/fr\/wp-json\/wp\/v2\/media\/3134019"}],"wp:attachment":[{"href":"https:\/\/expertworldtravel.com\/fr\/wp-json\/wp\/v2\/media?parent=3138776"}],"wp:term":[{"taxonomy":"category","embeddable":true,"href":"https:\/\/expertworldtravel.com\/fr\/wp-json\/wp\/v2\/categories?post=3138776"}],"curies":[{"name":"wp","href":"https:\/\/api.w.org\/{rel}","templated":true}]}}