{"id":3138950,"date":"2023-09-05T14:53:38","date_gmt":"2023-09-05T14:53:38","guid":{"rendered":"https:\/\/expertworldtravel.com\/meilleure-esim-pour-la-jordanie-comparaison-des-donnees-prepayees\/"},"modified":"2023-09-05T15:04:13","modified_gmt":"2023-09-05T15:04:13","slug":"esim-jordanie","status":"publish","type":"page","link":"https:\/\/expertworldtravel.com\/fr\/esim-jordanie\/","title":{"rendered":"Meilleure eSIM pour la Jordanie (Comparaison des donn\u00e9es pr\u00e9pay\u00e9es)"},"content":{"rendered":"<p>Vous voyagez en Jordanie et avez besoin d&rsquo;une carte eSIM pr\u00e9pay\u00e9e pour les donn\u00e9es ?&nbsp;<\/p>\n<p>Les ESIM sont le moyen id\u00e9al d&rsquo;\u00e9viter les frais d&rsquo;itin\u00e9rance lorsque vous \u00eates en Jordanie. Mais il peut \u00eatre difficile de s&rsquo;y retrouver parmi toutes les options eSIM pr\u00e9pay\u00e9es qui existent.<\/p>\n<p>C&rsquo;est pourquoi nous avons rassembl\u00e9 toutes les meilleures eSIM pour la Jordanie en un seul endroit, afin de vous aider \u00e0 trouver la eSIM id\u00e9ale le plus rapidement possible.<\/p>\n","protected":false},"excerpt":{"rendered":"<p>Vous voyagez en Jordanie et avez besoin d&rsquo;une carte eSIM pr\u00e9pay\u00e9e pour les donn\u00e9es ?&nbsp; Les ESIM sont le moyen id\u00e9al d&rsquo;\u00e9viter les frais d&rsquo;itin\u00e9rance lorsque vous \u00eates en Jordanie. Mais il peut \u00eatre difficile de s&rsquo;y retrouver parmi toutes les options eSIM pr\u00e9pay\u00e9es qui existent. C&rsquo;est pourquoi nous avons rassembl\u00e9 toutes les meilleures eSIM [&hellip;]<\/p>\n","protected":false},"author":2,"featured_media":3134017,"parent":0,"menu_order":0,"comment_status":"closed","ping_status":"closed","template":"best-esim-template.php","meta":{"_lmt_disableupdate":"no","_lmt_disable":""},"categories":[600287,600181],"acf":[],"_links":{"self":[{"href":"https:\/\/expertworldtravel.com\/fr\/wp-json\/wp\/v2\/pages\/3138950"}],"collection":[{"href":"https:\/\/expertworldtravel.com\/fr\/wp-json\/wp\/v2\/pages"}],"about":[{"href":"https:\/\/expertworldtravel.com\/fr\/wp-json\/wp\/v2\/types\/page"}],"author":[{"embeddable":true,"href":"https:\/\/expertworldtravel.com\/fr\/wp-json\/wp\/v2\/users\/2"}],"replies":[{"embeddable":true,"href":"https:\/\/expertworldtravel.com\/fr\/wp-json\/wp\/v2\/comments?post=3138950"}],"version-history":[{"count":1,"href":"https:\/\/expertworldtravel.com\/fr\/wp-json\/wp\/v2\/pages\/3138950\/revisions"}],"predecessor-version":[{"id":3138958,"href":"https:\/\/expertworldtravel.com\/fr\/wp-json\/wp\/v2\/pages\/3138950\/revisions\/3138958"}],"wp:featuredmedia":[{"embeddable":true,"href":"https:\/\/expertworldtravel.com\/fr\/wp-json\/wp\/v2\/media\/3134017"}],"wp:attachment":[{"href":"https:\/\/expertworldtravel.com\/fr\/wp-json\/wp\/v2\/media?parent=3138950"}],"wp:term":[{"taxonomy":"category","embeddable":true,"href":"https:\/\/expertworldtravel.com\/fr\/wp-json\/wp\/v2\/categories?post=3138950"}],"curies":[{"name":"wp","href":"https:\/\/api.w.org\/{rel}","templated":true}]}}