{"id":3139159,"date":"2023-01-03T18:34:13","date_gmt":"2023-01-03T18:34:13","guid":{"rendered":"https:\/\/expertworldtravel.com\/best-esim-turquie\/"},"modified":"2024-12-24T11:02:15","modified_gmt":"2024-12-24T11:02:15","slug":"esim-turquie","status":"publish","type":"page","link":"https:\/\/expertworldtravel.com\/fr\/esim-turquie\/","title":{"rendered":"Meilleure eSIM pour la Turquie en 2025 (Cheap Travel Data)"},"content":{"rendered":"<p>Si vous pr\u00e9voyez de voyager en Turquie et que vous vous demandez quelle est la meilleure eSIM pour votre voyage, ne cherchez pas plus loin.<\/p>\n<p>Les eSIM pour la Turquie sont un excellent moyen d&rsquo;\u00e9viter les frais d&rsquo;itin\u00e9rance des donn\u00e9es et les tracas des cartes SIM locales.<\/p>\n<p>Je vais vous montrer ci-dessous <strong>les meilleures eSIM pour la Turquie<\/strong> afin que vous puissiez \u00eatre en ligne quelques minutes apr\u00e8s l&rsquo;atterrissage et rester connect\u00e9 tout au long de votre voyage.<\/p>\n","protected":false},"excerpt":{"rendered":"<p>Si vous pr\u00e9voyez de voyager en Turquie et que vous vous demandez quelle est la meilleure eSIM pour votre voyage, ne cherchez pas plus loin. Les eSIM pour la Turquie sont un excellent moyen d&rsquo;\u00e9viter les frais d&rsquo;itin\u00e9rance des donn\u00e9es et les tracas des cartes SIM locales. Je vais vous montrer ci-dessous les meilleures eSIM [&hellip;]<\/p>\n","protected":false},"author":6,"featured_media":3132780,"parent":0,"menu_order":0,"comment_status":"closed","ping_status":"closed","template":"best-template.php","meta":{"_lmt_disableupdate":"no","_lmt_disable":""},"categories":[600181,600305],"acf":[],"_links":{"self":[{"href":"https:\/\/expertworldtravel.com\/fr\/wp-json\/wp\/v2\/pages\/3139159"}],"collection":[{"href":"https:\/\/expertworldtravel.com\/fr\/wp-json\/wp\/v2\/pages"}],"about":[{"href":"https:\/\/expertworldtravel.com\/fr\/wp-json\/wp\/v2\/types\/page"}],"author":[{"embeddable":true,"href":"https:\/\/expertworldtravel.com\/fr\/wp-json\/wp\/v2\/users\/6"}],"replies":[{"embeddable":true,"href":"https:\/\/expertworldtravel.com\/fr\/wp-json\/wp\/v2\/comments?post=3139159"}],"version-history":[{"count":2,"href":"https:\/\/expertworldtravel.com\/fr\/wp-json\/wp\/v2\/pages\/3139159\/revisions"}],"predecessor-version":[{"id":3141868,"href":"https:\/\/expertworldtravel.com\/fr\/wp-json\/wp\/v2\/pages\/3139159\/revisions\/3141868"}],"wp:featuredmedia":[{"embeddable":true,"href":"https:\/\/expertworldtravel.com\/fr\/wp-json\/wp\/v2\/media\/3132780"}],"wp:attachment":[{"href":"https:\/\/expertworldtravel.com\/fr\/wp-json\/wp\/v2\/media?parent=3139159"}],"wp:term":[{"taxonomy":"category","embeddable":true,"href":"https:\/\/expertworldtravel.com\/fr\/wp-json\/wp\/v2\/categories?post=3139159"}],"curies":[{"name":"wp","href":"https:\/\/api.w.org\/{rel}","templated":true}]}}