{"id":3139286,"date":"2023-09-07T15:16:38","date_gmt":"2023-09-07T15:16:38","guid":{"rendered":"https:\/\/expertworldtravel.com\/esim-maldives\/"},"modified":"2025-01-21T10:23:40","modified_gmt":"2025-01-21T10:23:40","slug":"esim-maldives","status":"publish","type":"page","link":"https:\/\/expertworldtravel.com\/fr\/esim-maldives\/","title":{"rendered":"La meilleure eSIM pour les Maldives (Data On The Beach)"},"content":{"rendered":"<p>Pourquoi ne pas b\u00e9n\u00e9ficier d&rsquo;un volume important de donn\u00e9es avec une carte eSIM tout en profitant des plages immacul\u00e9es des Maldives ?<\/p>\n<p>Partir en vacances aux Maldives avec un ESIM est un excellent moyen d&rsquo;\u00e9viter les frais d&rsquo;itin\u00e9rance ou de devoir se battre pour trouver une carte SIM ou une connexion wifi \u00e0 l&rsquo;arriv\u00e9e.<\/p>\n<p>Mais quelles entreprises fournissent des eSIM pour les Maldives ? Et pouvez-vous compter sur eux ?<\/p>\n<p>Vous trouverez ci-dessous les meilleures eSIM des Maldives que nous avons trouv\u00e9es en ligne.<\/p>\n","protected":false},"excerpt":{"rendered":"<p>Pourquoi ne pas b\u00e9n\u00e9ficier d&rsquo;un volume important de donn\u00e9es avec une carte eSIM tout en profitant des plages immacul\u00e9es des Maldives ? Partir en vacances aux Maldives avec un ESIM est un excellent moyen d&rsquo;\u00e9viter les frais d&rsquo;itin\u00e9rance ou de devoir se battre pour trouver une carte SIM ou une connexion wifi \u00e0 l&rsquo;arriv\u00e9e. Mais [&hellip;]<\/p>\n","protected":false},"author":1,"featured_media":0,"parent":0,"menu_order":0,"comment_status":"closed","ping_status":"closed","template":"best-esim-template.php","meta":{"_lmt_disableupdate":"","_lmt_disable":""},"categories":[600181],"acf":[],"_links":{"self":[{"href":"https:\/\/expertworldtravel.com\/fr\/wp-json\/wp\/v2\/pages\/3139286"}],"collection":[{"href":"https:\/\/expertworldtravel.com\/fr\/wp-json\/wp\/v2\/pages"}],"about":[{"href":"https:\/\/expertworldtravel.com\/fr\/wp-json\/wp\/v2\/types\/page"}],"author":[{"embeddable":true,"href":"https:\/\/expertworldtravel.com\/fr\/wp-json\/wp\/v2\/users\/1"}],"replies":[{"embeddable":true,"href":"https:\/\/expertworldtravel.com\/fr\/wp-json\/wp\/v2\/comments?post=3139286"}],"version-history":[{"count":1,"href":"https:\/\/expertworldtravel.com\/fr\/wp-json\/wp\/v2\/pages\/3139286\/revisions"}],"predecessor-version":[{"id":3142203,"href":"https:\/\/expertworldtravel.com\/fr\/wp-json\/wp\/v2\/pages\/3139286\/revisions\/3142203"}],"wp:attachment":[{"href":"https:\/\/expertworldtravel.com\/fr\/wp-json\/wp\/v2\/media?parent=3139286"}],"wp:term":[{"taxonomy":"category","embeddable":true,"href":"https:\/\/expertworldtravel.com\/fr\/wp-json\/wp\/v2\/categories?post=3139286"}],"curies":[{"name":"wp","href":"https:\/\/api.w.org\/{rel}","templated":true}]}}