{"id":3141270,"date":"2023-09-27T12:57:10","date_gmt":"2023-09-27T12:57:10","guid":{"rendered":"https:\/\/expertworldtravel.com\/best-esim-denmark\/"},"modified":"2025-01-09T15:47:15","modified_gmt":"2025-01-09T15:47:15","slug":"esim-danemark","status":"publish","type":"page","link":"https:\/\/expertworldtravel.com\/fr\/esim-danemark\/","title":{"rendered":"Meilleure eSIM pour le Danemark (donn\u00e9es abordables)"},"content":{"rendered":"<p>Une carte eSIM est un moyen abordable et facile de vous assurer une couverture r\u00e9seau et un acc\u00e8s \u00e0 l&rsquo;internet pendant votre voyage au Danemark.<\/p>\n<p>C&rsquo;est beaucoup moins cher que l&rsquo;itin\u00e9rance des donn\u00e9es, et c&rsquo;est donc la meilleure option pour les voyageurs qui veulent toujours avoir acc\u00e8s \u00e0 l&rsquo;internet. Il est m\u00eame possible d&rsquo;obtenir une eSIM avec un num\u00e9ro de t\u00e9l\u00e9phone qui fonctionne au Danemark !<\/p>\n<p>J&rsquo;ai pass\u00e9 en revue les forfaits eSIM Danemark de tous les fournisseurs les plus populaires et j&rsquo;ai dress\u00e9 une liste des meilleures options. Poursuivez votre lecture pour d\u00e9couvrir les meilleures options pour une eSIM Danemark !<\/p>\n<h2>Choisir la carte eSIM id\u00e9ale<\/h2>\n<p>Apr\u00e8s avoir pass\u00e9 des mois \u00e0 utiliser des eSIM dans toute l&rsquo;Europe, j&rsquo;ai quelques conseils pour vous aider \u00e0 choisir les meilleures options eSIM.<\/p>\n<p>D&rsquo;apr\u00e8s mon exp\u00e9rience, tout se r\u00e9sume \u00e0 quelques questions que vous devez poser pour trouver la bonne eSIM :<\/p>\n<ul>\n<li>Avez-vous besoin de donn\u00e9es illimit\u00e9es ou seulement de quelques Go par jour ?<\/li>\n<li>Aurez-vous besoin d&rsquo;appeler ou d&rsquo;envoyer des SMS pendant votre s\u00e9jour ?<\/li>\n<li>Vous avez besoin d&rsquo;utiliser un hotspot ou de partager vos donn\u00e9es ?<\/li>\n<\/ul>\n<p>Une fois que vous avez d\u00e9cid\u00e9 de ces deux choses, vous pouvez passer directement aux options suivantes :<\/p>\n<ul>\n<li><strong>Donn\u00e9es illimit\u00e9es<\/strong>\n<ul>\n<li><a href=\"https:\/\/holafly.sjv.io\/kORPX3\" target=\"_blank\" rel=\"nofollow noopener\">Holafly<\/a>, si vous n&rsquo;avez besoin de donn\u00e9es que sur un seul appareil (avec appels)<\/li>\n<li><a href=\"https:\/\/maya.net\/esim\/denmark?pid=48fhb2345dg6\" target=\"_blank\" rel=\"nofollow noopener\">Maya Mobile<\/a> pour le partage des donn\u00e9es (v\u00e9rifiez le forfait, certains ne le font pas)<\/li>\n<\/ul>\n<\/li>\n<li><strong>Quelques Go par jour<\/strong>\n<ul>\n<li>Comparez <a href=\"https:\/\/airalo.pxf.io\/0ZzrJ3\" target=\"_blank\" rel=\"nofollow noopener\">Airalo<\/a> et <a href=\"https:\/\/maya.net\/esim\/denmark?pid=48fhb2345dg6\" target=\"_blank\" rel=\"nofollow noopener\">Maya<\/a> pour obtenir les meilleures offres<\/li>\n<\/ul>\n<\/li>\n<li><strong>Appels et SMS<\/strong>\n<ul>\n<li><a href=\"https:\/\/simoptions.sjv.io\/YRdxRr\" target=\"_blank\" rel=\"nofollow noopener\">Orange<\/a> est la meilleure option avec des appels et des SMS illimit\u00e9s<\/li>\n<li><a href=\"https:\/\/holafly.sjv.io\/kORPX3\" target=\"_blank\" rel=\"nofollow noopener\">Holafly<\/a> avec donn\u00e9es illimit\u00e9es et appels seulement<\/li>\n<\/ul>\n<\/li>\n<\/ul>\n<p>Nous avons fait les choix ci-dessus \u00e0 plusieurs reprises et avons \u00e9t\u00e9 tr\u00e8s satisfaits des plans que nous avons obtenus. Il vous suffit de savoir combien de donn\u00e9es vous utilisez habituellement par jour, si vous n&rsquo;achetez pas un forfait illimit\u00e9. Les autres choix sont simples !<\/p>\n","protected":false},"excerpt":{"rendered":"<p>Une carte eSIM est un moyen abordable et facile de vous assurer une couverture r\u00e9seau et un acc\u00e8s \u00e0 l&rsquo;internet pendant votre voyage au Danemark. C&rsquo;est beaucoup moins cher que l&rsquo;itin\u00e9rance des donn\u00e9es, et c&rsquo;est donc la meilleure option pour les voyageurs qui veulent toujours avoir acc\u00e8s \u00e0 l&rsquo;internet. Il est m\u00eame possible d&rsquo;obtenir une [&hellip;]<\/p>\n","protected":false},"author":6,"featured_media":3140872,"parent":0,"menu_order":0,"comment_status":"closed","ping_status":"closed","template":"best-esim-template.php","meta":{"_lmt_disableupdate":"no","_lmt_disable":""},"categories":[600326,600181],"acf":[],"_links":{"self":[{"href":"https:\/\/expertworldtravel.com\/fr\/wp-json\/wp\/v2\/pages\/3141270"}],"collection":[{"href":"https:\/\/expertworldtravel.com\/fr\/wp-json\/wp\/v2\/pages"}],"about":[{"href":"https:\/\/expertworldtravel.com\/fr\/wp-json\/wp\/v2\/types\/page"}],"author":[{"embeddable":true,"href":"https:\/\/expertworldtravel.com\/fr\/wp-json\/wp\/v2\/users\/6"}],"replies":[{"embeddable":true,"href":"https:\/\/expertworldtravel.com\/fr\/wp-json\/wp\/v2\/comments?post=3141270"}],"version-history":[{"count":4,"href":"https:\/\/expertworldtravel.com\/fr\/wp-json\/wp\/v2\/pages\/3141270\/revisions"}],"predecessor-version":[{"id":3142168,"href":"https:\/\/expertworldtravel.com\/fr\/wp-json\/wp\/v2\/pages\/3141270\/revisions\/3142168"}],"wp:featuredmedia":[{"embeddable":true,"href":"https:\/\/expertworldtravel.com\/fr\/wp-json\/wp\/v2\/media\/3140872"}],"wp:attachment":[{"href":"https:\/\/expertworldtravel.com\/fr\/wp-json\/wp\/v2\/media?parent=3141270"}],"wp:term":[{"taxonomy":"category","embeddable":true,"href":"https:\/\/expertworldtravel.com\/fr\/wp-json\/wp\/v2\/categories?post=3141270"}],"curies":[{"name":"wp","href":"https:\/\/api.w.org\/{rel}","templated":true}]}}