{"id":3141394,"date":"2023-04-25T10:21:26","date_gmt":"2023-04-25T10:21:26","guid":{"rendered":"https:\/\/expertworldtravel.com\/esim-egypte\/"},"modified":"2025-01-08T11:59:01","modified_gmt":"2025-01-08T11:59:01","slug":"esim-egypte","status":"publish","type":"page","link":"https:\/\/expertworldtravel.com\/fr\/esim-egypte\/","title":{"rendered":"Meilleure eSIM pour l&rsquo;\u00c9gypte (Restez connect\u00e9 lorsque vous voyagez)"},"content":{"rendered":"<p>Vous recherchez une carte eSIM pour l&rsquo;\u00c9gypte ?<br \/>\nAlors vous \u00eates au bon endroit car ce guide d\u00e9taill\u00e9 vous dira tout sur les meilleures options eSIM pour l&rsquo;Egypte !<br \/>\nQuel que soit l&rsquo;endroit o\u00f9 vous voyagez, c&rsquo;est toujours une bonne id\u00e9e de <a href=\"https:\/\/expertworldtravel.com\/best-esim-international-travel\/\" target=\"_blank\" rel=\"noopener\">vous procurer une eSIM de voyage<\/a>.<br \/>\nL&rsquo;\u00c9gypte ne fait pas exception, principalement parce que le pays ne dispose pas d&rsquo;une grande couverture WiFi gratuite et que vous aurez besoin d&rsquo;un forfait local pour acc\u00e9der \u00e0 l&rsquo;internet quand vous le souhaitez. <\/p>\n<h2>Choisir la meilleure eSIM \u00e9gyptienne<\/h2>\n<p>La difficult\u00e9 de trouver une carte eSIM en \u00c9gypte est le prix.<br \/>\nBien que j&rsquo;aie \u00e9t\u00e9 tent\u00e9 d&rsquo;obtenir une carte SIM \u00e0 l&rsquo;atterrissage, je savais que l&rsquo;exp\u00e9rience serait p\u00e9nible.<br \/>\nJ&rsquo;ai donc opt\u00e9 pour un m\u00e9lange d&rsquo;Airalo et d&rsquo;Holafly, en fonction de ma consommation de donn\u00e9es.<br \/>\nBien s\u00fbr, c&rsquo;est dans notre h\u00f4tel que nous avons utilis\u00e9 le plus de donn\u00e9es, le soir, apr\u00e8s avoir pass\u00e9 la journ\u00e9e \u00e0 visiter les pyramides ou \u00e0 faire une croisi\u00e8re.<br \/>\nHonn\u00eatement, nous n&rsquo;avions pas besoin de donn\u00e9es illimit\u00e9es.<br \/>\nMais si vous \u00eates souvent sur Insta ou si vous regardez beaucoup de vid\u00e9os, vos choix peuvent \u00eatre diff\u00e9rents.<br \/>\nVoici les deux meilleures options que nous avons trouv\u00e9es en \u00c9gypte :  <\/p>\n<ul>\n<li><a href=\"https:\/\/maya.net\/esim\/egypt?pid=48fhb2345dg6\" target=\"_blank\" rel=\"noopener\">Maya Mobile<\/a> pour les forfaits pr\u00e9pay\u00e9s les moins chers<\/li>\n<li><a href=\"https:\/\/holafly.sjv.io\/3J7knB\" target=\"_blank\" rel=\"nofollow noopener\">Holafly<\/a> pour des donn\u00e9es illimit\u00e9es<\/li>\n<\/ul>\n","protected":false},"excerpt":{"rendered":"<p>Vous recherchez une carte eSIM pour l&rsquo;\u00c9gypte ? Alors vous \u00eates au bon endroit car ce guide d\u00e9taill\u00e9 vous dira tout sur les meilleures options eSIM pour l&rsquo;Egypte ! Quel que soit l&rsquo;endroit o\u00f9 vous voyagez, c&rsquo;est toujours une bonne id\u00e9e de vous procurer une eSIM de voyage. L&rsquo;\u00c9gypte ne fait pas exception, principalement parce [&hellip;]<\/p>\n","protected":false},"author":6,"featured_media":3134017,"parent":0,"menu_order":0,"comment_status":"closed","ping_status":"closed","template":"best-esim-template.php","meta":{"_lmt_disableupdate":"","_lmt_disable":""},"categories":[600287,600181],"acf":[],"_links":{"self":[{"href":"https:\/\/expertworldtravel.com\/fr\/wp-json\/wp\/v2\/pages\/3141394"}],"collection":[{"href":"https:\/\/expertworldtravel.com\/fr\/wp-json\/wp\/v2\/pages"}],"about":[{"href":"https:\/\/expertworldtravel.com\/fr\/wp-json\/wp\/v2\/types\/page"}],"author":[{"embeddable":true,"href":"https:\/\/expertworldtravel.com\/fr\/wp-json\/wp\/v2\/users\/6"}],"replies":[{"embeddable":true,"href":"https:\/\/expertworldtravel.com\/fr\/wp-json\/wp\/v2\/comments?post=3141394"}],"version-history":[{"count":4,"href":"https:\/\/expertworldtravel.com\/fr\/wp-json\/wp\/v2\/pages\/3141394\/revisions"}],"predecessor-version":[{"id":3142104,"href":"https:\/\/expertworldtravel.com\/fr\/wp-json\/wp\/v2\/pages\/3141394\/revisions\/3142104"}],"wp:featuredmedia":[{"embeddable":true,"href":"https:\/\/expertworldtravel.com\/fr\/wp-json\/wp\/v2\/media\/3134017"}],"wp:attachment":[{"href":"https:\/\/expertworldtravel.com\/fr\/wp-json\/wp\/v2\/media?parent=3141394"}],"wp:term":[{"taxonomy":"category","embeddable":true,"href":"https:\/\/expertworldtravel.com\/fr\/wp-json\/wp\/v2\/categories?post=3141394"}],"curies":[{"name":"wp","href":"https:\/\/api.w.org\/{rel}","templated":true}]}}