{"id":3141664,"date":"2023-03-26T15:35:57","date_gmt":"2023-03-26T15:35:57","guid":{"rendered":"https:\/\/expertworldtravel.com\/nouvelle-zelande\/"},"modified":"2024-12-19T10:38:19","modified_gmt":"2024-12-19T10:38:19","slug":"nouvelle-zelande","status":"publish","type":"page","link":"https:\/\/expertworldtravel.com\/fr\/nouvelle-zelande\/","title":{"rendered":"Meilleure eSIM pour la Nouvelle-Z\u00e9lande (options locales et internationales)"},"content":{"rendered":"<p class=\"ifp\">Besoin d&rsquo;une eSim pour un voyage en Nouvelle-Z\u00e9lande ? Alors vous \u00eates au bon endroit car ce guide d\u00e9taill\u00e9 explore toutes les meilleures options pour les eSims en Nouvelle-Z\u00e9lande ! <\/p>\n<p>Que vous ayez besoin de quelques Go de donn\u00e9es mobiles pour un court voyage ou que vous recherchiez une eSim avec les fonctionnalit\u00e9s d&rsquo;une carte SIM physique, vous trouverez ici tout ce que vous devez savoir sur les eSims pour la Nouvelle-Z\u00e9lande. Continuez \u00e0 lire pour d\u00e9couvrir les options qui s&rsquo;offrent \u00e0 vous lorsqu&rsquo;il s&rsquo;agit d&rsquo;une eSim pour la Nouvelle-Z\u00e9lande ! <\/p>\n","protected":false},"excerpt":{"rendered":"<p>Besoin d&rsquo;une eSim pour un voyage en Nouvelle-Z\u00e9lande ? Alors vous \u00eates au bon endroit car ce guide d\u00e9taill\u00e9 explore toutes les meilleures options pour les eSims en Nouvelle-Z\u00e9lande ! Que vous ayez besoin de quelques Go de donn\u00e9es mobiles pour un court voyage ou que vous recherchiez une eSim avec les fonctionnalit\u00e9s d&rsquo;une carte [&hellip;]<\/p>\n","protected":false},"author":2,"featured_media":0,"parent":0,"menu_order":0,"comment_status":"closed","ping_status":"closed","template":"best-esim-template.php","meta":{"_lmt_disableupdate":"","_lmt_disable":""},"categories":[],"acf":[],"_links":{"self":[{"href":"https:\/\/expertworldtravel.com\/fr\/wp-json\/wp\/v2\/pages\/3141664"}],"collection":[{"href":"https:\/\/expertworldtravel.com\/fr\/wp-json\/wp\/v2\/pages"}],"about":[{"href":"https:\/\/expertworldtravel.com\/fr\/wp-json\/wp\/v2\/types\/page"}],"author":[{"embeddable":true,"href":"https:\/\/expertworldtravel.com\/fr\/wp-json\/wp\/v2\/users\/2"}],"replies":[{"embeddable":true,"href":"https:\/\/expertworldtravel.com\/fr\/wp-json\/wp\/v2\/comments?post=3141664"}],"version-history":[{"count":0,"href":"https:\/\/expertworldtravel.com\/fr\/wp-json\/wp\/v2\/pages\/3141664\/revisions"}],"wp:attachment":[{"href":"https:\/\/expertworldtravel.com\/fr\/wp-json\/wp\/v2\/media?parent=3141664"}],"wp:term":[{"taxonomy":"category","embeddable":true,"href":"https:\/\/expertworldtravel.com\/fr\/wp-json\/wp\/v2\/categories?post=3141664"}],"curies":[{"name":"wp","href":"https:\/\/api.w.org\/{rel}","templated":true}]}}