{"id":3141718,"date":"2023-08-29T09:49:39","date_gmt":"2023-08-29T09:49:39","guid":{"rendered":"https:\/\/expertworldtravel.com\/esim-mexique-2\/"},"modified":"2025-01-08T10:53:04","modified_gmt":"2025-01-08T10:53:04","slug":"esim-mexique-2","status":"publish","type":"page","link":"https:\/\/expertworldtravel.com\/fr\/esim-mexique-2\/","title":{"rendered":"4 meilleures eSIM pour le Mexique 2025 (donn\u00e9es pr\u00e9pay\u00e9es abordables)"},"content":{"rendered":"<p>Vous avez du mal \u00e0 trouver la carte eSIM id\u00e9ale pour le Mexique ? Une eSIM est l&rsquo;un des moyens les plus faciles d&rsquo;obtenir un acc\u00e8s \u00e0 l&rsquo;Internet mobile lorsque vous voyagez au Mexique. Au lieu de perdre du temps \u00e0 obtenir une carte SIM locale au Mexique \u00e0 votre arriv\u00e9e, vous pouvez obtenir une eSIM d\u00e8s maintenant et passer un bon moment. Vous trouverez ci-dessous les meilleures eSIM pour tous ceux qui voyagent au Mexique et qui souhaitent b\u00e9n\u00e9ficier d&rsquo;une excellente connexion de donn\u00e9es.<\/p>\n<div class=\"highlight-box\">\n<h3 style=\"text-align: center;\">Choisir l&rsquo;eSIM mexicaine id\u00e9ale<\/h3>\n<p>Fort de ma r\u00e9cente exp\u00e9rience de voyageur autour du monde, je souhaite partager avec vous la mani\u00e8re la plus simple de choisir une eSIM pour votre voyage au Mexique. Cela se r\u00e9sume \u00e0 quelques questions simples sur les caract\u00e9ristiques dont vous avez besoin pour votre eSIM : <\/p>\n<ul>\n<li>Donn\u00e9es illimit\u00e9es &#8211; <a href=\"https:\/\/holafly.sjv.io\/mO4jea\" target=\"_blank\" rel=\"nofollow noopener\">Holafly<\/a><\/li>\n<li>Paquets de Go plus petits pour une utilisation occasionnelle &#8211; <a href=\"https:\/\/maya.net\/esim\/mexico?pid=48fhb2345dg6\" target=\"_blank\" rel=\"nofollow noopener\">Maya Mobile<\/a> ou <a href=\"https:\/\/www.getnomad.app\/mexico-eSIM?rfsn=7045778.947b00\" target=\"_blank\" rel=\"nofollow noopener\">Nomad<\/a><\/li>\n<li>Partage de donn\u00e9es (Hotspot\/Tethering) &#8211; <a href=\"https:\/\/maya.net\/esim\/mexico?pid=48fhb2345dg6\" target=\"_blank\" rel=\"nofollow noopener\">Maya Mobile<\/a>, <a href=\"https:\/\/www.getnomad.app\/mexico-eSIM?rfsn=7045778.947b00\" target=\"_blank\" rel=\"noopener\">Nomad<\/a> ou <a href=\"https:\/\/holafly.sjv.io\/QjYABx\" target=\"_blank\" rel=\"nofollow noopener\">Holalfly (limit\u00e9 \u00e0 500 Mo)<\/a><\/li>\n<li>Plans r\u00e9gionaux en Am\u00e9rique du Nord &#8211; <a href=\"https:\/\/maya.net\/plans\/latin-america?pid=48fhb2345dg6\" target=\"_blank\" rel=\"noopener\">Maya Mobile<\/a>, <a href=\"https:\/\/holafly.sjv.io\/mO4jea\" target=\"_blank\" rel=\"nofollow noopener\">Holalfly<\/a> (illimit\u00e9), <a href=\"https:\/\/www.getnomad.app\/north-america-eSIM?rfsn=7045778.947b00\" target=\"_blank\" rel=\"nofollow noopener\">Nomad<\/a><\/li>\n<\/ul>\n<\/div>\n","protected":false},"excerpt":{"rendered":"<p>Vous avez du mal \u00e0 trouver la carte eSIM id\u00e9ale pour le Mexique ? Une eSIM est l&rsquo;un des moyens les plus faciles d&rsquo;obtenir un acc\u00e8s \u00e0 l&rsquo;Internet mobile lorsque vous voyagez au Mexique. Au lieu de perdre du temps \u00e0 obtenir une carte SIM locale au Mexique \u00e0 votre arriv\u00e9e, vous pouvez obtenir une [&hellip;]<\/p>\n","protected":false},"author":2,"featured_media":0,"parent":0,"menu_order":0,"comment_status":"closed","ping_status":"closed","template":"best-esim-template.php","meta":{"_lmt_disableupdate":"","_lmt_disable":""},"categories":[600326,600226],"acf":[],"_links":{"self":[{"href":"https:\/\/expertworldtravel.com\/fr\/wp-json\/wp\/v2\/pages\/3141718"}],"collection":[{"href":"https:\/\/expertworldtravel.com\/fr\/wp-json\/wp\/v2\/pages"}],"about":[{"href":"https:\/\/expertworldtravel.com\/fr\/wp-json\/wp\/v2\/types\/page"}],"author":[{"embeddable":true,"href":"https:\/\/expertworldtravel.com\/fr\/wp-json\/wp\/v2\/users\/2"}],"replies":[{"embeddable":true,"href":"https:\/\/expertworldtravel.com\/fr\/wp-json\/wp\/v2\/comments?post=3141718"}],"version-history":[{"count":1,"href":"https:\/\/expertworldtravel.com\/fr\/wp-json\/wp\/v2\/pages\/3141718\/revisions"}],"predecessor-version":[{"id":3142093,"href":"https:\/\/expertworldtravel.com\/fr\/wp-json\/wp\/v2\/pages\/3141718\/revisions\/3142093"}],"wp:attachment":[{"href":"https:\/\/expertworldtravel.com\/fr\/wp-json\/wp\/v2\/media?parent=3141718"}],"wp:term":[{"taxonomy":"category","embeddable":true,"href":"https:\/\/expertworldtravel.com\/fr\/wp-json\/wp\/v2\/categories?post=3141718"}],"curies":[{"name":"wp","href":"https:\/\/api.w.org\/{rel}","templated":true}]}}