{"id":3141739,"date":"2023-02-07T13:33:08","date_gmt":"2023-02-07T13:33:08","guid":{"rendered":"https:\/\/expertworldtravel.com\/esim-asie\/"},"modified":"2025-01-21T10:02:45","modified_gmt":"2025-01-21T10:02:45","slug":"esim-asie","status":"publish","type":"page","link":"https:\/\/expertworldtravel.com\/fr\/esim-asie\/","title":{"rendered":"Meilleure eSIM pour l&rsquo;Asie en 2025 (Affordable Data)"},"content":{"rendered":"<p class=\"ifp\">Vous voyagez en Asie et vous souhaitez disposer de donn\u00e9es pour votre t\u00e9l\u00e9phone \u00e0 votre arriv\u00e9e ? La carte eSIM est la solution id\u00e9ale pour r\u00e9soudre ce probl\u00e8me. Je peux vous le dire par exp\u00e9rience.  <\/p>\n<p class=\"ifp\">Que vous ayez besoin d&rsquo;un acc\u00e8s \u00e0 Internet pour une semaine ou un mois, il existe une eSIM pour l&rsquo;Asie qui conviendra \u00e0 votre prochain voyage. Dans ce guide d\u00e9taill\u00e9, nous vous pr\u00e9sentons les meilleures options eSIM pour l&rsquo;Asie ! <\/p>\n<p>  J&rsquo;ai \u00e9galement inclus les meilleurs plans r\u00e9gionaux pour l&rsquo;Asie, au cas o\u00f9 vous pr\u00e9voyez de visiter plus d&rsquo;un pays dans la r\u00e9gion. La compatibilit\u00e9 des appareils, la prise en charge des eSIM et les conseils d&rsquo;utilisation des eSIM en Asie sont tous inclus dans ce guide, alors continuez \u00e0 lire pour d\u00e9couvrir les meilleures options eSIM pour l&rsquo;Asie ! <\/p>\n<h2><span id=\"Benefits_of_Getting_an_eSIM_for_Asia\">Avantages de l&rsquo;obtention d&rsquo;une eSIM pour l&rsquo;Asie<\/span><\/h2>\n<p>Le principal avantage d&rsquo;une carte eSIM pour l&rsquo;Asie est qu&rsquo;elle vous permet d&rsquo;acc\u00e9der facilement \u00e0 l&rsquo;internet chaque fois que vous en avez besoin. Vous n&rsquo;avez pas besoin d&rsquo;utiliser l&rsquo;itin\u00e9rance des donn\u00e9es, qui est g\u00e9n\u00e9ralement tr\u00e8s co\u00fbteuse pour des quantit\u00e9s de donn\u00e9es ridiculement faibles. Vous n&rsquo;avez pas non plus \u00e0 errer dans une ville \u00e9trang\u00e8re \u00e0 la recherche d&rsquo;une carte SIM internationale pour l&rsquo;Asie, puisque vous pouvez facilement acheter et configurer une eSIM en ligne. Et si vous achetez un plan de donn\u00e9es eSIM aupr\u00e8s d&rsquo;un fournisseur qui autorise le partage de donn\u00e9es, c&rsquo;est comme si vous disposiez d&rsquo;un WiFi de poche. Vous pouvez connecter vos autres appareils et partager l&rsquo;internet, ce qui est formidable. <\/p>\n","protected":false},"excerpt":{"rendered":"<p>Vous voyagez en Asie et vous souhaitez disposer de donn\u00e9es pour votre t\u00e9l\u00e9phone \u00e0 votre arriv\u00e9e ? La carte eSIM est la solution id\u00e9ale pour r\u00e9soudre ce probl\u00e8me. Je peux vous le dire par exp\u00e9rience. Que vous ayez besoin d&rsquo;un acc\u00e8s \u00e0 Internet pour une semaine ou un mois, il existe une eSIM pour l&rsquo;Asie [&hellip;]<\/p>\n","protected":false},"author":2,"featured_media":0,"parent":0,"menu_order":0,"comment_status":"closed","ping_status":"closed","template":"best-template.php","meta":{"_lmt_disableupdate":"","_lmt_disable":""},"categories":[],"acf":[],"_links":{"self":[{"href":"https:\/\/expertworldtravel.com\/fr\/wp-json\/wp\/v2\/pages\/3141739"}],"collection":[{"href":"https:\/\/expertworldtravel.com\/fr\/wp-json\/wp\/v2\/pages"}],"about":[{"href":"https:\/\/expertworldtravel.com\/fr\/wp-json\/wp\/v2\/types\/page"}],"author":[{"embeddable":true,"href":"https:\/\/expertworldtravel.com\/fr\/wp-json\/wp\/v2\/users\/2"}],"replies":[{"embeddable":true,"href":"https:\/\/expertworldtravel.com\/fr\/wp-json\/wp\/v2\/comments?post=3141739"}],"version-history":[{"count":1,"href":"https:\/\/expertworldtravel.com\/fr\/wp-json\/wp\/v2\/pages\/3141739\/revisions"}],"predecessor-version":[{"id":3141832,"href":"https:\/\/expertworldtravel.com\/fr\/wp-json\/wp\/v2\/pages\/3141739\/revisions\/3141832"}],"wp:attachment":[{"href":"https:\/\/expertworldtravel.com\/fr\/wp-json\/wp\/v2\/media?parent=3141739"}],"wp:term":[{"taxonomy":"category","embeddable":true,"href":"https:\/\/expertworldtravel.com\/fr\/wp-json\/wp\/v2\/categories?post=3141739"}],"curies":[{"name":"wp","href":"https:\/\/api.w.org\/{rel}","templated":true}]}}