{"id":3141824,"date":"2023-09-26T14:38:07","date_gmt":"2023-09-26T14:38:07","guid":{"rendered":"https:\/\/expertworldtravel.com\/esim-laos\/"},"modified":"2024-12-24T09:42:34","modified_gmt":"2024-12-24T09:42:34","slug":"esim-laos","status":"publish","type":"page","link":"https:\/\/expertworldtravel.com\/fr\/esim-laos\/","title":{"rendered":"Meilleure eSIM pour le Laos (donn\u00e9es \u00e0 bas prix)"},"content":{"rendered":"<p>Acheter une eSIM \u00e0 utiliser pendant votre s\u00e9jour au Laos est une bonne id\u00e9e si vous souhaitez b\u00e9n\u00e9ficier d&rsquo;un acc\u00e8s \u00e0 Internet bon march\u00e9 pendant vos vacances. Un plan de donn\u00e9es eSIM est toujours moins cher que les donn\u00e9es en itin\u00e9rance, et il offre g\u00e9n\u00e9ralement une connexion Internet plus stable. J&rsquo;ai examin\u00e9 et compar\u00e9 les forfaits eSIM pour le Laos de tous les principaux fournisseurs d&rsquo;eSIM, afin que vous puissiez facilement trouver la meilleure option pour vous. Cette revue d\u00e9taill\u00e9e des meilleures eSIM pour le Laos comprend des forfaits hebdomadaires, des forfaits mensuels et m\u00eame des eSIM avec une couverture r\u00e9gionale en Asie et des num\u00e9ros de t\u00e9l\u00e9phone. Il y a des options pour tout le monde, alors rejoignez-moi pour que je vous guide \u00e0 travers toutes les options pour une eSIM Laos !<\/p>\n","protected":false},"excerpt":{"rendered":"<p>Acheter une eSIM \u00e0 utiliser pendant votre s\u00e9jour au Laos est une bonne id\u00e9e si vous souhaitez b\u00e9n\u00e9ficier d&rsquo;un acc\u00e8s \u00e0 Internet bon march\u00e9 pendant vos vacances. Un plan de donn\u00e9es eSIM est toujours moins cher que les donn\u00e9es en itin\u00e9rance, et il offre g\u00e9n\u00e9ralement une connexion Internet plus stable. J&rsquo;ai examin\u00e9 et compar\u00e9 les [&hellip;]<\/p>\n","protected":false},"author":2,"featured_media":3140706,"parent":0,"menu_order":0,"comment_status":"closed","ping_status":"closed","template":"best-esim-template.php","meta":{"_lmt_disableupdate":"","_lmt_disable":""},"categories":[600326,600181],"acf":[],"_links":{"self":[{"href":"https:\/\/expertworldtravel.com\/fr\/wp-json\/wp\/v2\/pages\/3141824"}],"collection":[{"href":"https:\/\/expertworldtravel.com\/fr\/wp-json\/wp\/v2\/pages"}],"about":[{"href":"https:\/\/expertworldtravel.com\/fr\/wp-json\/wp\/v2\/types\/page"}],"author":[{"embeddable":true,"href":"https:\/\/expertworldtravel.com\/fr\/wp-json\/wp\/v2\/users\/2"}],"replies":[{"embeddable":true,"href":"https:\/\/expertworldtravel.com\/fr\/wp-json\/wp\/v2\/comments?post=3141824"}],"version-history":[{"count":0,"href":"https:\/\/expertworldtravel.com\/fr\/wp-json\/wp\/v2\/pages\/3141824\/revisions"}],"wp:featuredmedia":[{"embeddable":true,"href":"https:\/\/expertworldtravel.com\/fr\/wp-json\/wp\/v2\/media\/3140706"}],"wp:attachment":[{"href":"https:\/\/expertworldtravel.com\/fr\/wp-json\/wp\/v2\/media?parent=3141824"}],"wp:term":[{"taxonomy":"category","embeddable":true,"href":"https:\/\/expertworldtravel.com\/fr\/wp-json\/wp\/v2\/categories?post=3141824"}],"curies":[{"name":"wp","href":"https:\/\/api.w.org\/{rel}","templated":true}]}}